{"id":55688,"date":"2025-12-16T12:53:21","date_gmt":"2025-12-16T11:53:21","guid":{"rendered":"https:\/\/antart.com.pl\/?post_type=product&#038;p=55688"},"modified":"2025-12-14T13:10:46","modified_gmt":"2025-12-14T12:10:46","slug":"krysztalowa-gruszka-miseczka-w-stylu-vintage","status":"publish","type":"product","link":"https:\/\/antart.com.pl\/en\/produkt\/krysztalowa-gruszka-miseczka-w-stylu-vintage\/","title":{"rendered":"Crystal pear, vintage-style bowl"},"content":{"rendered":"<h4 style=\"text-align: center;\"><em><strong>Crystal pear, vintage-style bowl<\/strong><\/em><\/h4>\n<h4 style=\"text-align: center;\"><em><strong>Kryszta\u0142owa miska w kszta\u0142cie gruszki w stylu vintage. Przedmiot ma delikatny, przezroczysty wygl\u0105d, kt\u00f3ry nadaje mu elegancki charakter. Mo\u017ce by\u0107 wykorzystywana jako dekoracja lub do przechowywania drobnych przedmiot\u00f3w.<\/strong><\/em><\/h4>\n<h4><em><strong>Dimensions<\/strong><\/em><\/h4>\n<ul>\n<li>\n<h4><em><strong>Height: 3.5cm.<\/strong><\/em><\/h4>\n<\/li>\n<li>\n<h4><em><strong>Length: 17.5cm.<\/strong><\/em><\/h4>\n<\/li>\n<li>\n<h4><em><strong>Width: 11cm.<\/strong><\/em><\/h4>\n<\/li>\n<\/ul>\n<h4 style=\"text-align: center;\"><em><strong>The photos show the actual state of the object<\/strong><\/em><\/h4>\n<h4 style=\"text-align: center;\"><em><strong>Additional photos upon request<\/strong><\/em><\/h4>\n<h4 style=\"text-align: center;\"><em><strong>All our items on display are available in our warehouse.<\/strong><\/em><\/h4>\n<h4 style=\"text-align: center;\"><em><strong>Can be viewed by appointment.<\/strong><\/em><\/h4>\n<h4><em><strong>Nr. 10481<\/strong><\/em><\/h4>","protected":false},"excerpt":{"rendered":"<p>Kryszta\u0142owa gruszka, miseczka w stylu vintage Kryszta\u0142owa miska w kszta\u0142cie gruszki w stylu vintage. Przedmiot ma delikatny, przezroczysty wygl\u0105d, kt\u00f3ry nadaje mu elegancki charakter. Mo\u017ce by\u0107 wykorzystywana jako dekoracja lub do przechowywania drobnych przedmiot\u00f3w. Wymiary Wysoko\u015b\u0107: 3,5cm. D\u0142ugo\u015b\u0107: 17,5cm. Szeroko\u015b\u0107: 11cm. Zdj\u0119cia przedstawiaj\u0105 stan faktyczny przedmiotu Dodatkowe zdj\u0119cia na pro\u015bb\u0119 zainteresowanych Wszystkie nasze przedmioty wystawione [&hellip;]<\/p>\n","protected":false},"featured_media":55661,"template":"","meta":{"_seopress_robots_primary_cat":"","_seopress_titles_title":"","_seopress_titles_desc":"","_seopress_robots_index":"","site-sidebar-layout":"default","site-content-layout":"","ast-site-content-layout":"default","site-content-style":"default","site-sidebar-style":"default","ast-global-header-display":"","ast-banner-title-visibility":"","ast-main-header-display":"","ast-hfb-above-header-display":"","ast-hfb-below-header-display":"","ast-hfb-mobile-header-display":"","site-post-title":"","ast-breadcrumbs-content":"","ast-featured-img":"","footer-sml-layout":"","ast-disable-related-posts":"","theme-transparent-header-meta":"default","adv-header-id-meta":"","stick-header-meta":"default","header-above-stick-meta":"","header-main-stick-meta":"","header-below-stick-meta":"","astra-migrate-meta-layouts":"set","ast-page-background-enabled":"default","ast-page-background-meta":{"desktop":{"background-color":"var(--ast-global-color-4)","background-image":"","background-repeat":"repeat","background-position":"center center","background-size":"auto","background-attachment":"scroll","background-type":"","background-media":"","overlay-type":"","overlay-color":"","overlay-opacity":"","overlay-gradient":""},"tablet":{"background-color":"","background-image":"","background-repeat":"repeat","background-position":"center center","background-size":"auto","background-attachment":"scroll","background-type":"","background-media":"","overlay-type":"","overlay-color":"","overlay-opacity":"","overlay-gradient":""},"mobile":{"background-color":"","background-image":"","background-repeat":"repeat","background-position":"center center","background-size":"auto","background-attachment":"scroll","background-type":"","background-media":"","overlay-type":"","overlay-color":"","overlay-opacity":"","overlay-gradient":""}},"ast-content-background-meta":{"desktop":{"background-color":"var(--ast-global-color-5)","background-image":"","background-repeat":"repeat","background-position":"center center","background-size":"auto","background-attachment":"scroll","background-type":"","background-media":"","overlay-type":"","overlay-color":"","overlay-opacity":"","overlay-gradient":""},"tablet":{"background-color":"var(--ast-global-color-5)","background-image":"","background-repeat":"repeat","background-position":"center center","background-size":"auto","background-attachment":"scroll","background-type":"","background-media":"","overlay-type":"","overlay-color":"","overlay-opacity":"","overlay-gradient":""},"mobile":{"background-color":"var(--ast-global-color-5)","background-image":"","background-repeat":"repeat","background-position":"center center","background-size":"auto","background-attachment":"scroll","background-type":"","background-media":"","overlay-type":"","overlay-color":"","overlay-opacity":"","overlay-gradient":""}}},"product_brand":[],"product_cat":[27,24,26,61],"product_tag":[],"class_list":{"0":"post-55688","1":"product","2":"type-product","3":"status-publish","4":"has-post-thumbnail","6":"product_cat-dekoracyjne","7":"product_cat-kuchnia","8":"product_cat-polmisek","9":"product_cat-szklo-krysztaly","10":"product_shipping_class-wysylka-19zl","11":"desktop-align-left","12":"tablet-align-left","13":"mobile-align-left","14":"ast-product-gallery-layout-vertical-slider","15":"ast-product-tabs-layout-horizontal","16":"ast-qv-on-image","18":"first","19":"instock","20":"sold-individually","21":"shipping-taxable","22":"purchasable","23":"product-type-simple"},"_links":{"self":[{"href":"https:\/\/antart.com.pl\/en\/wp-json\/wp\/v2\/product\/55688","targetHints":{"allow":["GET"]}}],"collection":[{"href":"https:\/\/antart.com.pl\/en\/wp-json\/wp\/v2\/product"}],"about":[{"href":"https:\/\/antart.com.pl\/en\/wp-json\/wp\/v2\/types\/product"}],"wp:featuredmedia":[{"embeddable":true,"href":"https:\/\/antart.com.pl\/en\/wp-json\/wp\/v2\/media\/55661"}],"wp:attachment":[{"href":"https:\/\/antart.com.pl\/en\/wp-json\/wp\/v2\/media?parent=55688"}],"wp:term":[{"taxonomy":"product_brand","embeddable":true,"href":"https:\/\/antart.com.pl\/en\/wp-json\/wp\/v2\/product_brand?post=55688"},{"taxonomy":"product_cat","embeddable":true,"href":"https:\/\/antart.com.pl\/en\/wp-json\/wp\/v2\/product_cat?post=55688"},{"taxonomy":"product_tag","embeddable":true,"href":"https:\/\/antart.com.pl\/en\/wp-json\/wp\/v2\/product_tag?post=55688"}],"curies":[{"name":"wp","href":"https:\/\/api.w.org\/{rel}","templated":true}]}}