{"id":56398,"date":"2025-12-21T10:44:17","date_gmt":"2025-12-21T09:44:17","guid":{"rendered":"https:\/\/antart.com.pl\/?post_type=product&#038;p=56398"},"modified":"2025-12-21T10:44:18","modified_gmt":"2025-12-21T09:44:18","slug":"decorative-crystal-vase-gcha","status":"publish","type":"product","link":"https:\/\/antart.com.pl\/en\/produkt\/wazon-dekoracyjny-krysztalowy-gcha\/","title":{"rendered":"GCHA decorative crystal vase"},"content":{"rendered":"<h4 style=\"text-align: center;\"><em><strong>GCHA decorative crystal vase<\/strong><\/em><\/h4>\n<h4 style=\"text-align: center;\"><em><strong>Elegant crystal decorative vase with GCHA logo. The perfect addition to any interior to give it a unique touch.<\/strong><\/em><\/h4>\n<h4 style=\"text-align: center;\"><em><strong>Vintage style decorative vase made from high quality lead crystal glass.\u00a0<\/strong><\/em><\/h4>\n<h4 style=\"text-align: center;\"><em><strong>It is of the old-fashioned type, also known as tumbler or rocks glass.<\/strong><\/em><\/h4>\n<h4 style=\"text-align: center;\"><em><strong>It has a faceted base and smooth, straight sides.<\/strong><\/em><\/h4>\n<p>&nbsp;<\/p>\n<h4><em><strong>Dimensions<\/strong><\/em><\/h4>\n<ul>\n<li>\n<h4><em><strong>Height: 15cm.<\/strong><\/em><\/h4>\n<\/li>\n<li>\n<h4><em><strong>length: 13.5cm\u00a0<\/strong><\/em><\/h4>\n<\/li>\n<li>\n<h4><em><strong>width: 9cm<\/strong><\/em><\/h4>\n<\/li>\n<\/ul>\n<h4 style=\"text-align: center;\"><em><b>The photos show the actual state of the object<\/b><\/em><\/h4>\n<h4 style=\"text-align: center;\"><em><b>Additional photos upon request<\/b><\/em><\/h4>\n<h4 style=\"text-align: center;\"><em><b>All our items on display are available in our warehouse.<\/b><\/em><\/h4>\n<h4 style=\"text-align: center;\"><em><b>Can be viewed by appointment.<\/b><\/em><\/h4>\n<h4><em><strong>No. 10474<\/strong><\/em><\/h4>","protected":false},"excerpt":{"rendered":"<p>Wazon dekoracyjny kryszta\u0142owy GCHA Elegancka, kryszta\u0142owa waza dekoracyjna z logo GCHA. Idealny dodatek do ka\u017cdego wn\u0119trza, kt\u00f3ry nada mu niepowtarzalnego charakteru. Wazon dekoracyjny w stylu Vintage, wykonany z wysokiej jako\u015bci szk\u0142a kryszta\u0142owego o\u0142owiowego.\u00a0 Jest typu old-fashioned, znana r\u00f3wnie\u017c jako tumbler lub rocks glass. Posiada fasetowan\u0105 podstaw\u0119 i g\u0142adkie, proste boki. &nbsp; Wymiary Wysoko\u015b\u0107: 15cm. d\u0142ugo\u015b\u0107: [&hellip;]<\/p>\n","protected":false},"featured_media":56389,"template":"","meta":{"_seopress_robots_primary_cat":"","_seopress_titles_title":"","_seopress_titles_desc":"","_seopress_robots_index":"","site-sidebar-layout":"default","site-content-layout":"","ast-site-content-layout":"default","site-content-style":"default","site-sidebar-style":"default","ast-global-header-display":"","ast-banner-title-visibility":"","ast-main-header-display":"","ast-hfb-above-header-display":"","ast-hfb-below-header-display":"","ast-hfb-mobile-header-display":"","site-post-title":"","ast-breadcrumbs-content":"","ast-featured-img":"","footer-sml-layout":"","ast-disable-related-posts":"","theme-transparent-header-meta":"default","adv-header-id-meta":"","stick-header-meta":"default","header-above-stick-meta":"","header-main-stick-meta":"","header-below-stick-meta":"","astra-migrate-meta-layouts":"set","ast-page-background-enabled":"default","ast-page-background-meta":{"desktop":{"background-color":"var(--ast-global-color-4)","background-image":"","background-repeat":"repeat","background-position":"center center","background-size":"auto","background-attachment":"scroll","background-type":"","background-media":"","overlay-type":"","overlay-color":"","overlay-opacity":"","overlay-gradient":""},"tablet":{"background-color":"","background-image":"","background-repeat":"repeat","background-position":"center center","background-size":"auto","background-attachment":"scroll","background-type":"","background-media":"","overlay-type":"","overlay-color":"","overlay-opacity":"","overlay-gradient":""},"mobile":{"background-color":"","background-image":"","background-repeat":"repeat","background-position":"center center","background-size":"auto","background-attachment":"scroll","background-type":"","background-media":"","overlay-type":"","overlay-color":"","overlay-opacity":"","overlay-gradient":""}},"ast-content-background-meta":{"desktop":{"background-color":"var(--ast-global-color-5)","background-image":"","background-repeat":"repeat","background-position":"center center","background-size":"auto","background-attachment":"scroll","background-type":"","background-media":"","overlay-type":"","overlay-color":"","overlay-opacity":"","overlay-gradient":""},"tablet":{"background-color":"var(--ast-global-color-5)","background-image":"","background-repeat":"repeat","background-position":"center center","background-size":"auto","background-attachment":"scroll","background-type":"","background-media":"","overlay-type":"","overlay-color":"","overlay-opacity":"","overlay-gradient":""},"mobile":{"background-color":"var(--ast-global-color-5)","background-image":"","background-repeat":"repeat","background-position":"center center","background-size":"auto","background-attachment":"scroll","background-type":"","background-media":"","overlay-type":"","overlay-color":"","overlay-opacity":"","overlay-gradient":""}}},"product_brand":[],"product_cat":[27,71],"product_tag":[],"class_list":{"0":"post-56398","1":"product","2":"type-product","3":"status-publish","4":"has-post-thumbnail","6":"product_cat-dekoracyjne","7":"product_cat-wazony","8":"product_shipping_class-wysylka-19zl","9":"desktop-align-left","10":"tablet-align-left","11":"mobile-align-left","12":"ast-product-gallery-layout-vertical-slider","13":"ast-product-tabs-layout-horizontal","14":"ast-qv-on-image","16":"first","17":"instock","18":"sold-individually","19":"shipping-taxable","20":"purchasable","21":"product-type-simple"},"_links":{"self":[{"href":"https:\/\/antart.com.pl\/en\/wp-json\/wp\/v2\/product\/56398","targetHints":{"allow":["GET"]}}],"collection":[{"href":"https:\/\/antart.com.pl\/en\/wp-json\/wp\/v2\/product"}],"about":[{"href":"https:\/\/antart.com.pl\/en\/wp-json\/wp\/v2\/types\/product"}],"wp:featuredmedia":[{"embeddable":true,"href":"https:\/\/antart.com.pl\/en\/wp-json\/wp\/v2\/media\/56389"}],"wp:attachment":[{"href":"https:\/\/antart.com.pl\/en\/wp-json\/wp\/v2\/media?parent=56398"}],"wp:term":[{"taxonomy":"product_brand","embeddable":true,"href":"https:\/\/antart.com.pl\/en\/wp-json\/wp\/v2\/product_brand?post=56398"},{"taxonomy":"product_cat","embeddable":true,"href":"https:\/\/antart.com.pl\/en\/wp-json\/wp\/v2\/product_cat?post=56398"},{"taxonomy":"product_tag","embeddable":true,"href":"https:\/\/antart.com.pl\/en\/wp-json\/wp\/v2\/product_tag?post=56398"}],"curies":[{"name":"wp","href":"https:\/\/api.w.org\/{rel}","templated":true}]}}