{"id":56399,"date":"2025-12-21T11:03:09","date_gmt":"2025-12-21T10:03:09","guid":{"rendered":"https:\/\/antart.com.pl\/?post_type=product&#038;p=56399"},"modified":"2025-12-21T11:03:10","modified_gmt":"2025-12-21T10:03:10","slug":"old-pre-war-glass-platter","status":"publish","type":"product","link":"https:\/\/antart.com.pl\/en\/produkt\/stara-przedwojenna-patera-szklana\/","title":{"rendered":"An old pre-war glass platter"},"content":{"rendered":"<h4 style=\"text-align: center;\"><em><strong>An old pre-war glass platter<\/strong><\/em><\/h4>\n<h4 style=\"text-align: center;\"><em><strong>Made of thick, pressed glass.<\/strong><\/em><\/h4>\n<h4 style=\"text-align: center;\"><em><strong>It features a decorative star-shaped cut in the centre and wavy edges.<\/strong><\/em><\/h4>\n<h4 style=\"text-align: center;\"><em><strong>It can serve as a serving dish or decorative platter.<\/strong><\/em><\/h4>\n<p>&nbsp;<\/p>\n<h4><em><strong>Dimensions<\/strong><\/em><\/h4>\n<ul>\n<li>\n<h4><em><strong>Height: 3cm<\/strong><\/em><\/h4>\n<\/li>\n<li>\n<h4><em><strong>Length: 22.5 cm<\/strong><\/em><\/h4>\n<\/li>\n<li>\n<h4><em><strong>Width: 16.5cm<\/strong><\/em><\/h4>\n<\/li>\n<\/ul>\n<h4><em><strong>No. 10473<\/strong><\/em><\/h4>","protected":false},"excerpt":{"rendered":"<p>Stara przedwojenna patera szklana Wykonany z grubego, prasowanego szk\u0142a. Charakteryzuje si\u0119 ozdobnym szlifem w kszta\u0142cie gwiazdy na \u015brodku i falistymi kraw\u0119dziami. Mo\u017ce pe\u0142ni\u0107 funkcj\u0119 naczynia do serwowania lub dekoracyjnej patery. &nbsp; Wymiary Wysoko\u015b\u0107: 3cm D\u0142ugo\u015b\u0107:22,5cm Szeroko\u015b\u0107: 16,5cm Nr. 10473<\/p>","protected":false},"featured_media":56401,"template":"","meta":{"_seopress_robots_primary_cat":"","_seopress_titles_title":"","_seopress_titles_desc":"","_seopress_robots_index":"","site-sidebar-layout":"default","site-content-layout":"","ast-site-content-layout":"default","site-content-style":"default","site-sidebar-style":"default","ast-global-header-display":"","ast-banner-title-visibility":"","ast-main-header-display":"","ast-hfb-above-header-display":"","ast-hfb-below-header-display":"","ast-hfb-mobile-header-display":"","site-post-title":"","ast-breadcrumbs-content":"","ast-featured-img":"","footer-sml-layout":"","ast-disable-related-posts":"","theme-transparent-header-meta":"default","adv-header-id-meta":"","stick-header-meta":"default","header-above-stick-meta":"","header-main-stick-meta":"","header-below-stick-meta":"","astra-migrate-meta-layouts":"set","ast-page-background-enabled":"default","ast-page-background-meta":{"desktop":{"background-color":"var(--ast-global-color-4)","background-image":"","background-repeat":"repeat","background-position":"center center","background-size":"auto","background-attachment":"scroll","background-type":"","background-media":"","overlay-type":"","overlay-color":"","overlay-opacity":"","overlay-gradient":""},"tablet":{"background-color":"","background-image":"","background-repeat":"repeat","background-position":"center center","background-size":"auto","background-attachment":"scroll","background-type":"","background-media":"","overlay-type":"","overlay-color":"","overlay-opacity":"","overlay-gradient":""},"mobile":{"background-color":"","background-image":"","background-repeat":"repeat","background-position":"center center","background-size":"auto","background-attachment":"scroll","background-type":"","background-media":"","overlay-type":"","overlay-color":"","overlay-opacity":"","overlay-gradient":""}},"ast-content-background-meta":{"desktop":{"background-color":"var(--ast-global-color-5)","background-image":"","background-repeat":"repeat","background-position":"center center","background-size":"auto","background-attachment":"scroll","background-type":"","background-media":"","overlay-type":"","overlay-color":"","overlay-opacity":"","overlay-gradient":""},"tablet":{"background-color":"var(--ast-global-color-5)","background-image":"","background-repeat":"repeat","background-position":"center center","background-size":"auto","background-attachment":"scroll","background-type":"","background-media":"","overlay-type":"","overlay-color":"","overlay-opacity":"","overlay-gradient":""},"mobile":{"background-color":"var(--ast-global-color-5)","background-image":"","background-repeat":"repeat","background-position":"center center","background-size":"auto","background-attachment":"scroll","background-type":"","background-media":"","overlay-type":"","overlay-color":"","overlay-opacity":"","overlay-gradient":""}}},"product_brand":[],"product_cat":[24,46],"product_tag":[],"class_list":{"0":"post-56399","1":"product","2":"type-product","3":"status-publish","4":"has-post-thumbnail","6":"product_cat-kuchnia","7":"product_cat-talerze-patery","8":"product_shipping_class-wysylka-19zl","9":"desktop-align-left","10":"tablet-align-left","11":"mobile-align-left","12":"ast-product-gallery-layout-vertical-slider","13":"ast-product-tabs-layout-horizontal","14":"ast-qv-on-image","16":"first","17":"instock","18":"sold-individually","19":"shipping-taxable","20":"purchasable","21":"product-type-simple"},"_links":{"self":[{"href":"https:\/\/antart.com.pl\/en\/wp-json\/wp\/v2\/product\/56399","targetHints":{"allow":["GET"]}}],"collection":[{"href":"https:\/\/antart.com.pl\/en\/wp-json\/wp\/v2\/product"}],"about":[{"href":"https:\/\/antart.com.pl\/en\/wp-json\/wp\/v2\/types\/product"}],"wp:featuredmedia":[{"embeddable":true,"href":"https:\/\/antart.com.pl\/en\/wp-json\/wp\/v2\/media\/56401"}],"wp:attachment":[{"href":"https:\/\/antart.com.pl\/en\/wp-json\/wp\/v2\/media?parent=56399"}],"wp:term":[{"taxonomy":"product_brand","embeddable":true,"href":"https:\/\/antart.com.pl\/en\/wp-json\/wp\/v2\/product_brand?post=56399"},{"taxonomy":"product_cat","embeddable":true,"href":"https:\/\/antart.com.pl\/en\/wp-json\/wp\/v2\/product_cat?post=56399"},{"taxonomy":"product_tag","embeddable":true,"href":"https:\/\/antart.com.pl\/en\/wp-json\/wp\/v2\/product_tag?post=56399"}],"curies":[{"name":"wp","href":"https:\/\/api.w.org\/{rel}","templated":true}]}}