{"id":56429,"date":"2025-12-22T11:26:40","date_gmt":"2025-12-22T10:26:40","guid":{"rendered":"https:\/\/antart.com.pl\/?post_type=product&#038;p=56429"},"modified":"2025-12-21T11:34:14","modified_gmt":"2025-12-21T10:34:14","slug":"misa-krysztalowa-w-stylu-vintage","status":"publish","type":"product","link":"https:\/\/antart.com.pl\/en\/produkt\/misa-krysztalowa-w-stylu-vintage\/","title":{"rendered":"Crystal bowl in vintage style"},"content":{"rendered":"<h4 style=\"text-align: center;\"><em><strong>Crystal bowl in vintage style<\/strong><\/em><\/h4>\n<h4 style=\"text-align: center;\"><em><strong>A beautiful vintage style crystal bowl. Made of high quality glass, decorated with a distinctive geometric pattern. The bowl is in good condition and can be used as a decoration or a practical dish. Ideal for holding fruit, sweets or other small items.<\/strong><\/em><\/h4>\n<h4><em><strong>Dimensions<\/strong><\/em><\/h4>\n<ul>\n<li>\n<h4><em><strong>height: 12cm<\/strong><\/em><\/h4>\n<\/li>\n<li>\n<h4><em><strong>length: 25cm<\/strong><\/em><\/h4>\n<\/li>\n<li>\n<h4><em><strong>width: 15cm<\/strong><\/em><\/h4>\n<\/li>\n<\/ul>\n<h4><\/h4>\n<h4><em><strong>Nr. 10471<\/strong><\/em><\/h4>","protected":false},"excerpt":{"rendered":"<p>Misa kryszta\u0142owa w stylu vintage Pi\u0119kna, kryszta\u0142owa miska w stylu vintage. Wykonana z wysokiej jako\u015bci szk\u0142a, zdobiona charakterystycznym, geometrycznym wzorem. Miska jest w dobrym stanie, mo\u017ce s\u0142u\u017cy\u0107 jako dekoracja lub praktyczne naczynie. Idealna do przechowywania owoc\u00f3w, s\u0142odyczy lub innych drobnych przedmiot\u00f3w. Wymiary wysoko\u015b\u0107: 12cm d\u0142ugo\u015b\u0107: 25cm szeroko\u015b\u0107: 15cm Nr. 10471<\/p>","protected":false},"featured_media":56427,"template":"","meta":{"_seopress_robots_primary_cat":"","_seopress_titles_title":"","_seopress_titles_desc":"","_seopress_robots_index":"","site-sidebar-layout":"default","site-content-layout":"","ast-site-content-layout":"default","site-content-style":"default","site-sidebar-style":"default","ast-global-header-display":"","ast-banner-title-visibility":"","ast-main-header-display":"","ast-hfb-above-header-display":"","ast-hfb-below-header-display":"","ast-hfb-mobile-header-display":"","site-post-title":"","ast-breadcrumbs-content":"","ast-featured-img":"","footer-sml-layout":"","ast-disable-related-posts":"","theme-transparent-header-meta":"default","adv-header-id-meta":"","stick-header-meta":"default","header-above-stick-meta":"","header-main-stick-meta":"","header-below-stick-meta":"","astra-migrate-meta-layouts":"set","ast-page-background-enabled":"default","ast-page-background-meta":{"desktop":{"background-color":"var(--ast-global-color-4)","background-image":"","background-repeat":"repeat","background-position":"center center","background-size":"auto","background-attachment":"scroll","background-type":"","background-media":"","overlay-type":"","overlay-color":"","overlay-opacity":"","overlay-gradient":""},"tablet":{"background-color":"","background-image":"","background-repeat":"repeat","background-position":"center center","background-size":"auto","background-attachment":"scroll","background-type":"","background-media":"","overlay-type":"","overlay-color":"","overlay-opacity":"","overlay-gradient":""},"mobile":{"background-color":"","background-image":"","background-repeat":"repeat","background-position":"center center","background-size":"auto","background-attachment":"scroll","background-type":"","background-media":"","overlay-type":"","overlay-color":"","overlay-opacity":"","overlay-gradient":""}},"ast-content-background-meta":{"desktop":{"background-color":"var(--ast-global-color-5)","background-image":"","background-repeat":"repeat","background-position":"center center","background-size":"auto","background-attachment":"scroll","background-type":"","background-media":"","overlay-type":"","overlay-color":"","overlay-opacity":"","overlay-gradient":""},"tablet":{"background-color":"var(--ast-global-color-5)","background-image":"","background-repeat":"repeat","background-position":"center center","background-size":"auto","background-attachment":"scroll","background-type":"","background-media":"","overlay-type":"","overlay-color":"","overlay-opacity":"","overlay-gradient":""},"mobile":{"background-color":"var(--ast-global-color-5)","background-image":"","background-repeat":"repeat","background-position":"center center","background-size":"auto","background-attachment":"scroll","background-type":"","background-media":"","overlay-type":"","overlay-color":"","overlay-opacity":"","overlay-gradient":""}}},"product_brand":[],"product_cat":[27,61],"product_tag":[],"class_list":{"0":"post-56429","1":"product","2":"type-product","3":"status-publish","4":"has-post-thumbnail","6":"product_cat-dekoracyjne","7":"product_cat-szklo-krysztaly","8":"product_shipping_class-wysylka-19zl","9":"desktop-align-left","10":"tablet-align-left","11":"mobile-align-left","12":"ast-product-gallery-layout-vertical-slider","13":"ast-product-tabs-layout-horizontal","14":"ast-qv-on-image","16":"first","17":"instock","18":"sold-individually","19":"shipping-taxable","20":"purchasable","21":"product-type-simple"},"_links":{"self":[{"href":"https:\/\/antart.com.pl\/en\/wp-json\/wp\/v2\/product\/56429","targetHints":{"allow":["GET"]}}],"collection":[{"href":"https:\/\/antart.com.pl\/en\/wp-json\/wp\/v2\/product"}],"about":[{"href":"https:\/\/antart.com.pl\/en\/wp-json\/wp\/v2\/types\/product"}],"wp:featuredmedia":[{"embeddable":true,"href":"https:\/\/antart.com.pl\/en\/wp-json\/wp\/v2\/media\/56427"}],"wp:attachment":[{"href":"https:\/\/antart.com.pl\/en\/wp-json\/wp\/v2\/media?parent=56429"}],"wp:term":[{"taxonomy":"product_brand","embeddable":true,"href":"https:\/\/antart.com.pl\/en\/wp-json\/wp\/v2\/product_brand?post=56429"},{"taxonomy":"product_cat","embeddable":true,"href":"https:\/\/antart.com.pl\/en\/wp-json\/wp\/v2\/product_cat?post=56429"},{"taxonomy":"product_tag","embeddable":true,"href":"https:\/\/antart.com.pl\/en\/wp-json\/wp\/v2\/product_tag?post=56429"}],"curies":[{"name":"wp","href":"https:\/\/api.w.org\/{rel}","templated":true}]}}