{"id":56471,"date":"2025-12-23T12:20:15","date_gmt":"2025-12-23T11:20:15","guid":{"rendered":"https:\/\/antart.com.pl\/?post_type=product&#038;p=56471"},"modified":"2025-12-21T12:26:12","modified_gmt":"2025-12-21T11:26:12","slug":"crystal-platter-serving-tray","status":"publish","type":"product","link":"https:\/\/antart.com.pl\/en\/produkt\/krysztalowa-patera-tacka-do-serwowania\/","title":{"rendered":"Crystal platter, serving tray"},"content":{"rendered":"<h4 style=\"text-align: center;\"><em><strong>Crystal platter, serving tray<\/strong><\/em><\/h4>\n<h4 style=\"text-align: center;\"><em><strong>Elegant, transparent tray for serving snacks or fruit and perhaps as a stand at the dressing table for jewellery.<\/strong><\/em><\/h4>\n<h4 style=\"text-align: center;\"><em><strong>Made of high-quality crystal, it features an interesting patterned design. It is ideal as a table accessory at parties or as a practical accessory for the kitchen or bedroom.<\/strong><\/em><\/h4>\n<h4><em><strong>Dimensions<\/strong><\/em><\/h4>\n<ul>\n<li>\n<h4><em><strong>height: 2cm.<\/strong><\/em><\/h4>\n<\/li>\n<li>\n<h4><em><strong>length: 14.5 cm<\/strong><\/em><\/h4>\n<\/li>\n<li>\n<h4><em><strong>width: 10.5cm<\/strong><\/em><\/h4>\n<\/li>\n<\/ul>\n<h4><em><strong>No.10467<\/strong><\/em><\/h4>","protected":false},"excerpt":{"rendered":"<p>Kryszta\u0142owa patera, tacka do serwowania Elegancka, przezroczysta taca do serwowania przek\u0105sek lub owoc\u00f3w oraz mo\u017ce jako podstawka przy toaletce na bi\u017cuteri\u0119. Wykonana z wysokiej jako\u015bci kryszta\u0142u, posiada ciekawy, wzorzysty wz\u00f3r. Idealnie sprawdzi si\u0119 jako dodatek do sto\u0142u podczas przyj\u0119\u0107 lub jako praktyczny element wyposa\u017cenia kuchni lub sypialni. Wymiary wysoko\u015b\u0107: 2cm. d\u0142ugo\u015b\u0107: 14,5 cm szeroko\u015b\u0107: 10,5cm [&hellip;]<\/p>\n","protected":false},"featured_media":56455,"template":"","meta":{"_seopress_robots_primary_cat":"","_seopress_titles_title":"","_seopress_titles_desc":"","_seopress_robots_index":"","site-sidebar-layout":"default","site-content-layout":"","ast-site-content-layout":"default","site-content-style":"default","site-sidebar-style":"default","ast-global-header-display":"","ast-banner-title-visibility":"","ast-main-header-display":"","ast-hfb-above-header-display":"","ast-hfb-below-header-display":"","ast-hfb-mobile-header-display":"","site-post-title":"","ast-breadcrumbs-content":"","ast-featured-img":"","footer-sml-layout":"","ast-disable-related-posts":"","theme-transparent-header-meta":"default","adv-header-id-meta":"","stick-header-meta":"default","header-above-stick-meta":"","header-main-stick-meta":"","header-below-stick-meta":"","astra-migrate-meta-layouts":"set","ast-page-background-enabled":"default","ast-page-background-meta":{"desktop":{"background-color":"var(--ast-global-color-4)","background-image":"","background-repeat":"repeat","background-position":"center center","background-size":"auto","background-attachment":"scroll","background-type":"","background-media":"","overlay-type":"","overlay-color":"","overlay-opacity":"","overlay-gradient":""},"tablet":{"background-color":"","background-image":"","background-repeat":"repeat","background-position":"center center","background-size":"auto","background-attachment":"scroll","background-type":"","background-media":"","overlay-type":"","overlay-color":"","overlay-opacity":"","overlay-gradient":""},"mobile":{"background-color":"","background-image":"","background-repeat":"repeat","background-position":"center center","background-size":"auto","background-attachment":"scroll","background-type":"","background-media":"","overlay-type":"","overlay-color":"","overlay-opacity":"","overlay-gradient":""}},"ast-content-background-meta":{"desktop":{"background-color":"var(--ast-global-color-5)","background-image":"","background-repeat":"repeat","background-position":"center center","background-size":"auto","background-attachment":"scroll","background-type":"","background-media":"","overlay-type":"","overlay-color":"","overlay-opacity":"","overlay-gradient":""},"tablet":{"background-color":"var(--ast-global-color-5)","background-image":"","background-repeat":"repeat","background-position":"center center","background-size":"auto","background-attachment":"scroll","background-type":"","background-media":"","overlay-type":"","overlay-color":"","overlay-opacity":"","overlay-gradient":""},"mobile":{"background-color":"var(--ast-global-color-5)","background-image":"","background-repeat":"repeat","background-position":"center center","background-size":"auto","background-attachment":"scroll","background-type":"","background-media":"","overlay-type":"","overlay-color":"","overlay-opacity":"","overlay-gradient":""}}},"product_brand":[],"product_cat":[27,24,61,46],"product_tag":[],"class_list":{"0":"post-56471","1":"product","2":"type-product","3":"status-publish","4":"has-post-thumbnail","6":"product_cat-dekoracyjne","7":"product_cat-kuchnia","8":"product_cat-szklo-krysztaly","9":"product_cat-talerze-patery","10":"product_shipping_class-wysylka-19zl","11":"desktop-align-left","12":"tablet-align-left","13":"mobile-align-left","14":"ast-product-gallery-layout-vertical-slider","15":"ast-product-tabs-layout-horizontal","16":"ast-qv-on-image","18":"first","19":"instock","20":"sold-individually","21":"shipping-taxable","22":"purchasable","23":"product-type-simple"},"_links":{"self":[{"href":"https:\/\/antart.com.pl\/en\/wp-json\/wp\/v2\/product\/56471","targetHints":{"allow":["GET"]}}],"collection":[{"href":"https:\/\/antart.com.pl\/en\/wp-json\/wp\/v2\/product"}],"about":[{"href":"https:\/\/antart.com.pl\/en\/wp-json\/wp\/v2\/types\/product"}],"wp:featuredmedia":[{"embeddable":true,"href":"https:\/\/antart.com.pl\/en\/wp-json\/wp\/v2\/media\/56455"}],"wp:attachment":[{"href":"https:\/\/antart.com.pl\/en\/wp-json\/wp\/v2\/media?parent=56471"}],"wp:term":[{"taxonomy":"product_brand","embeddable":true,"href":"https:\/\/antart.com.pl\/en\/wp-json\/wp\/v2\/product_brand?post=56471"},{"taxonomy":"product_cat","embeddable":true,"href":"https:\/\/antart.com.pl\/en\/wp-json\/wp\/v2\/product_cat?post=56471"},{"taxonomy":"product_tag","embeddable":true,"href":"https:\/\/antart.com.pl\/en\/wp-json\/wp\/v2\/product_tag?post=56471"}],"curies":[{"name":"wp","href":"https:\/\/api.w.org\/{rel}","templated":true}]}}