{"id":56559,"date":"2025-12-24T18:00:26","date_gmt":"2025-12-24T17:00:26","guid":{"rendered":"https:\/\/antart.com.pl\/?post_type=product&#038;p=56559"},"modified":"2025-12-21T18:15:25","modified_gmt":"2025-12-21T17:15:25","slug":"duncan-teak-desk-from-the-1960s-70s","status":"publish","type":"product","link":"https:\/\/antart.com.pl\/en\/produkt\/biurko-tekowe-dunskie-z-lat-60-70-tych\/","title":{"rendered":"Danish teak desk from the 1960s\/1970s"},"content":{"rendered":"<h4 style=\"text-align: center;\"><strong><em>Danish teak desk from the 1960s\/1970s<\/em><\/strong><\/h4>\n<h4 style=\"text-align: center;\"><strong><em>A solid wooden teak desk from the 1960s\/70s, it has three drawers and a pull-out work surface for extra storage and function in a larger space.<\/em><\/strong><\/h4>\n<h4 style=\"text-align: center;\"><strong><em>A piece of furniture in good condition, ideal as a functional and stylish addition to any interior.<\/em><\/strong><\/h4>\n<h4><strong><em>Dimensions:<\/em><\/strong><\/h4>\n<ul>\n<li>\n<h4><strong><em>height: 76 cm<\/em><\/strong><\/h4>\n<\/li>\n<li>\n<h4><strong><em>width: 121 cm<\/em><\/strong><\/h4>\n<\/li>\n<li>\n<h4><strong><em>depth: 76 cm<\/em><\/strong><\/h4>\n<\/li>\n<li>\n<h4><strong><em>width of desk recess: 60cm<\/em><\/strong><\/h4>\n<\/li>\n<li>\n<h4><strong><em>height of desk recess: 66cm<\/em><\/strong><\/h4>\n<\/li>\n<\/ul>\n<h4><strong><em>Pull-out work surface:<\/em><\/strong><\/h4>\n<ul>\n<li>\n<h4><strong><em>width: 60cm<\/em><\/strong><\/h4>\n<\/li>\n<li>\n<h4><strong><em>depth: 47cm<\/em><\/strong><\/h4>\n<\/li>\n<\/ul>\n<h4 style=\"text-align: center;\"><strong><em>NOTE!!!<\/em><\/strong><\/h4>\n<h4 style=\"text-align: center;\"><strong><em>For the sake of safe delivery, in some cases we organise bulk or individual shipping.<\/em><\/strong><\/h4>\n<h4 style=\"text-align: center;\"><strong><em>********************************************************************************<\/em><\/strong><\/h4>\n<h4><strong><em>Order no. 10411<\/em><\/strong><\/h4>","protected":false},"excerpt":{"rendered":"<p>Biurko tekowe du\u0144skie z lat 60\/70-tych Solidny, drewniany, teak biurko z lat 60.\/70. Posiada trzy szuflad oraz wysuwany blat roboczy, kt\u00f3re zapewniaj\u0105 dodatkow\u0105 przestrze\u0144 do przechowywania oraz funkcjonowania na wi\u0119kszej powierzchni. Mebel w dobrym stanie, idealny jako funkcjonalne i stylowe uzupe\u0142nienie ka\u017cdego wn\u0119trza. Wymiary: wysoko\u015b\u0107: 76 cm szeroko\u015b\u0107: 121 cm g\u0142\u0119boko\u015b\u0107: 76 cm szeroko\u015b\u0107 wn\u0119ki [&hellip;]<\/p>\n","protected":false},"featured_media":56475,"template":"","meta":{"_seopress_robots_primary_cat":"","_seopress_titles_title":"","_seopress_titles_desc":"","_seopress_robots_index":"","site-sidebar-layout":"default","site-content-layout":"","ast-site-content-layout":"default","site-content-style":"default","site-sidebar-style":"default","ast-global-header-display":"","ast-banner-title-visibility":"","ast-main-header-display":"","ast-hfb-above-header-display":"","ast-hfb-below-header-display":"","ast-hfb-mobile-header-display":"","site-post-title":"","ast-breadcrumbs-content":"","ast-featured-img":"","footer-sml-layout":"","ast-disable-related-posts":"","theme-transparent-header-meta":"default","adv-header-id-meta":"","stick-header-meta":"default","header-above-stick-meta":"","header-main-stick-meta":"","header-below-stick-meta":"","astra-migrate-meta-layouts":"set","ast-page-background-enabled":"default","ast-page-background-meta":{"desktop":{"background-color":"var(--ast-global-color-4)","background-image":"","background-repeat":"repeat","background-position":"center center","background-size":"auto","background-attachment":"scroll","background-type":"","background-media":"","overlay-type":"","overlay-color":"","overlay-opacity":"","overlay-gradient":""},"tablet":{"background-color":"","background-image":"","background-repeat":"repeat","background-position":"center center","background-size":"auto","background-attachment":"scroll","background-type":"","background-media":"","overlay-type":"","overlay-color":"","overlay-opacity":"","overlay-gradient":""},"mobile":{"background-color":"","background-image":"","background-repeat":"repeat","background-position":"center center","background-size":"auto","background-attachment":"scroll","background-type":"","background-media":"","overlay-type":"","overlay-color":"","overlay-opacity":"","overlay-gradient":""}},"ast-content-background-meta":{"desktop":{"background-color":"var(--ast-global-color-5)","background-image":"","background-repeat":"repeat","background-position":"center center","background-size":"auto","background-attachment":"scroll","background-type":"","background-media":"","overlay-type":"","overlay-color":"","overlay-opacity":"","overlay-gradient":""},"tablet":{"background-color":"var(--ast-global-color-5)","background-image":"","background-repeat":"repeat","background-position":"center center","background-size":"auto","background-attachment":"scroll","background-type":"","background-media":"","overlay-type":"","overlay-color":"","overlay-opacity":"","overlay-gradient":""},"mobile":{"background-color":"var(--ast-global-color-5)","background-image":"","background-repeat":"repeat","background-position":"center center","background-size":"auto","background-attachment":"scroll","background-type":"","background-media":"","overlay-type":"","overlay-color":"","overlay-opacity":"","overlay-gradient":""}}},"product_brand":[],"product_cat":[55,32],"product_tag":[],"class_list":{"0":"post-56559","1":"product","2":"type-product","3":"status-publish","4":"has-post-thumbnail","6":"product_cat-biurka-sekretery","7":"product_cat-meble","8":"product_shipping_class-wysylka-po-uzgodnieniu","9":"desktop-align-left","10":"tablet-align-left","11":"mobile-align-left","12":"ast-product-gallery-layout-vertical-slider","13":"ast-product-tabs-layout-horizontal","14":"ast-qv-on-image","16":"first","17":"instock","18":"sold-individually","19":"shipping-taxable","20":"purchasable","21":"product-type-simple"},"_links":{"self":[{"href":"https:\/\/antart.com.pl\/en\/wp-json\/wp\/v2\/product\/56559","targetHints":{"allow":["GET"]}}],"collection":[{"href":"https:\/\/antart.com.pl\/en\/wp-json\/wp\/v2\/product"}],"about":[{"href":"https:\/\/antart.com.pl\/en\/wp-json\/wp\/v2\/types\/product"}],"wp:featuredmedia":[{"embeddable":true,"href":"https:\/\/antart.com.pl\/en\/wp-json\/wp\/v2\/media\/56475"}],"wp:attachment":[{"href":"https:\/\/antart.com.pl\/en\/wp-json\/wp\/v2\/media?parent=56559"}],"wp:term":[{"taxonomy":"product_brand","embeddable":true,"href":"https:\/\/antart.com.pl\/en\/wp-json\/wp\/v2\/product_brand?post=56559"},{"taxonomy":"product_cat","embeddable":true,"href":"https:\/\/antart.com.pl\/en\/wp-json\/wp\/v2\/product_cat?post=56559"},{"taxonomy":"product_tag","embeddable":true,"href":"https:\/\/antart.com.pl\/en\/wp-json\/wp\/v2\/product_tag?post=56559"}],"curies":[{"name":"wp","href":"https:\/\/api.w.org\/{rel}","templated":true}]}}