{"id":56560,"date":"2025-12-21T18:31:10","date_gmt":"2025-12-21T17:31:10","guid":{"rendered":"https:\/\/antart.com.pl\/?post_type=product&#038;p=56560"},"modified":"2026-04-01T20:37:16","modified_gmt":"2026-04-01T18:37:16","slug":"cabinet-serviette-ludwik-philip-second-half-xixth-century","status":"publish","type":"product","link":"https:\/\/antart.com.pl\/en\/produkt\/witryna-serwantka-ludwik-filip-z-ii-pol-xix-wieku\/","title":{"rendered":"Display cabinet, Ludwik Filip, from the second half of the 19th century"},"content":{"rendered":"<h4 style=\"text-align: center;\"><strong><em>Display cabinet, Ludwik Filip, from the second half of the 19th century<\/em><\/strong><\/h4>\n<h4 style=\"text-align: center;\"><strong><em>An antique wooden display case from the second half of the 19th century. It has carved decoration on the upper part and glass shelves inside. A piece of furniture in good condition, suitable for use as a stylish decoration or for storing small items.<\/em><\/strong><\/h4>\n<h4 style=\"text-align: center;\"><strong><em>The back wall has a mirror.<\/em><\/strong><\/h4>\n<h4><strong><em>Dimensions:<\/em><\/strong><\/h4>\n<ul>\n<li>\n<h4><strong><em>height: 188cm<\/em><\/strong><\/h4>\n<\/li>\n<li>\n<h4><strong><em>width: 87cm<\/em><\/strong><\/h4>\n<\/li>\n<li>\n<h4><strong><em>depth: 40 cm<\/em><\/strong><\/h4>\n<\/li>\n<\/ul>\n<h4 style=\"text-align: center;\"><strong><em>NOTE!!!<\/em><\/strong><\/h4>\n<h4 style=\"text-align: center;\"><strong><em>For the sake of safe delivery, in some cases we organise bulk or individual shipping.<\/em><\/strong><\/h4>\n<h4 style=\"text-align: center;\"><strong><em>***********************************************<\/em><\/strong><\/h4>\n<h4><strong><em>Order no. 10412<\/em><\/strong><\/h4>","protected":false},"excerpt":{"rendered":"<p>Witryna, serwantka Ludwik Filip z II po\u0142. XIX wieku Zabytkowa, drewniana gablota z drugiej po\u0142owy XIX wieku. Posiada rze\u017abione zdobienia na g\u00f3rnej cz\u0119\u015bci oraz szklane p\u00f3\u0142ki wewn\u0105trz. Mebel w dobrym stanie, nadaje si\u0119 do wykorzystania jako stylowa dekoracja lub do przechowywania drobnych przedmiot\u00f3w. Tylnia \u015bciana posiada lustro. Wymiary: wysoko\u015b\u0107: 188cm szeroko\u015b\u0107: 87cm g\u0142\u0119boko\u015b\u0107:40 cm UWAGA!! [&hellip;]<\/p>\n","protected":false},"featured_media":56496,"template":"","meta":{"_seopress_robots_primary_cat":"","_seopress_titles_title":"","_seopress_titles_desc":"","_seopress_robots_index":"","site-sidebar-layout":"default","site-content-layout":"","ast-site-content-layout":"default","site-content-style":"default","site-sidebar-style":"default","ast-global-header-display":"","ast-banner-title-visibility":"","ast-main-header-display":"","ast-hfb-above-header-display":"","ast-hfb-below-header-display":"","ast-hfb-mobile-header-display":"","site-post-title":"","ast-breadcrumbs-content":"","ast-featured-img":"","footer-sml-layout":"","ast-disable-related-posts":"","theme-transparent-header-meta":"default","adv-header-id-meta":"","stick-header-meta":"default","header-above-stick-meta":"","header-main-stick-meta":"","header-below-stick-meta":"","astra-migrate-meta-layouts":"set","ast-page-background-enabled":"default","ast-page-background-meta":{"desktop":{"background-color":"var(--ast-global-color-4)","background-image":"","background-repeat":"repeat","background-position":"center center","background-size":"auto","background-attachment":"scroll","background-type":"","background-media":"","overlay-type":"","overlay-color":"","overlay-opacity":"","overlay-gradient":""},"tablet":{"background-color":"","background-image":"","background-repeat":"repeat","background-position":"center center","background-size":"auto","background-attachment":"scroll","background-type":"","background-media":"","overlay-type":"","overlay-color":"","overlay-opacity":"","overlay-gradient":""},"mobile":{"background-color":"","background-image":"","background-repeat":"repeat","background-position":"center center","background-size":"auto","background-attachment":"scroll","background-type":"","background-media":"","overlay-type":"","overlay-color":"","overlay-opacity":"","overlay-gradient":""}},"ast-content-background-meta":{"desktop":{"background-color":"var(--ast-global-color-5)","background-image":"","background-repeat":"repeat","background-position":"center center","background-size":"auto","background-attachment":"scroll","background-type":"","background-media":"","overlay-type":"","overlay-color":"","overlay-opacity":"","overlay-gradient":""},"tablet":{"background-color":"var(--ast-global-color-5)","background-image":"","background-repeat":"repeat","background-position":"center center","background-size":"auto","background-attachment":"scroll","background-type":"","background-media":"","overlay-type":"","overlay-color":"","overlay-opacity":"","overlay-gradient":""},"mobile":{"background-color":"var(--ast-global-color-5)","background-image":"","background-repeat":"repeat","background-position":"center center","background-size":"auto","background-attachment":"scroll","background-type":"","background-media":"","overlay-type":"","overlay-color":"","overlay-opacity":"","overlay-gradient":""}}},"product_brand":[],"product_cat":[32,79],"product_tag":[],"class_list":{"0":"post-56560","1":"product","2":"type-product","3":"status-publish","4":"has-post-thumbnail","6":"product_cat-meble","7":"product_cat-serwantki-witryny","8":"product_shipping_class-wysylka-po-uzgodnieniu","9":"desktop-align-left","10":"tablet-align-left","11":"mobile-align-left","12":"ast-product-gallery-layout-vertical-slider","13":"ast-product-tabs-layout-horizontal","14":"ast-qv-on-image","16":"first","17":"instock","18":"sale","19":"sold-individually","20":"shipping-taxable","21":"purchasable","22":"product-type-simple"},"_links":{"self":[{"href":"https:\/\/antart.com.pl\/en\/wp-json\/wp\/v2\/product\/56560","targetHints":{"allow":["GET"]}}],"collection":[{"href":"https:\/\/antart.com.pl\/en\/wp-json\/wp\/v2\/product"}],"about":[{"href":"https:\/\/antart.com.pl\/en\/wp-json\/wp\/v2\/types\/product"}],"wp:featuredmedia":[{"embeddable":true,"href":"https:\/\/antart.com.pl\/en\/wp-json\/wp\/v2\/media\/56496"}],"wp:attachment":[{"href":"https:\/\/antart.com.pl\/en\/wp-json\/wp\/v2\/media?parent=56560"}],"wp:term":[{"taxonomy":"product_brand","embeddable":true,"href":"https:\/\/antart.com.pl\/en\/wp-json\/wp\/v2\/product_brand?post=56560"},{"taxonomy":"product_cat","embeddable":true,"href":"https:\/\/antart.com.pl\/en\/wp-json\/wp\/v2\/product_cat?post=56560"},{"taxonomy":"product_tag","embeddable":true,"href":"https:\/\/antart.com.pl\/en\/wp-json\/wp\/v2\/product_tag?post=56560"}],"curies":[{"name":"wp","href":"https:\/\/api.w.org\/{rel}","templated":true}]}}