{"id":57136,"date":"2025-12-28T10:42:17","date_gmt":"2025-12-28T09:42:17","guid":{"rendered":"https:\/\/antart.com.pl\/?post_type=product&#038;p=57136"},"modified":"2025-12-28T10:42:18","modified_gmt":"2025-12-28T09:42:18","slug":"painting-on-papyrus-flying-ducks-70s-80s","status":"publish","type":"product","link":"https:\/\/antart.com.pl\/en\/produkt\/malowidlo-na-papirusie-latajace-kaczki-lata-70-80-te\/","title":{"rendered":"Painting on papyrus \u2013 flying ducks, 1970s\/1980s"},"content":{"rendered":"<h4 style=\"text-align: center;\"><strong><em>Painting on papyrus \u2013 flying ducks, 1970s\/1980s<\/em><\/strong><\/h4>\n<h4 style=\"text-align: center;\"><strong><em>Painted on papyrus, this painting depicts flying ducks from the 1970s or 1980s. The gold-coloured frame gives the work an elegant look. An interesting vintage motif that can be an interesting decoration for the home or office.<\/em><\/strong><\/h4>\n<h4><strong><em>Dimensions<\/em><\/strong><\/h4>\n<h4><strong><em>Frame:<\/em><\/strong><\/h4>\n<ul>\n<li>\n<h4><strong><em>width: 37cm<\/em><\/strong><\/h4>\n<\/li>\n<li>\n<h4><strong><em>height: 31cm<\/em><\/strong><\/h4>\n<\/li>\n<li><\/li>\n<\/ul>\n<h4><strong><em>NO. ART 10414<\/em><\/strong><\/h4>","protected":false},"excerpt":{"rendered":"<p>Malowid\u0142o na papirusie- lataj\u0105ce kaczki lata 70\/80-te Malowany na papirusie obraz przedstawiaj\u0105cy lataj\u0105ce kaczki z lat 70. lub 80. Ramka w z\u0142otym kolorze nadaje dzie\u0142u elegancki wygl\u0105d. Ciekawy vintage&#8217;owy motyw, kt\u00f3ry mo\u017ce by\u0107 interesuj\u0105c\u0105 dekoracj\u0105 do domu lub biura. Wymiary Rama: szeroko\u015b\u0107: 37cm wysoko\u015b\u0107: 31cm NR. ART 10414<\/p>","protected":false},"featured_media":57126,"template":"","meta":{"_seopress_robots_primary_cat":"","_seopress_titles_title":"","_seopress_titles_desc":"","_seopress_robots_index":"","site-sidebar-layout":"default","site-content-layout":"","ast-site-content-layout":"default","site-content-style":"default","site-sidebar-style":"default","ast-global-header-display":"","ast-banner-title-visibility":"","ast-main-header-display":"","ast-hfb-above-header-display":"","ast-hfb-below-header-display":"","ast-hfb-mobile-header-display":"","site-post-title":"","ast-breadcrumbs-content":"","ast-featured-img":"","footer-sml-layout":"","ast-disable-related-posts":"","theme-transparent-header-meta":"default","adv-header-id-meta":"","stick-header-meta":"default","header-above-stick-meta":"","header-main-stick-meta":"","header-below-stick-meta":"","astra-migrate-meta-layouts":"set","ast-page-background-enabled":"default","ast-page-background-meta":{"desktop":{"background-color":"var(--ast-global-color-4)","background-image":"","background-repeat":"repeat","background-position":"center center","background-size":"auto","background-attachment":"scroll","background-type":"","background-media":"","overlay-type":"","overlay-color":"","overlay-opacity":"","overlay-gradient":""},"tablet":{"background-color":"","background-image":"","background-repeat":"repeat","background-position":"center center","background-size":"auto","background-attachment":"scroll","background-type":"","background-media":"","overlay-type":"","overlay-color":"","overlay-opacity":"","overlay-gradient":""},"mobile":{"background-color":"","background-image":"","background-repeat":"repeat","background-position":"center center","background-size":"auto","background-attachment":"scroll","background-type":"","background-media":"","overlay-type":"","overlay-color":"","overlay-opacity":"","overlay-gradient":""}},"ast-content-background-meta":{"desktop":{"background-color":"var(--ast-global-color-5)","background-image":"","background-repeat":"repeat","background-position":"center center","background-size":"auto","background-attachment":"scroll","background-type":"","background-media":"","overlay-type":"","overlay-color":"","overlay-opacity":"","overlay-gradient":""},"tablet":{"background-color":"var(--ast-global-color-5)","background-image":"","background-repeat":"repeat","background-position":"center center","background-size":"auto","background-attachment":"scroll","background-type":"","background-media":"","overlay-type":"","overlay-color":"","overlay-opacity":"","overlay-gradient":""},"mobile":{"background-color":"var(--ast-global-color-5)","background-image":"","background-repeat":"repeat","background-position":"center center","background-size":"auto","background-attachment":"scroll","background-type":"","background-media":"","overlay-type":"","overlay-color":"","overlay-opacity":"","overlay-gradient":""}}},"product_brand":[],"product_cat":[77,335],"product_tag":[],"class_list":{"0":"post-57136","1":"product","2":"type-product","3":"status-publish","4":"has-post-thumbnail","6":"product_cat-antykwariat","7":"product_cat-obrazy-antykwariat","8":"product_shipping_class-wysylka-60zl","9":"desktop-align-left","10":"tablet-align-left","11":"mobile-align-left","12":"ast-product-gallery-layout-vertical-slider","13":"ast-product-tabs-layout-horizontal","14":"ast-qv-on-image","16":"first","17":"instock","18":"sold-individually","19":"shipping-taxable","20":"purchasable","21":"product-type-simple"},"_links":{"self":[{"href":"https:\/\/antart.com.pl\/en\/wp-json\/wp\/v2\/product\/57136","targetHints":{"allow":["GET"]}}],"collection":[{"href":"https:\/\/antart.com.pl\/en\/wp-json\/wp\/v2\/product"}],"about":[{"href":"https:\/\/antart.com.pl\/en\/wp-json\/wp\/v2\/types\/product"}],"wp:featuredmedia":[{"embeddable":true,"href":"https:\/\/antart.com.pl\/en\/wp-json\/wp\/v2\/media\/57126"}],"wp:attachment":[{"href":"https:\/\/antart.com.pl\/en\/wp-json\/wp\/v2\/media?parent=57136"}],"wp:term":[{"taxonomy":"product_brand","embeddable":true,"href":"https:\/\/antart.com.pl\/en\/wp-json\/wp\/v2\/product_brand?post=57136"},{"taxonomy":"product_cat","embeddable":true,"href":"https:\/\/antart.com.pl\/en\/wp-json\/wp\/v2\/product_cat?post=57136"},{"taxonomy":"product_tag","embeddable":true,"href":"https:\/\/antart.com.pl\/en\/wp-json\/wp\/v2\/product_tag?post=57136"}],"curies":[{"name":"wp","href":"https:\/\/api.w.org\/{rel}","templated":true}]}}