{"id":57138,"date":"2026-01-05T11:22:10","date_gmt":"2026-01-05T10:22:10","guid":{"rendered":"https:\/\/antart.com.pl\/?post_type=product&#038;p=57138"},"modified":"2025-12-28T11:31:23","modified_gmt":"2025-12-28T10:31:23","slug":"70s-80s-vintage-hocker-bar-chair","status":"publish","type":"product","link":"https:\/\/antart.com.pl\/en\/produkt\/krzeslo-barowe-hoker-vintage-z-lat-70-80-tych\/","title":{"rendered":"1970s\/80s vintage hocker bar chair"},"content":{"rendered":"<h4 style=\"text-align: center;\"><strong><em>1970s\/80s vintage hocker bar chair<\/em><\/strong><\/h4>\n<h4 style=\"text-align: center;\"><strong><em>A stylish hock, bar chair from the 1970s-80s. Made of wood in a warm brown shade. Features distinctive metal footrests. The piece of furniture is used but in good condition. It would be great in a living room or for a bar, giving the interior a cosy, retro feel.<\/em><\/strong><\/h4>\n<h4><strong><em>Dimensions:<\/em><\/strong><\/h4>\n<ul>\n<li>\n<h4><strong><em>height: 115 cm<\/em><\/strong><\/h4>\n<\/li>\n<li>\n<h4><strong><em>width: 43 cm<\/em><\/strong><\/h4>\n<\/li>\n<li>\n<h4><strong><em>depth: 43 cm<\/em><\/strong><\/h4>\n<\/li>\n<li>\n<h4><strong><em>height to seat: 80 cm<\/em><\/strong><\/h4>\n<\/li>\n<li>\n<h4><strong><em>height to footrest: 43cm<\/em><\/strong><\/h4>\n<\/li>\n<li>\n<h4><strong><em>seat depth: 39 cm<\/em><\/strong><\/h4>\n<\/li>\n<\/ul>\n<h4><\/h4>\n<h4><strong><em>NR. ART 10416<\/em><\/strong><\/h4>","protected":false},"excerpt":{"rendered":"<p>Krzes\u0142o barowe hoker vintage z lat 70\/80-tych Stylowy hokek, krzes\u0142o barowe z lat 70-80-tych. Wykonany z drewna w ciep\u0142ym, br\u0105zowym odcieniu. Posiada charakterystyczne metalowe podn\u00f3\u017cki. Mebel jest u\u017cywany, ale w dobrym stanie. \u015awietnie sprawdzi si\u0119 w salonie lub do baru, nadaj\u0105c wn\u0119trzu przytulny, retro charakter. Wymiary: wysoko\u015b\u0107: 115 cm szeroko\u015b\u0107: 43 cm g\u0142\u0119boko\u015b\u0107: 43 cm [&hellip;]<\/p>\n","protected":false},"featured_media":57139,"template":"","meta":{"_seopress_robots_primary_cat":"","_seopress_titles_title":"","_seopress_titles_desc":"","_seopress_robots_index":"","site-sidebar-layout":"default","site-content-layout":"","ast-site-content-layout":"default","site-content-style":"default","site-sidebar-style":"default","ast-global-header-display":"","ast-banner-title-visibility":"","ast-main-header-display":"","ast-hfb-above-header-display":"","ast-hfb-below-header-display":"","ast-hfb-mobile-header-display":"","site-post-title":"","ast-breadcrumbs-content":"","ast-featured-img":"","footer-sml-layout":"","ast-disable-related-posts":"","theme-transparent-header-meta":"default","adv-header-id-meta":"","stick-header-meta":"default","header-above-stick-meta":"","header-main-stick-meta":"","header-below-stick-meta":"","astra-migrate-meta-layouts":"set","ast-page-background-enabled":"default","ast-page-background-meta":{"desktop":{"background-color":"var(--ast-global-color-4)","background-image":"","background-repeat":"repeat","background-position":"center center","background-size":"auto","background-attachment":"scroll","background-type":"","background-media":"","overlay-type":"","overlay-color":"","overlay-opacity":"","overlay-gradient":""},"tablet":{"background-color":"","background-image":"","background-repeat":"repeat","background-position":"center center","background-size":"auto","background-attachment":"scroll","background-type":"","background-media":"","overlay-type":"","overlay-color":"","overlay-opacity":"","overlay-gradient":""},"mobile":{"background-color":"","background-image":"","background-repeat":"repeat","background-position":"center center","background-size":"auto","background-attachment":"scroll","background-type":"","background-media":"","overlay-type":"","overlay-color":"","overlay-opacity":"","overlay-gradient":""}},"ast-content-background-meta":{"desktop":{"background-color":"var(--ast-global-color-5)","background-image":"","background-repeat":"repeat","background-position":"center center","background-size":"auto","background-attachment":"scroll","background-type":"","background-media":"","overlay-type":"","overlay-color":"","overlay-opacity":"","overlay-gradient":""},"tablet":{"background-color":"var(--ast-global-color-5)","background-image":"","background-repeat":"repeat","background-position":"center center","background-size":"auto","background-attachment":"scroll","background-type":"","background-media":"","overlay-type":"","overlay-color":"","overlay-opacity":"","overlay-gradient":""},"mobile":{"background-color":"var(--ast-global-color-5)","background-image":"","background-repeat":"repeat","background-position":"center center","background-size":"auto","background-attachment":"scroll","background-type":"","background-media":"","overlay-type":"","overlay-color":"","overlay-opacity":"","overlay-gradient":""}}},"product_brand":[],"product_cat":[36,32],"product_tag":[],"class_list":{"0":"post-57138","1":"product","2":"type-product","3":"status-publish","4":"has-post-thumbnail","6":"product_cat-krzesla-taborety","7":"product_cat-meble","8":"product_shipping_class-wysylka-80zl","9":"desktop-align-left","10":"tablet-align-left","11":"mobile-align-left","12":"ast-product-gallery-layout-vertical-slider","13":"ast-product-tabs-layout-horizontal","14":"ast-qv-on-image","16":"first","17":"instock","18":"shipping-taxable","19":"purchasable","20":"product-type-simple"},"_links":{"self":[{"href":"https:\/\/antart.com.pl\/en\/wp-json\/wp\/v2\/product\/57138","targetHints":{"allow":["GET"]}}],"collection":[{"href":"https:\/\/antart.com.pl\/en\/wp-json\/wp\/v2\/product"}],"about":[{"href":"https:\/\/antart.com.pl\/en\/wp-json\/wp\/v2\/types\/product"}],"wp:featuredmedia":[{"embeddable":true,"href":"https:\/\/antart.com.pl\/en\/wp-json\/wp\/v2\/media\/57139"}],"wp:attachment":[{"href":"https:\/\/antart.com.pl\/en\/wp-json\/wp\/v2\/media?parent=57138"}],"wp:term":[{"taxonomy":"product_brand","embeddable":true,"href":"https:\/\/antart.com.pl\/en\/wp-json\/wp\/v2\/product_brand?post=57138"},{"taxonomy":"product_cat","embeddable":true,"href":"https:\/\/antart.com.pl\/en\/wp-json\/wp\/v2\/product_cat?post=57138"},{"taxonomy":"product_tag","embeddable":true,"href":"https:\/\/antart.com.pl\/en\/wp-json\/wp\/v2\/product_tag?post=57138"}],"curies":[{"name":"wp","href":"https:\/\/api.w.org\/{rel}","templated":true}]}}