{"id":57248,"date":"2026-01-05T11:41:37","date_gmt":"2026-01-05T10:41:37","guid":{"rendered":"https:\/\/antart.com.pl\/?post_type=product&#038;p=57248"},"modified":"2026-04-01T20:17:17","modified_gmt":"2026-04-01T18:17:17","slug":"office-chair-proj-c-braakman-from-the-1950s-in-teak","status":"publish","type":"product","link":"https:\/\/antart.com.pl\/en\/produkt\/krzeslo-biurowy-proj-c-braakman-z-lat-50-tych-z-teku\/","title":{"rendered":"Office chair by C. Braakman from the 1950s in teak"},"content":{"rendered":"<h4 style=\"text-align: center;\"><strong><em>Office chair by C. Braakman from the 1950s in teak<\/em><\/strong><\/h4>\n<h4 style=\"text-align: center;\"><strong><em>A stylish office chair from the 1950s, designed by C. Braakman. Made from teak, it has black upholstery. A piece of furniture in good condition, ideal as an addition to a modern interior.<\/em><\/strong><\/h4>\n<h4><strong><em>Dimensions<\/em><\/strong><\/h4>\n<ul>\n<li>\n<h4><strong><em>height: 77m<\/em><\/strong><\/h4>\n<\/li>\n<li>\n<h4><strong><em>width: 60 cm<\/em><\/strong><\/h4>\n<\/li>\n<li>\n<h4><strong><em>depth: 46cm<\/em><\/strong><\/h4>\n<\/li>\n<li>\n<h4><strong><em>height to seat: 42cm<\/em><\/strong><\/h4>\n<\/li>\n<li>\n<h4><strong><em>seat depth: 42cm<\/em><\/strong><\/h4>\n<\/li>\n<\/ul>\n<h4><strong><em>I own 2 pieces.<\/em><\/strong><\/h4>\n<h4><strong><em>The price is for 1 piece.<\/em><\/strong><\/h4>\n<h4><\/h4>\n<h4><strong><em>Order no. 10417<\/em><\/strong><\/h4>","protected":false},"excerpt":{"rendered":"<p>Krzes\u0142o biurowy proj. C. Braakman z lat 50-tych z teku Stylowy fotel biurowy z lat 50. XX wieku, zaprojektowany przez C. Braakmana. Wykonany z drewna tekowego, posiada czarn\u0105 tapicerk\u0119. Mebel w dobrym stanie, idealny jako dodatek do nowoczesnego wn\u0119trza. Wymiary wysoko\u015b\u0107: 77m szeroko\u015b\u0107:\u00a0 60cm g\u0142\u0119boko\u015b\u0107: 46cm wysoko\u015b\u0107 do siedziska: 42cm g\u0142\u0119boko\u015b\u0107 siedziska: 42cm Posiadam 2 [&hellip;]<\/p>\n","protected":false},"featured_media":57151,"template":"","meta":{"_seopress_robots_primary_cat":"","_seopress_titles_title":"","_seopress_titles_desc":"","_seopress_robots_index":"","site-sidebar-layout":"default","site-content-layout":"","ast-site-content-layout":"default","site-content-style":"default","site-sidebar-style":"default","ast-global-header-display":"","ast-banner-title-visibility":"","ast-main-header-display":"","ast-hfb-above-header-display":"","ast-hfb-below-header-display":"","ast-hfb-mobile-header-display":"","site-post-title":"","ast-breadcrumbs-content":"","ast-featured-img":"","footer-sml-layout":"","ast-disable-related-posts":"","theme-transparent-header-meta":"default","adv-header-id-meta":"","stick-header-meta":"default","header-above-stick-meta":"","header-main-stick-meta":"","header-below-stick-meta":"","astra-migrate-meta-layouts":"set","ast-page-background-enabled":"default","ast-page-background-meta":{"desktop":{"background-color":"var(--ast-global-color-4)","background-image":"","background-repeat":"repeat","background-position":"center center","background-size":"auto","background-attachment":"scroll","background-type":"","background-media":"","overlay-type":"","overlay-color":"","overlay-opacity":"","overlay-gradient":""},"tablet":{"background-color":"","background-image":"","background-repeat":"repeat","background-position":"center center","background-size":"auto","background-attachment":"scroll","background-type":"","background-media":"","overlay-type":"","overlay-color":"","overlay-opacity":"","overlay-gradient":""},"mobile":{"background-color":"","background-image":"","background-repeat":"repeat","background-position":"center center","background-size":"auto","background-attachment":"scroll","background-type":"","background-media":"","overlay-type":"","overlay-color":"","overlay-opacity":"","overlay-gradient":""}},"ast-content-background-meta":{"desktop":{"background-color":"var(--ast-global-color-5)","background-image":"","background-repeat":"repeat","background-position":"center center","background-size":"auto","background-attachment":"scroll","background-type":"","background-media":"","overlay-type":"","overlay-color":"","overlay-opacity":"","overlay-gradient":""},"tablet":{"background-color":"var(--ast-global-color-5)","background-image":"","background-repeat":"repeat","background-position":"center center","background-size":"auto","background-attachment":"scroll","background-type":"","background-media":"","overlay-type":"","overlay-color":"","overlay-opacity":"","overlay-gradient":""},"mobile":{"background-color":"var(--ast-global-color-5)","background-image":"","background-repeat":"repeat","background-position":"center center","background-size":"auto","background-attachment":"scroll","background-type":"","background-media":"","overlay-type":"","overlay-color":"","overlay-opacity":"","overlay-gradient":""}}},"product_brand":[],"product_cat":[39,32],"product_tag":[],"class_list":{"0":"post-57248","1":"product","2":"type-product","3":"status-publish","4":"has-post-thumbnail","6":"product_cat-fotele-puf","7":"product_cat-meble","8":"product_shipping_class-wysylka-80zl","9":"desktop-align-left","10":"tablet-align-left","11":"mobile-align-left","12":"ast-product-gallery-layout-vertical-slider","13":"ast-product-tabs-layout-horizontal","14":"ast-qv-on-image","16":"first","17":"instock","18":"sale","19":"shipping-taxable","20":"purchasable","21":"product-type-simple"},"_links":{"self":[{"href":"https:\/\/antart.com.pl\/en\/wp-json\/wp\/v2\/product\/57248","targetHints":{"allow":["GET"]}}],"collection":[{"href":"https:\/\/antart.com.pl\/en\/wp-json\/wp\/v2\/product"}],"about":[{"href":"https:\/\/antart.com.pl\/en\/wp-json\/wp\/v2\/types\/product"}],"wp:featuredmedia":[{"embeddable":true,"href":"https:\/\/antart.com.pl\/en\/wp-json\/wp\/v2\/media\/57151"}],"wp:attachment":[{"href":"https:\/\/antart.com.pl\/en\/wp-json\/wp\/v2\/media?parent=57248"}],"wp:term":[{"taxonomy":"product_brand","embeddable":true,"href":"https:\/\/antart.com.pl\/en\/wp-json\/wp\/v2\/product_brand?post=57248"},{"taxonomy":"product_cat","embeddable":true,"href":"https:\/\/antart.com.pl\/en\/wp-json\/wp\/v2\/product_cat?post=57248"},{"taxonomy":"product_tag","embeddable":true,"href":"https:\/\/antart.com.pl\/en\/wp-json\/wp\/v2\/product_tag?post=57248"}],"curies":[{"name":"wp","href":"https:\/\/api.w.org\/{rel}","templated":true}]}}