{"id":57252,"date":"2026-01-06T12:22:57","date_gmt":"2026-01-06T11:22:57","guid":{"rendered":"https:\/\/antart.com.pl\/?post_type=product&#038;p=57252"},"modified":"2025-12-28T12:29:42","modified_gmt":"2025-12-28T11:29:42","slug":"wieszak-na-ubrania-vintage-z-lat-70-tych","status":"publish","type":"product","link":"https:\/\/antart.com.pl\/en\/produkt\/wieszak-na-ubrania-vintage-z-lat-70-tych\/","title":{"rendered":"1970s vintage clothes hanger"},"content":{"rendered":"<h4 style=\"text-align: center;\"><em><strong>1970s vintage clothes hanger<\/strong><\/em><\/h4>\n<h4 style=\"text-align: center;\"><em><strong>Zabawna, pluszowa figurka, wieszak na ubrania z lat 70-tych. Przedstawia \u017c\u00f3\u0142tego psa z d\u0142ugimi uszami i niebieskimi nogami. Wieszak jest w u\u017cywanym stanie, ale nadal zachowa\u0142a sw\u00f3j urok. \u015awietna dekoracja do domu lub prezent dla mi\u0142o\u015bnika vintage&#8217;owych przedmiot\u00f3w.<\/strong><\/em><\/h4>\n<h4><em><strong>Dimensions:<\/strong><\/em><\/h4>\n<ul>\n<li>\n<h4><em><strong>wysoko\u015b\u0107: 138cm<\/strong><\/em><\/h4>\n<\/li>\n<li>\n<h4><em><strong>szeroko\u015b\u0107 ca\u0142kowita: 44<\/strong><\/em><\/h4>\n<\/li>\n<li>\n<h4><em><strong>depth: 40cm<\/strong><\/em><\/h4>\n<\/li>\n<\/ul>\n<h4><em><strong>Art. nr. 10421<\/strong><\/em><\/h4>","protected":false},"excerpt":{"rendered":"<p>Wieszak na ubrania vintage z lat 70-tych Zabawna, pluszowa figurka, wieszak na ubrania z lat 70-tych. Przedstawia \u017c\u00f3\u0142tego psa z d\u0142ugimi uszami i niebieskimi nogami. Wieszak jest w u\u017cywanym stanie, ale nadal zachowa\u0142a sw\u00f3j urok. \u015awietna dekoracja do domu lub prezent dla mi\u0142o\u015bnika vintage&#8217;owych przedmiot\u00f3w. Wymiary: wysoko\u015b\u0107: 138cm szeroko\u015b\u0107 ca\u0142kowita: 44 g\u0142\u0119boko\u015b\u0107: 40cm Art. nr. [&hellip;]<\/p>\n","protected":false},"featured_media":57198,"template":"","meta":{"_seopress_robots_primary_cat":"","_seopress_titles_title":"","_seopress_titles_desc":"","_seopress_robots_index":"","site-sidebar-layout":"default","site-content-layout":"","ast-site-content-layout":"default","site-content-style":"default","site-sidebar-style":"default","ast-global-header-display":"","ast-banner-title-visibility":"","ast-main-header-display":"","ast-hfb-above-header-display":"","ast-hfb-below-header-display":"","ast-hfb-mobile-header-display":"","site-post-title":"","ast-breadcrumbs-content":"","ast-featured-img":"","footer-sml-layout":"","ast-disable-related-posts":"","theme-transparent-header-meta":"default","adv-header-id-meta":"","stick-header-meta":"default","header-above-stick-meta":"","header-main-stick-meta":"","header-below-stick-meta":"","astra-migrate-meta-layouts":"set","ast-page-background-enabled":"default","ast-page-background-meta":{"desktop":{"background-color":"var(--ast-global-color-4)","background-image":"","background-repeat":"repeat","background-position":"center center","background-size":"auto","background-attachment":"scroll","background-type":"","background-media":"","overlay-type":"","overlay-color":"","overlay-opacity":"","overlay-gradient":""},"tablet":{"background-color":"","background-image":"","background-repeat":"repeat","background-position":"center center","background-size":"auto","background-attachment":"scroll","background-type":"","background-media":"","overlay-type":"","overlay-color":"","overlay-opacity":"","overlay-gradient":""},"mobile":{"background-color":"","background-image":"","background-repeat":"repeat","background-position":"center center","background-size":"auto","background-attachment":"scroll","background-type":"","background-media":"","overlay-type":"","overlay-color":"","overlay-opacity":"","overlay-gradient":""}},"ast-content-background-meta":{"desktop":{"background-color":"var(--ast-global-color-5)","background-image":"","background-repeat":"repeat","background-position":"center center","background-size":"auto","background-attachment":"scroll","background-type":"","background-media":"","overlay-type":"","overlay-color":"","overlay-opacity":"","overlay-gradient":""},"tablet":{"background-color":"var(--ast-global-color-5)","background-image":"","background-repeat":"repeat","background-position":"center center","background-size":"auto","background-attachment":"scroll","background-type":"","background-media":"","overlay-type":"","overlay-color":"","overlay-opacity":"","overlay-gradient":""},"mobile":{"background-color":"var(--ast-global-color-5)","background-image":"","background-repeat":"repeat","background-position":"center center","background-size":"auto","background-attachment":"scroll","background-type":"","background-media":"","overlay-type":"","overlay-color":"","overlay-opacity":"","overlay-gradient":""}}},"product_brand":[],"product_cat":[32,43,114],"product_tag":[],"class_list":{"0":"post-57252","1":"product","2":"type-product","3":"status-publish","4":"has-post-thumbnail","6":"product_cat-meble","7":"product_cat-meble-designe","8":"product_cat-wieszaki","9":"product_shipping_class-wysylka-70zl","10":"desktop-align-left","11":"tablet-align-left","12":"mobile-align-left","13":"ast-product-gallery-layout-vertical-slider","14":"ast-product-tabs-layout-horizontal","15":"ast-qv-on-image","17":"first","18":"instock","19":"sold-individually","20":"shipping-taxable","21":"purchasable","22":"product-type-simple"},"_links":{"self":[{"href":"https:\/\/antart.com.pl\/en\/wp-json\/wp\/v2\/product\/57252","targetHints":{"allow":["GET"]}}],"collection":[{"href":"https:\/\/antart.com.pl\/en\/wp-json\/wp\/v2\/product"}],"about":[{"href":"https:\/\/antart.com.pl\/en\/wp-json\/wp\/v2\/types\/product"}],"wp:featuredmedia":[{"embeddable":true,"href":"https:\/\/antart.com.pl\/en\/wp-json\/wp\/v2\/media\/57198"}],"wp:attachment":[{"href":"https:\/\/antart.com.pl\/en\/wp-json\/wp\/v2\/media?parent=57252"}],"wp:term":[{"taxonomy":"product_brand","embeddable":true,"href":"https:\/\/antart.com.pl\/en\/wp-json\/wp\/v2\/product_brand?post=57252"},{"taxonomy":"product_cat","embeddable":true,"href":"https:\/\/antart.com.pl\/en\/wp-json\/wp\/v2\/product_cat?post=57252"},{"taxonomy":"product_tag","embeddable":true,"href":"https:\/\/antart.com.pl\/en\/wp-json\/wp\/v2\/product_tag?post=57252"}],"curies":[{"name":"wp","href":"https:\/\/api.w.org\/{rel}","templated":true}]}}