{"id":57255,"date":"2026-01-07T12:49:41","date_gmt":"2026-01-07T11:49:41","guid":{"rendered":"https:\/\/antart.com.pl\/?post_type=product&#038;p=57255"},"modified":"2025-12-28T13:10:25","modified_gmt":"2025-12-28T12:10:25","slug":"coffee-table-whitewashed-in-ludwik-style","status":"publish","type":"product","link":"https:\/\/antart.com.pl\/en\/produkt\/stolik-kawowy-bielony-w-stylu-ludwikowskim\/","title":{"rendered":"Folkstyle whitewashed coffee table"},"content":{"rendered":"<h4 style=\"text-align: center;\"><strong><em>Folkstyle whitewashed coffee table<\/em><\/strong><\/h4>\n<h4 style=\"text-align: center;\"><strong><em>A stylish Louis XV style coffee table, repainted in white. The piece of furniture has distinctive carved legs and an elegant rectangular form. The table has been used and shows signs of time, but it has retained its unique appearance and will be a beautiful decoration for any vintage-style interior.<\/em><\/strong><\/h4>\n<p>&nbsp;<\/p>\n<h4 style=\"text-align: left;\"><strong><em>Dimensions:<\/em><\/strong><\/h4>\n<ul>\n<li>\n<h4><strong><em>length: 59cm<\/em><\/strong><\/h4>\n<\/li>\n<li>\n<h4><strong><em>width: 39cm<\/em><\/strong><\/h4>\n<\/li>\n<li>\n<h4><strong><em>height: 51cm<\/em><\/strong><\/h4>\n<\/li>\n<\/ul>\n<h4><\/h4>\n<h4><strong><em>NO. ART 10424<\/em><\/strong><\/h4>","protected":false},"excerpt":{"rendered":"<p>Stolik kawowy bielony w stylu ludwikowskim Stylowy, odmalowany na bia\u0142o stolik kawowy w stylu Ludwika XV. Mebel ma charakterystyczne, rze\u017abione nogi oraz eleganck\u0105, prostok\u0105tn\u0105 form\u0119. Stolik jest u\u017cywany i posiada oznaki czasu, ale zachowa\u0142 sw\u00f3j unikatowy wygl\u0105d i b\u0119dzie pi\u0119kn\u0105 ozdob\u0105 ka\u017cdego wn\u0119trza w stylu vintage. &nbsp; Wymiary: d\u0142ugo\u015b\u0107: 59cm szeroko\u015b\u0107: 39cm wysoko\u015b\u0107: 51cm NR. [&hellip;]<\/p>\n","protected":false},"featured_media":57236,"template":"","meta":{"_seopress_robots_primary_cat":"","_seopress_titles_title":"","_seopress_titles_desc":"","_seopress_robots_index":"","site-sidebar-layout":"default","site-content-layout":"","ast-site-content-layout":"default","site-content-style":"default","site-sidebar-style":"default","ast-global-header-display":"","ast-banner-title-visibility":"","ast-main-header-display":"","ast-hfb-above-header-display":"","ast-hfb-below-header-display":"","ast-hfb-mobile-header-display":"","site-post-title":"","ast-breadcrumbs-content":"","ast-featured-img":"","footer-sml-layout":"","ast-disable-related-posts":"","theme-transparent-header-meta":"default","adv-header-id-meta":"","stick-header-meta":"default","header-above-stick-meta":"","header-main-stick-meta":"","header-below-stick-meta":"","astra-migrate-meta-layouts":"set","ast-page-background-enabled":"default","ast-page-background-meta":{"desktop":{"background-color":"var(--ast-global-color-4)","background-image":"","background-repeat":"repeat","background-position":"center center","background-size":"auto","background-attachment":"scroll","background-type":"","background-media":"","overlay-type":"","overlay-color":"","overlay-opacity":"","overlay-gradient":""},"tablet":{"background-color":"","background-image":"","background-repeat":"repeat","background-position":"center center","background-size":"auto","background-attachment":"scroll","background-type":"","background-media":"","overlay-type":"","overlay-color":"","overlay-opacity":"","overlay-gradient":""},"mobile":{"background-color":"","background-image":"","background-repeat":"repeat","background-position":"center center","background-size":"auto","background-attachment":"scroll","background-type":"","background-media":"","overlay-type":"","overlay-color":"","overlay-opacity":"","overlay-gradient":""}},"ast-content-background-meta":{"desktop":{"background-color":"var(--ast-global-color-5)","background-image":"","background-repeat":"repeat","background-position":"center center","background-size":"auto","background-attachment":"scroll","background-type":"","background-media":"","overlay-type":"","overlay-color":"","overlay-opacity":"","overlay-gradient":""},"tablet":{"background-color":"var(--ast-global-color-5)","background-image":"","background-repeat":"repeat","background-position":"center center","background-size":"auto","background-attachment":"scroll","background-type":"","background-media":"","overlay-type":"","overlay-color":"","overlay-opacity":"","overlay-gradient":""},"mobile":{"background-color":"var(--ast-global-color-5)","background-image":"","background-repeat":"repeat","background-position":"center center","background-size":"auto","background-attachment":"scroll","background-type":"","background-media":"","overlay-type":"","overlay-color":"","overlay-opacity":"","overlay-gradient":""}}},"product_brand":[],"product_cat":[32,33],"product_tag":[],"class_list":{"0":"post-57255","1":"product","2":"type-product","3":"status-publish","4":"has-post-thumbnail","6":"product_cat-meble","7":"product_cat-stoly-stoliki","8":"product_shipping_class-wysylka-80zl","9":"desktop-align-left","10":"tablet-align-left","11":"mobile-align-left","12":"ast-product-gallery-layout-vertical-slider","13":"ast-product-tabs-layout-horizontal","14":"ast-qv-on-image","16":"first","17":"instock","18":"sold-individually","19":"shipping-taxable","20":"purchasable","21":"product-type-simple"},"_links":{"self":[{"href":"https:\/\/antart.com.pl\/en\/wp-json\/wp\/v2\/product\/57255","targetHints":{"allow":["GET"]}}],"collection":[{"href":"https:\/\/antart.com.pl\/en\/wp-json\/wp\/v2\/product"}],"about":[{"href":"https:\/\/antart.com.pl\/en\/wp-json\/wp\/v2\/types\/product"}],"wp:featuredmedia":[{"embeddable":true,"href":"https:\/\/antart.com.pl\/en\/wp-json\/wp\/v2\/media\/57236"}],"wp:attachment":[{"href":"https:\/\/antart.com.pl\/en\/wp-json\/wp\/v2\/media?parent=57255"}],"wp:term":[{"taxonomy":"product_brand","embeddable":true,"href":"https:\/\/antart.com.pl\/en\/wp-json\/wp\/v2\/product_brand?post=57255"},{"taxonomy":"product_cat","embeddable":true,"href":"https:\/\/antart.com.pl\/en\/wp-json\/wp\/v2\/product_cat?post=57255"},{"taxonomy":"product_tag","embeddable":true,"href":"https:\/\/antart.com.pl\/en\/wp-json\/wp\/v2\/product_tag?post=57255"}],"curies":[{"name":"wp","href":"https:\/\/api.w.org\/{rel}","templated":true}]}}