{"id":57256,"date":"2026-01-07T13:17:35","date_gmt":"2026-01-07T12:17:35","guid":{"rendered":"https:\/\/antart.com.pl\/?post_type=product&#038;p=57256"},"modified":"2025-12-28T13:56:05","modified_gmt":"2025-12-28T12:56:05","slug":"mid-20th-century-table-with-bevelled-and-mirrored-top","status":"publish","type":"product","link":"https:\/\/antart.com.pl\/en\/produkt\/stolik-z-fazowanym-i-lustrzanym-blatem-z-polowy-xx-wieku\/","title":{"rendered":"Mid-20th century table with bevelled and mirrored top"},"content":{"rendered":"<h4 style=\"text-align: center;\"><em>Mid-20th century table with bevelled and mirrored top<\/em><\/h4>\n<h4 style=\"text-align: center;\"><em>Old vintage table with bevelled and mirrored top dating from the mid-20th century. The retro-style wooden frame gives it a unique character.<\/em><\/h4>\n<h4 style=\"text-align: center;\"><em>Upper part and lower part covered with mirrors.<\/em><\/h4>\n<h4><em><b>Dimensions:<\/b><\/em><\/h4>\n<ul>\n<li>\n<h4><em>height 62cm<\/em><\/h4>\n<\/li>\n<li>\n<h4><em>length: 34.5 cm<\/em><\/h4>\n<\/li>\n<li>\n<h4><em>width: 34.5cm<\/em><\/h4>\n<\/li>\n<li>\n<h4><em>height to glass shelf : 33cm<\/em><\/h4>\n<\/li>\n<li><\/li>\n<\/ul>\n<h4><em><b>NO. ART 10426<\/b><\/em><\/h4>","protected":false},"excerpt":{"rendered":"<p>Stolik z fazowanym i lustrzanym blatem z po\u0142owy XX wieku Stary, zabytkowy stolik z fazowanym i lustrzanym blatem pochodz\u0105cy z po\u0142owy XX wieku. Drewniana rama w stylu retro nadaje mu wyj\u0105tkowy charakter. G\u00f3rna cz\u0119\u015b\u0107 i dolna cz\u0119\u015b\u0107 pokryta lustrami. Wymiary: wysoko\u015b\u0107 62cm d\u0142ugo\u015b\u0107: 34,5 cm szeroko\u015b\u0107: 34,5cm wysoko\u015b\u0107 do p\u00f3\u0142ki szklanej : 33cm NR. ART [&hellip;]<\/p>\n","protected":false},"featured_media":57260,"template":"","meta":{"_seopress_robots_primary_cat":"","_seopress_titles_title":"","_seopress_titles_desc":"","_seopress_robots_index":"","site-sidebar-layout":"default","site-content-layout":"","ast-site-content-layout":"default","site-content-style":"default","site-sidebar-style":"default","ast-global-header-display":"","ast-banner-title-visibility":"","ast-main-header-display":"","ast-hfb-above-header-display":"","ast-hfb-below-header-display":"","ast-hfb-mobile-header-display":"","site-post-title":"","ast-breadcrumbs-content":"","ast-featured-img":"","footer-sml-layout":"","ast-disable-related-posts":"","theme-transparent-header-meta":"default","adv-header-id-meta":"","stick-header-meta":"default","header-above-stick-meta":"","header-main-stick-meta":"","header-below-stick-meta":"","astra-migrate-meta-layouts":"set","ast-page-background-enabled":"default","ast-page-background-meta":{"desktop":{"background-color":"var(--ast-global-color-4)","background-image":"","background-repeat":"repeat","background-position":"center center","background-size":"auto","background-attachment":"scroll","background-type":"","background-media":"","overlay-type":"","overlay-color":"","overlay-opacity":"","overlay-gradient":""},"tablet":{"background-color":"","background-image":"","background-repeat":"repeat","background-position":"center center","background-size":"auto","background-attachment":"scroll","background-type":"","background-media":"","overlay-type":"","overlay-color":"","overlay-opacity":"","overlay-gradient":""},"mobile":{"background-color":"","background-image":"","background-repeat":"repeat","background-position":"center center","background-size":"auto","background-attachment":"scroll","background-type":"","background-media":"","overlay-type":"","overlay-color":"","overlay-opacity":"","overlay-gradient":""}},"ast-content-background-meta":{"desktop":{"background-color":"var(--ast-global-color-5)","background-image":"","background-repeat":"repeat","background-position":"center center","background-size":"auto","background-attachment":"scroll","background-type":"","background-media":"","overlay-type":"","overlay-color":"","overlay-opacity":"","overlay-gradient":""},"tablet":{"background-color":"var(--ast-global-color-5)","background-image":"","background-repeat":"repeat","background-position":"center center","background-size":"auto","background-attachment":"scroll","background-type":"","background-media":"","overlay-type":"","overlay-color":"","overlay-opacity":"","overlay-gradient":""},"mobile":{"background-color":"var(--ast-global-color-5)","background-image":"","background-repeat":"repeat","background-position":"center center","background-size":"auto","background-attachment":"scroll","background-type":"","background-media":"","overlay-type":"","overlay-color":"","overlay-opacity":"","overlay-gradient":""}}},"product_brand":[],"product_cat":[32,33],"product_tag":[],"class_list":{"0":"post-57256","1":"product","2":"type-product","3":"status-publish","4":"has-post-thumbnail","6":"product_cat-meble","7":"product_cat-stoly-stoliki","8":"product_shipping_class-wysylka-80zl","9":"desktop-align-left","10":"tablet-align-left","11":"mobile-align-left","12":"ast-product-gallery-layout-vertical-slider","13":"ast-product-tabs-layout-horizontal","14":"ast-qv-on-image","16":"first","17":"instock","18":"sold-individually","19":"shipping-taxable","20":"purchasable","21":"product-type-simple"},"_links":{"self":[{"href":"https:\/\/antart.com.pl\/en\/wp-json\/wp\/v2\/product\/57256","targetHints":{"allow":["GET"]}}],"collection":[{"href":"https:\/\/antart.com.pl\/en\/wp-json\/wp\/v2\/product"}],"about":[{"href":"https:\/\/antart.com.pl\/en\/wp-json\/wp\/v2\/types\/product"}],"wp:featuredmedia":[{"embeddable":true,"href":"https:\/\/antart.com.pl\/en\/wp-json\/wp\/v2\/media\/57260"}],"wp:attachment":[{"href":"https:\/\/antart.com.pl\/en\/wp-json\/wp\/v2\/media?parent=57256"}],"wp:term":[{"taxonomy":"product_brand","embeddable":true,"href":"https:\/\/antart.com.pl\/en\/wp-json\/wp\/v2\/product_brand?post=57256"},{"taxonomy":"product_cat","embeddable":true,"href":"https:\/\/antart.com.pl\/en\/wp-json\/wp\/v2\/product_cat?post=57256"},{"taxonomy":"product_tag","embeddable":true,"href":"https:\/\/antart.com.pl\/en\/wp-json\/wp\/v2\/product_tag?post=57256"}],"curies":[{"name":"wp","href":"https:\/\/api.w.org\/{rel}","templated":true}]}}