{"id":57294,"date":"2026-01-07T13:55:08","date_gmt":"2026-01-07T12:55:08","guid":{"rendered":"https:\/\/antart.com.pl\/?post_type=product&#038;p=57294"},"modified":"2025-12-28T13:55:28","modified_gmt":"2025-12-28T12:55:28","slug":"vintage-style-brass-floor-lamp-from-the-1970s","status":"publish","type":"product","link":"https:\/\/antart.com.pl\/en\/produkt\/stylowa-lampa-podlogowa-mosiezna-w-stylu-vintage-z-lat-70-tych\/","title":{"rendered":"Stylish 1970s vintage style brass floor lamp"},"content":{"rendered":"<h4 style=\"text-align: center;\"><strong><em>Stylish 1970s vintage style brass floor lamp<\/em><\/strong><\/h4>\n<h4 style=\"text-align: center;\"><strong><em>A stylish vintage brass standing floor lamp from the 1970s. The lamp has a beautiful warm shade of lampshade and a delicate leaf pattern around the perimeter. It presents itself elegantly and adds character to any interior.<\/em><\/strong><\/h4>\n<h4 style=\"text-align: center;\"><strong><em>Lampshade can be adjusted upwards and downwards.<\/em><\/strong><\/h4>\n<h4><strong><em>Dimensions:<\/em><\/strong><\/h4>\n<ul>\n<li><strong><em>total height: 168cm<\/em><\/strong><\/li>\n<li><strong><em>upper diameter of lampshade: 40cm<\/em><\/strong><\/li>\n<li><strong><em>bottom diameter of lampshade: 46cm<\/em><\/strong><\/li>\n<\/ul>\n<h4><strong><em>NO. ART 10297<\/em><\/strong><\/h4>","protected":false},"excerpt":{"rendered":"<p>Stylowa lampa pod\u0142ogowa mosi\u0119\u017cna w stylu vintage z lat 70-tych Stylowy, vintage&#8217;owy mosi\u0119\u017cny stoj\u0105cy lampa pod\u0142ogowa z lat 70-tych. Lampa ma pi\u0119kny, ciep\u0142y odcie\u0144 aba\u017cura oraz delikatny wz\u00f3r li\u015bci na obwodzie. Prezentuje si\u0119 elegancko i dodaje charakteru ka\u017cdemu wn\u0119trzu. Mo\u017cliwo\u015b\u0107 regulacji aba\u017cura g\u00f3ra d\u00f3\u0142. Wymiary: wysoko\u015b\u0107 ca\u0142kowita: 168cm \u015brednica g\u00f3rna klosza:40cm \u015brednica dolna klosza: 46cm [&hellip;]<\/p>\n","protected":false},"featured_media":57298,"template":"","meta":{"_seopress_robots_primary_cat":"","_seopress_titles_title":"","_seopress_titles_desc":"","_seopress_robots_index":"","site-sidebar-layout":"default","site-content-layout":"","ast-site-content-layout":"default","site-content-style":"default","site-sidebar-style":"default","ast-global-header-display":"","ast-banner-title-visibility":"","ast-main-header-display":"","ast-hfb-above-header-display":"","ast-hfb-below-header-display":"","ast-hfb-mobile-header-display":"","site-post-title":"","ast-breadcrumbs-content":"","ast-featured-img":"","footer-sml-layout":"","ast-disable-related-posts":"","theme-transparent-header-meta":"default","adv-header-id-meta":"","stick-header-meta":"default","header-above-stick-meta":"","header-main-stick-meta":"","header-below-stick-meta":"","astra-migrate-meta-layouts":"set","ast-page-background-enabled":"default","ast-page-background-meta":{"desktop":{"background-color":"var(--ast-global-color-4)","background-image":"","background-repeat":"repeat","background-position":"center center","background-size":"auto","background-attachment":"scroll","background-type":"","background-media":"","overlay-type":"","overlay-color":"","overlay-opacity":"","overlay-gradient":""},"tablet":{"background-color":"","background-image":"","background-repeat":"repeat","background-position":"center center","background-size":"auto","background-attachment":"scroll","background-type":"","background-media":"","overlay-type":"","overlay-color":"","overlay-opacity":"","overlay-gradient":""},"mobile":{"background-color":"","background-image":"","background-repeat":"repeat","background-position":"center center","background-size":"auto","background-attachment":"scroll","background-type":"","background-media":"","overlay-type":"","overlay-color":"","overlay-opacity":"","overlay-gradient":""}},"ast-content-background-meta":{"desktop":{"background-color":"var(--ast-global-color-5)","background-image":"","background-repeat":"repeat","background-position":"center center","background-size":"auto","background-attachment":"scroll","background-type":"","background-media":"","overlay-type":"","overlay-color":"","overlay-opacity":"","overlay-gradient":""},"tablet":{"background-color":"var(--ast-global-color-5)","background-image":"","background-repeat":"repeat","background-position":"center center","background-size":"auto","background-attachment":"scroll","background-type":"","background-media":"","overlay-type":"","overlay-color":"","overlay-opacity":"","overlay-gradient":""},"mobile":{"background-color":"var(--ast-global-color-5)","background-image":"","background-repeat":"repeat","background-position":"center center","background-size":"auto","background-attachment":"scroll","background-type":"","background-media":"","overlay-type":"","overlay-color":"","overlay-opacity":"","overlay-gradient":""}}},"product_brand":[],"product_cat":[52,30],"product_tag":[],"class_list":{"0":"post-57294","1":"product","2":"type-product","3":"status-publish","4":"has-post-thumbnail","6":"product_cat-lampy-stojace","7":"product_cat-oswietlenie","8":"product_shipping_class-wysylka-120zl","9":"desktop-align-left","10":"tablet-align-left","11":"mobile-align-left","12":"ast-product-gallery-layout-vertical-slider","13":"ast-product-tabs-layout-horizontal","14":"ast-qv-on-image","16":"first","17":"instock","18":"sold-individually","19":"shipping-taxable","20":"purchasable","21":"product-type-simple"},"_links":{"self":[{"href":"https:\/\/antart.com.pl\/en\/wp-json\/wp\/v2\/product\/57294","targetHints":{"allow":["GET"]}}],"collection":[{"href":"https:\/\/antart.com.pl\/en\/wp-json\/wp\/v2\/product"}],"about":[{"href":"https:\/\/antart.com.pl\/en\/wp-json\/wp\/v2\/types\/product"}],"wp:featuredmedia":[{"embeddable":true,"href":"https:\/\/antart.com.pl\/en\/wp-json\/wp\/v2\/media\/57298"}],"wp:attachment":[{"href":"https:\/\/antart.com.pl\/en\/wp-json\/wp\/v2\/media?parent=57294"}],"wp:term":[{"taxonomy":"product_brand","embeddable":true,"href":"https:\/\/antart.com.pl\/en\/wp-json\/wp\/v2\/product_brand?post=57294"},{"taxonomy":"product_cat","embeddable":true,"href":"https:\/\/antart.com.pl\/en\/wp-json\/wp\/v2\/product_cat?post=57294"},{"taxonomy":"product_tag","embeddable":true,"href":"https:\/\/antart.com.pl\/en\/wp-json\/wp\/v2\/product_tag?post=57294"}],"curies":[{"name":"wp","href":"https:\/\/api.w.org\/{rel}","templated":true}]}}