{"id":58230,"date":"2026-01-07T12:57:00","date_gmt":"2026-01-07T11:57:00","guid":{"rendered":"https:\/\/antart.com.pl\/?post_type=product&#038;p=58230"},"modified":"2026-01-04T13:02:23","modified_gmt":"2026-01-04T12:02:23","slug":"stol-intarsjowany-w-stylu-edwardianskim-z-xx-wieku","status":"publish","type":"product","link":"https:\/\/antart.com.pl\/en\/produkt\/stol-intarsjowany-w-stylu-edwardianskim-z-xx-wieku\/","title":{"rendered":"20th century Edwardian style inlaid table"},"content":{"rendered":"<h4 style=\"text-align: center;\"><em><strong>20th century Edwardian style inlaid table<\/strong><\/em><\/h4>\n<h4 style=\"text-align: center;\"><em><strong>Stylowy, drewniany stolik z okresu edwardia\u0144skiego z XX wieku. Mebel charakteryzuje si\u0119 pi\u0119knym, r\u0119cznie wykonanym wzorem inkrustacji. Stolik jest w dobrym stanie, mo\u017ce stanowi\u0107 ciekawy element wyposa\u017cenia wn\u0119trza w stylu vintage.<\/strong><\/em><\/h4>\n<h4 style=\"text-align: center;\"><em><strong>Posiada prostok\u0105tny blat z lekko zaokr\u0105glonymi kraw\u0119dziami, smuk\u0142e nogi i ozdobny \u0142\u0105cznik w kszta\u0142cie litery X u do\u0142u.<\/strong><\/em><\/h4>\n<h4><em><strong>Dimensions:<\/strong><\/em><\/h4>\n<ul>\n<li>\n<h4><em><strong>length: 102 cm<\/strong><\/em><\/h4>\n<\/li>\n<li>\n<h4><em><strong>width: 67cm<\/strong><\/em><\/h4>\n<\/li>\n<li>\n<h4><em><strong>height: 78cm<\/strong><\/em><\/h4>\n<\/li>\n<\/ul>\n<h4 style=\"text-align: center;\"><em><strong>NOTE!!!<\/strong><\/em><\/h4>\n<h4 style=\"text-align: center;\"><em><strong>For the sake of safe delivery, in some cases we organise bulk or individual shipping.<\/strong><\/em><\/h4>\n<h4 style=\"text-align: center;\"><em><strong>***************************<\/strong><\/em><\/h4>\n<h4 style=\"text-align: center;\"><em><strong>The photos show the actual state of the object<\/strong><\/em><\/h4>\n<h4><em><strong>NR. ART 10430<\/strong><\/em><\/h4>","protected":false},"excerpt":{"rendered":"<p>St\u00f3\u0142 intarsjowany w stylu edwardia\u0144skim z XX wieku Stylowy, drewniany stolik z okresu edwardia\u0144skiego z XX wieku. Mebel charakteryzuje si\u0119 pi\u0119knym, r\u0119cznie wykonanym wzorem inkrustacji. Stolik jest w dobrym stanie, mo\u017ce stanowi\u0107 ciekawy element wyposa\u017cenia wn\u0119trza w stylu vintage. Posiada prostok\u0105tny blat z lekko zaokr\u0105glonymi kraw\u0119dziami, smuk\u0142e nogi i ozdobny \u0142\u0105cznik w kszta\u0142cie litery X [&hellip;]<\/p>\n","protected":false},"featured_media":58093,"template":"","meta":{"_seopress_robots_primary_cat":"","_seopress_titles_title":"","_seopress_titles_desc":"","_seopress_robots_index":"","site-sidebar-layout":"default","site-content-layout":"","ast-site-content-layout":"default","site-content-style":"default","site-sidebar-style":"default","ast-global-header-display":"","ast-banner-title-visibility":"","ast-main-header-display":"","ast-hfb-above-header-display":"","ast-hfb-below-header-display":"","ast-hfb-mobile-header-display":"","site-post-title":"","ast-breadcrumbs-content":"","ast-featured-img":"","footer-sml-layout":"","ast-disable-related-posts":"","theme-transparent-header-meta":"default","adv-header-id-meta":"","stick-header-meta":"default","header-above-stick-meta":"","header-main-stick-meta":"","header-below-stick-meta":"","astra-migrate-meta-layouts":"set","ast-page-background-enabled":"default","ast-page-background-meta":{"desktop":{"background-color":"var(--ast-global-color-4)","background-image":"","background-repeat":"repeat","background-position":"center center","background-size":"auto","background-attachment":"scroll","background-type":"","background-media":"","overlay-type":"","overlay-color":"","overlay-opacity":"","overlay-gradient":""},"tablet":{"background-color":"","background-image":"","background-repeat":"repeat","background-position":"center center","background-size":"auto","background-attachment":"scroll","background-type":"","background-media":"","overlay-type":"","overlay-color":"","overlay-opacity":"","overlay-gradient":""},"mobile":{"background-color":"","background-image":"","background-repeat":"repeat","background-position":"center center","background-size":"auto","background-attachment":"scroll","background-type":"","background-media":"","overlay-type":"","overlay-color":"","overlay-opacity":"","overlay-gradient":""}},"ast-content-background-meta":{"desktop":{"background-color":"var(--ast-global-color-5)","background-image":"","background-repeat":"repeat","background-position":"center center","background-size":"auto","background-attachment":"scroll","background-type":"","background-media":"","overlay-type":"","overlay-color":"","overlay-opacity":"","overlay-gradient":""},"tablet":{"background-color":"var(--ast-global-color-5)","background-image":"","background-repeat":"repeat","background-position":"center center","background-size":"auto","background-attachment":"scroll","background-type":"","background-media":"","overlay-type":"","overlay-color":"","overlay-opacity":"","overlay-gradient":""},"mobile":{"background-color":"var(--ast-global-color-5)","background-image":"","background-repeat":"repeat","background-position":"center center","background-size":"auto","background-attachment":"scroll","background-type":"","background-media":"","overlay-type":"","overlay-color":"","overlay-opacity":"","overlay-gradient":""}}},"product_brand":[],"product_cat":[32,33],"product_tag":[],"class_list":{"0":"post-58230","1":"product","2":"type-product","3":"status-publish","4":"has-post-thumbnail","6":"product_cat-meble","7":"product_cat-stoly-stoliki","8":"product_shipping_class-wysylka-po-uzgodnieniu","9":"desktop-align-left","10":"tablet-align-left","11":"mobile-align-left","12":"ast-product-gallery-layout-vertical-slider","13":"ast-product-tabs-layout-horizontal","14":"ast-qv-on-image","16":"first","17":"instock","18":"sold-individually","19":"shipping-taxable","20":"purchasable","21":"product-type-simple"},"_links":{"self":[{"href":"https:\/\/antart.com.pl\/en\/wp-json\/wp\/v2\/product\/58230","targetHints":{"allow":["GET"]}}],"collection":[{"href":"https:\/\/antart.com.pl\/en\/wp-json\/wp\/v2\/product"}],"about":[{"href":"https:\/\/antart.com.pl\/en\/wp-json\/wp\/v2\/types\/product"}],"wp:featuredmedia":[{"embeddable":true,"href":"https:\/\/antart.com.pl\/en\/wp-json\/wp\/v2\/media\/58093"}],"wp:attachment":[{"href":"https:\/\/antart.com.pl\/en\/wp-json\/wp\/v2\/media?parent=58230"}],"wp:term":[{"taxonomy":"product_brand","embeddable":true,"href":"https:\/\/antart.com.pl\/en\/wp-json\/wp\/v2\/product_brand?post=58230"},{"taxonomy":"product_cat","embeddable":true,"href":"https:\/\/antart.com.pl\/en\/wp-json\/wp\/v2\/product_cat?post=58230"},{"taxonomy":"product_tag","embeddable":true,"href":"https:\/\/antart.com.pl\/en\/wp-json\/wp\/v2\/product_tag?post=58230"}],"curies":[{"name":"wp","href":"https:\/\/api.w.org\/{rel}","templated":true}]}}