{"id":58231,"date":"2026-01-08T13:06:22","date_gmt":"2026-01-08T12:06:22","guid":{"rendered":"https:\/\/antart.com.pl\/?post_type=product&#038;p=58231"},"modified":"2026-01-04T13:49:25","modified_gmt":"2026-01-04T12:49:25","slug":"szafka-lite-drewno-voglsner-1968-w-stylu-rustykalnym","status":"publish","type":"product","link":"https:\/\/antart.com.pl\/en\/produkt\/szafka-lite-drewno-voglsner-1968-w-stylu-rustykalnym\/","title":{"rendered":"Voglaner 1968 solid wood cabinet in rustic style"},"content":{"rendered":"<h4 style=\"text-align: center;\"><strong><em>Voglaner 1968 solid wood cabinet in rustic style<\/em><\/strong><\/h4>\n<h4 style=\"text-align: center;\"><strong><em>A solid, rustic-style wooden cabinet from 1968 by Voglaner. It has a distinctive wooden look that is perfect for vintage-style interiors.<\/em><\/strong><\/h4>\n<h4 style=\"text-align: center;\"><strong><em>Carved cabinet in the Anno 1600 country style.<\/em><\/strong><\/h4>\n<h4><strong><em>Dimensions:<\/em><\/strong><\/h4>\n<ul>\n<li>\n<h4><strong><em>height: 89cm<\/em><\/strong><\/h4>\n<\/li>\n<li>\n<h4><strong><em>szeroko\u015b\u0107:71 cm<\/em><\/strong><\/h4>\n<\/li>\n<li>\n<h4><strong><em>depth: 42 cm<\/em><\/strong><\/h4>\n<\/li>\n<\/ul>\n<h4 style=\"text-align: center;\"><strong><em>NOTE!!!<\/em><\/strong><\/h4>\n<h4 style=\"text-align: center;\"><strong><em>For the sake of safe delivery, in some cases we organise bulk or individual shipping.<\/em><\/strong><\/h4>\n<h4 style=\"text-align: center;\"><strong><em>*******************************<\/em><\/strong><\/h4>\n<h4 style=\"text-align: center;\"><strong><em>The photos show the actual state of the object<\/em><\/strong><\/h4>\n<h4><strong><em>NR. ART 10431<\/em><\/strong><\/h4>","protected":false},"excerpt":{"rendered":"<p>Szafka lite drewno Voglaner 1968 w stylu rustykalnym Solidna, drewniana szafka w rustykalnym stylu z 1968 roku marki Voglaner. Posiada charakterystyczny, drewniany wygl\u0105d, kt\u00f3ry doskonale pasuje do wn\u0119trz w stylu vintage. Szafka rze\u017abiona w stylu wiejskim Anno 1600. Wymiary: wysoko\u015b\u0107: 89cm szeroko\u015b\u0107:71 cm g\u0142\u0119boko\u015b\u0107: 42 cm UWAGA!! Ze wzgl\u0119du na bezpieczne dostarczenie towaru, w niekt\u00f3rych [&hellip;]<\/p>\n","protected":false},"featured_media":58108,"template":"","meta":{"_seopress_robots_primary_cat":"","_seopress_titles_title":"","_seopress_titles_desc":"","_seopress_robots_index":"","site-sidebar-layout":"default","site-content-layout":"","ast-site-content-layout":"default","site-content-style":"default","site-sidebar-style":"default","ast-global-header-display":"","ast-banner-title-visibility":"","ast-main-header-display":"","ast-hfb-above-header-display":"","ast-hfb-below-header-display":"","ast-hfb-mobile-header-display":"","site-post-title":"","ast-breadcrumbs-content":"","ast-featured-img":"","footer-sml-layout":"","ast-disable-related-posts":"","theme-transparent-header-meta":"default","adv-header-id-meta":"","stick-header-meta":"default","header-above-stick-meta":"","header-main-stick-meta":"","header-below-stick-meta":"","astra-migrate-meta-layouts":"set","ast-page-background-enabled":"default","ast-page-background-meta":{"desktop":{"background-color":"var(--ast-global-color-4)","background-image":"","background-repeat":"repeat","background-position":"center center","background-size":"auto","background-attachment":"scroll","background-type":"","background-media":"","overlay-type":"","overlay-color":"","overlay-opacity":"","overlay-gradient":""},"tablet":{"background-color":"","background-image":"","background-repeat":"repeat","background-position":"center center","background-size":"auto","background-attachment":"scroll","background-type":"","background-media":"","overlay-type":"","overlay-color":"","overlay-opacity":"","overlay-gradient":""},"mobile":{"background-color":"","background-image":"","background-repeat":"repeat","background-position":"center center","background-size":"auto","background-attachment":"scroll","background-type":"","background-media":"","overlay-type":"","overlay-color":"","overlay-opacity":"","overlay-gradient":""}},"ast-content-background-meta":{"desktop":{"background-color":"var(--ast-global-color-5)","background-image":"","background-repeat":"repeat","background-position":"center center","background-size":"auto","background-attachment":"scroll","background-type":"","background-media":"","overlay-type":"","overlay-color":"","overlay-opacity":"","overlay-gradient":""},"tablet":{"background-color":"var(--ast-global-color-5)","background-image":"","background-repeat":"repeat","background-position":"center center","background-size":"auto","background-attachment":"scroll","background-type":"","background-media":"","overlay-type":"","overlay-color":"","overlay-opacity":"","overlay-gradient":""},"mobile":{"background-color":"var(--ast-global-color-5)","background-image":"","background-repeat":"repeat","background-position":"center center","background-size":"auto","background-attachment":"scroll","background-type":"","background-media":"","overlay-type":"","overlay-color":"","overlay-opacity":"","overlay-gradient":""}}},"product_brand":[],"product_cat":[32,38],"product_tag":[],"class_list":{"0":"post-58231","1":"product","2":"type-product","3":"status-publish","4":"has-post-thumbnail","6":"product_cat-meble","7":"product_cat-szafy-szafki","8":"product_shipping_class-wysylka-120zl","9":"desktop-align-left","10":"tablet-align-left","11":"mobile-align-left","12":"ast-product-gallery-layout-vertical-slider","13":"ast-product-tabs-layout-horizontal","14":"ast-qv-on-image","16":"first","17":"instock","18":"sold-individually","19":"shipping-taxable","20":"purchasable","21":"product-type-simple"},"_links":{"self":[{"href":"https:\/\/antart.com.pl\/en\/wp-json\/wp\/v2\/product\/58231","targetHints":{"allow":["GET"]}}],"collection":[{"href":"https:\/\/antart.com.pl\/en\/wp-json\/wp\/v2\/product"}],"about":[{"href":"https:\/\/antart.com.pl\/en\/wp-json\/wp\/v2\/types\/product"}],"wp:featuredmedia":[{"embeddable":true,"href":"https:\/\/antart.com.pl\/en\/wp-json\/wp\/v2\/media\/58108"}],"wp:attachment":[{"href":"https:\/\/antart.com.pl\/en\/wp-json\/wp\/v2\/media?parent=58231"}],"wp:term":[{"taxonomy":"product_brand","embeddable":true,"href":"https:\/\/antart.com.pl\/en\/wp-json\/wp\/v2\/product_brand?post=58231"},{"taxonomy":"product_cat","embeddable":true,"href":"https:\/\/antart.com.pl\/en\/wp-json\/wp\/v2\/product_cat?post=58231"},{"taxonomy":"product_tag","embeddable":true,"href":"https:\/\/antart.com.pl\/en\/wp-json\/wp\/v2\/product_tag?post=58231"}],"curies":[{"name":"wp","href":"https:\/\/api.w.org\/{rel}","templated":true}]}}