{"id":58237,"date":"2026-01-08T13:55:31","date_gmt":"2026-01-08T12:55:31","guid":{"rendered":"https:\/\/antart.com.pl\/?post_type=product&#038;p=58237"},"modified":"2026-01-04T14:02:47","modified_gmt":"2026-01-04T13:02:47","slug":"painting-painted-on-plotnia-wennimais-ande-skov-nov-1928","status":"publish","type":"product","link":"https:\/\/antart.com.pl\/en\/produkt\/obraz-malowany-na-plotnia-wennimais-ande-skov-nov-1928\/","title":{"rendered":"Canvas painting \u201eWennimais. - Ande Skov. Nov. 1928\u201d"},"content":{"rendered":"<h4 style=\"text-align: center;\"><em>Canvas painting \u201eWennimais. - Ande Skov. Nov. 1928\u201d<\/em><\/h4>\n<h4 style=\"text-align: center;\"><em>Painting on canvas with the title \u201eWennimais. - Ande Skov. nov 1928\u201d.<\/em><\/h4>\n<h4 style=\"text-align: center;\"><em>The work of a Danish painter - November 1928<\/em><\/h4>\n<h4 style=\"text-align: center;\"><em>\u00a0Visible signs of use, but the canvas is in good condition. Wooden frame, slightly damaged. A unique, vintage painting from the 1920s.<\/em><\/h4>\n<h4><\/h4>\n<h4 style=\"text-align: left;\"><em><b>Dimensions<\/b><\/em><\/h4>\n<ul>\n<li>\n<h4><em>Length: 118 cm<\/em><\/h4>\n<\/li>\n<li>\n<h4><em>height: 58 cm<\/em><\/h4>\n<\/li>\n<\/ul>\n<h4 style=\"text-align: center;\"><em><b>The photos show the actual condition of the item.<\/b><\/em><\/h4>\n<h4><\/h4>\n<h4><em><b>NO. ART 10435<\/b><\/em><\/h4>","protected":false},"excerpt":{"rendered":"<p>Obraz malowany na p\u0142\u00f3tnia &#8222;Wennimais. &#8211; Ande Skov. Nov. 1928&#8221; Obraz na p\u0142\u00f3tnie z tytu\u0142em &#8222;Wennimais. &#8211; Ande Skov. nov 1928&#8221;. Dzie\u0142o du\u0144skiego malarza &#8211; Listopad 1928 \u00a0Widoczne \u015blady u\u017cytkowania, ale p\u0142\u00f3tno jest w dobrym stanie. Rama drewniana, lekko zniszczona. Unikatowy, vintage&#8217;owy obraz z lat 20. XX wieku. Wymiary D\u0142ugo\u015b\u0107: 118 cm wysoko\u015b\u0107: 58 cm [&hellip;]<\/p>\n","protected":false},"featured_media":58213,"template":"","meta":{"_seopress_robots_primary_cat":"","_seopress_titles_title":"","_seopress_titles_desc":"","_seopress_robots_index":"","site-sidebar-layout":"default","site-content-layout":"","ast-site-content-layout":"default","site-content-style":"default","site-sidebar-style":"default","ast-global-header-display":"","ast-banner-title-visibility":"","ast-main-header-display":"","ast-hfb-above-header-display":"","ast-hfb-below-header-display":"","ast-hfb-mobile-header-display":"","site-post-title":"","ast-breadcrumbs-content":"","ast-featured-img":"","footer-sml-layout":"","ast-disable-related-posts":"","theme-transparent-header-meta":"default","adv-header-id-meta":"","stick-header-meta":"default","header-above-stick-meta":"","header-main-stick-meta":"","header-below-stick-meta":"","astra-migrate-meta-layouts":"set","ast-page-background-enabled":"default","ast-page-background-meta":{"desktop":{"background-color":"var(--ast-global-color-4)","background-image":"","background-repeat":"repeat","background-position":"center center","background-size":"auto","background-attachment":"scroll","background-type":"","background-media":"","overlay-type":"","overlay-color":"","overlay-opacity":"","overlay-gradient":""},"tablet":{"background-color":"","background-image":"","background-repeat":"repeat","background-position":"center center","background-size":"auto","background-attachment":"scroll","background-type":"","background-media":"","overlay-type":"","overlay-color":"","overlay-opacity":"","overlay-gradient":""},"mobile":{"background-color":"","background-image":"","background-repeat":"repeat","background-position":"center center","background-size":"auto","background-attachment":"scroll","background-type":"","background-media":"","overlay-type":"","overlay-color":"","overlay-opacity":"","overlay-gradient":""}},"ast-content-background-meta":{"desktop":{"background-color":"var(--ast-global-color-5)","background-image":"","background-repeat":"repeat","background-position":"center center","background-size":"auto","background-attachment":"scroll","background-type":"","background-media":"","overlay-type":"","overlay-color":"","overlay-opacity":"","overlay-gradient":""},"tablet":{"background-color":"var(--ast-global-color-5)","background-image":"","background-repeat":"repeat","background-position":"center center","background-size":"auto","background-attachment":"scroll","background-type":"","background-media":"","overlay-type":"","overlay-color":"","overlay-opacity":"","overlay-gradient":""},"mobile":{"background-color":"var(--ast-global-color-5)","background-image":"","background-repeat":"repeat","background-position":"center center","background-size":"auto","background-attachment":"scroll","background-type":"","background-media":"","overlay-type":"","overlay-color":"","overlay-opacity":"","overlay-gradient":""}}},"product_brand":[],"product_cat":[77,335],"product_tag":[],"class_list":{"0":"post-58237","1":"product","2":"type-product","3":"status-publish","4":"has-post-thumbnail","6":"product_cat-antykwariat","7":"product_cat-obrazy-antykwariat","8":"product_shipping_class-wysylka-po-uzgodnieniu","9":"desktop-align-left","10":"tablet-align-left","11":"mobile-align-left","12":"ast-product-gallery-layout-vertical-slider","13":"ast-product-tabs-layout-horizontal","14":"ast-qv-on-image","16":"first","17":"instock","18":"sold-individually","19":"shipping-taxable","20":"purchasable","21":"product-type-simple"},"_links":{"self":[{"href":"https:\/\/antart.com.pl\/en\/wp-json\/wp\/v2\/product\/58237","targetHints":{"allow":["GET"]}}],"collection":[{"href":"https:\/\/antart.com.pl\/en\/wp-json\/wp\/v2\/product"}],"about":[{"href":"https:\/\/antart.com.pl\/en\/wp-json\/wp\/v2\/types\/product"}],"wp:featuredmedia":[{"embeddable":true,"href":"https:\/\/antart.com.pl\/en\/wp-json\/wp\/v2\/media\/58213"}],"wp:attachment":[{"href":"https:\/\/antart.com.pl\/en\/wp-json\/wp\/v2\/media?parent=58237"}],"wp:term":[{"taxonomy":"product_brand","embeddable":true,"href":"https:\/\/antart.com.pl\/en\/wp-json\/wp\/v2\/product_brand?post=58237"},{"taxonomy":"product_cat","embeddable":true,"href":"https:\/\/antart.com.pl\/en\/wp-json\/wp\/v2\/product_cat?post=58237"},{"taxonomy":"product_tag","embeddable":true,"href":"https:\/\/antart.com.pl\/en\/wp-json\/wp\/v2\/product_tag?post=58237"}],"curies":[{"name":"wp","href":"https:\/\/api.w.org\/{rel}","templated":true}]}}