{"id":58395,"date":"2026-01-10T18:18:19","date_gmt":"2026-01-10T17:18:19","guid":{"rendered":"https:\/\/antart.com.pl\/?post_type=product&#038;p=58395"},"modified":"2026-01-07T18:42:49","modified_gmt":"2026-01-07T17:42:49","slug":"vintage-60s-70s-fruit-bowl-on-a-leg","status":"publish","type":"product","link":"https:\/\/antart.com.pl\/en\/produkt\/patera-owocarka-na-nozce-vintage-z-lat-60-70-tych\/","title":{"rendered":"1960s\/70s vintage legged platter, fruit bowl"},"content":{"rendered":"<h4 style=\"text-align: center;\"><em>1960s\/70s vintage legged platter, fruit bowl<\/em><\/h4>\n<h4 style=\"text-align: center;\"><em>An elegant 1960s or 1970s crystal leg platter, perfect for presenting fruit or other snacks. It has beautiful hand-cut designs that give it a unique character. The platter is in good condition despite a little damage, ready for use in your home or as a unique addition to an arrangement.<\/em><\/h4>\n<h4><em><b>Dimensions<\/b><\/em><\/h4>\n<ul>\n<li>\n<h4><em>diameter: 20cm<\/em><\/h4>\n<\/li>\n<li>\n<h4><em>overall height: 14cm<\/em><\/h4>\n<\/li>\n<li>\n<h4><em>depth: 7cm<\/em><\/h4>\n<\/li>\n<li>\n<h4><em>Base diameter: 11.5cm.<\/em><\/h4>\n<\/li>\n<\/ul>\n<h4 style=\"text-align: center;\"><em><b>The photos show the actual state of the object<\/b><\/em><\/h4>\n<h4><em><b>No. 10442<\/b><\/em><\/h4>","protected":false},"excerpt":{"rendered":"<p>Patera, owocarka na n\u00f3\u017cce vintage z lat 60\/70-tych Elegancka, kryszta\u0142owa patera na n\u00f3\u017cce z lat 60. lub 70. Doskona\u0142a do prezentacji owoc\u00f3w lub innych przek\u0105sek. Posiada pi\u0119kne, r\u0119cznie szlifowane wzory, kt\u00f3re nadaj\u0105 jej wyj\u0105tkowy charakter. Patera jest w dobrym stanie pomimo ma\u0142ego uszczerbki, gotowa do u\u017cytku w Twoim domu lub jako wyj\u0105tkowy dodatek do aran\u017cacji. [&hellip;]<\/p>\n","protected":false},"featured_media":58329,"template":"","meta":{"_seopress_robots_primary_cat":"","_seopress_titles_title":"","_seopress_titles_desc":"","_seopress_robots_index":"","site-sidebar-layout":"default","site-content-layout":"","ast-site-content-layout":"default","site-content-style":"default","site-sidebar-style":"default","ast-global-header-display":"","ast-banner-title-visibility":"","ast-main-header-display":"","ast-hfb-above-header-display":"","ast-hfb-below-header-display":"","ast-hfb-mobile-header-display":"","site-post-title":"","ast-breadcrumbs-content":"","ast-featured-img":"","footer-sml-layout":"","ast-disable-related-posts":"","theme-transparent-header-meta":"default","adv-header-id-meta":"","stick-header-meta":"default","header-above-stick-meta":"","header-main-stick-meta":"","header-below-stick-meta":"","astra-migrate-meta-layouts":"set","ast-page-background-enabled":"default","ast-page-background-meta":{"desktop":{"background-color":"var(--ast-global-color-4)","background-image":"","background-repeat":"repeat","background-position":"center center","background-size":"auto","background-attachment":"scroll","background-type":"","background-media":"","overlay-type":"","overlay-color":"","overlay-opacity":"","overlay-gradient":""},"tablet":{"background-color":"","background-image":"","background-repeat":"repeat","background-position":"center center","background-size":"auto","background-attachment":"scroll","background-type":"","background-media":"","overlay-type":"","overlay-color":"","overlay-opacity":"","overlay-gradient":""},"mobile":{"background-color":"","background-image":"","background-repeat":"repeat","background-position":"center center","background-size":"auto","background-attachment":"scroll","background-type":"","background-media":"","overlay-type":"","overlay-color":"","overlay-opacity":"","overlay-gradient":""}},"ast-content-background-meta":{"desktop":{"background-color":"var(--ast-global-color-5)","background-image":"","background-repeat":"repeat","background-position":"center center","background-size":"auto","background-attachment":"scroll","background-type":"","background-media":"","overlay-type":"","overlay-color":"","overlay-opacity":"","overlay-gradient":""},"tablet":{"background-color":"var(--ast-global-color-5)","background-image":"","background-repeat":"repeat","background-position":"center center","background-size":"auto","background-attachment":"scroll","background-type":"","background-media":"","overlay-type":"","overlay-color":"","overlay-opacity":"","overlay-gradient":""},"mobile":{"background-color":"var(--ast-global-color-5)","background-image":"","background-repeat":"repeat","background-position":"center center","background-size":"auto","background-attachment":"scroll","background-type":"","background-media":"","overlay-type":"","overlay-color":"","overlay-opacity":"","overlay-gradient":""}}},"product_brand":[],"product_cat":[27,24,61],"product_tag":[],"class_list":{"0":"post-58395","1":"product","2":"type-product","3":"status-publish","4":"has-post-thumbnail","6":"product_cat-dekoracyjne","7":"product_cat-kuchnia","8":"product_cat-szklo-krysztaly","9":"product_shipping_class-wysylka-19zl","10":"desktop-align-left","11":"tablet-align-left","12":"mobile-align-left","13":"ast-product-gallery-layout-vertical-slider","14":"ast-product-tabs-layout-horizontal","15":"ast-qv-on-image","17":"first","18":"instock","19":"sold-individually","20":"shipping-taxable","21":"purchasable","22":"product-type-simple"},"_links":{"self":[{"href":"https:\/\/antart.com.pl\/en\/wp-json\/wp\/v2\/product\/58395","targetHints":{"allow":["GET"]}}],"collection":[{"href":"https:\/\/antart.com.pl\/en\/wp-json\/wp\/v2\/product"}],"about":[{"href":"https:\/\/antart.com.pl\/en\/wp-json\/wp\/v2\/types\/product"}],"wp:featuredmedia":[{"embeddable":true,"href":"https:\/\/antart.com.pl\/en\/wp-json\/wp\/v2\/media\/58329"}],"wp:attachment":[{"href":"https:\/\/antart.com.pl\/en\/wp-json\/wp\/v2\/media?parent=58395"}],"wp:term":[{"taxonomy":"product_brand","embeddable":true,"href":"https:\/\/antart.com.pl\/en\/wp-json\/wp\/v2\/product_brand?post=58395"},{"taxonomy":"product_cat","embeddable":true,"href":"https:\/\/antart.com.pl\/en\/wp-json\/wp\/v2\/product_cat?post=58395"},{"taxonomy":"product_tag","embeddable":true,"href":"https:\/\/antart.com.pl\/en\/wp-json\/wp\/v2\/product_tag?post=58395"}],"curies":[{"name":"wp","href":"https:\/\/api.w.org\/{rel}","templated":true}]}}