{"id":58872,"date":"2026-01-09T14:26:23","date_gmt":"2026-01-09T13:26:23","guid":{"rendered":"https:\/\/antart.com.pl\/?post_type=product&#038;p=58872"},"modified":"2026-02-15T17:52:02","modified_gmt":"2026-02-15T16:52:02","slug":"zestaw-sniadaniowy-filizanka-kolekcjonerska-royal-doulton-tableware-1981r","status":"publish","type":"product","link":"https:\/\/antart.com.pl\/en\/produkt\/zestaw-sniadaniowy-filizanka-kolekcjonerska-royal-doulton-tableware-1981r\/","title":{"rendered":"Royal Doulton Tableware 1981 collector's breakfast cup set."},"content":{"rendered":"<h4 style=\"text-align: center;\"><em><b>Fili\u017canka kolekcjonerska w zestawie duo, wytw\u00f3rni Royal Doulton Tableware z 1981r., wykonana z wysokiej jako\u015bci szlachetnej, angielskiej porcelany. Zestaw we wzorze \u201eRidgways \u201aWindsor\u2019\u201d , charakteryzuje si\u0119 pi\u0119knym wzorem kwiat\u00f3w i r\u0119cznie grawerowanym wzorem ba\u017cant\u00f3w. Fili\u017canka wewn\u0105trz ozdobiona motywem ro\u015blinnym oraz z dekoracyjnym uchwytem, talerz z falist\u0105 kraw\u0119dzi\u0105.<\/b><\/em><\/h4>\n<h4><\/h4>\n<h4><em><b>I have a 2pc duo set for sale.<\/b><\/em><\/h4>\n<h4><em><b>The price is for 1pc of the duo set.<\/b><\/em><\/h4>\n<h4><\/h4>\n<h4><em><b>Dimensions<\/b><\/em><\/h4>\n<h4><em><b>Cup<\/b><\/em><\/h4>\n<ul>\n<li>\n<h4><em><b>Height: 6.5cm.<\/b><\/em><\/h4>\n<\/li>\n<li>\n<h4><em><b>Top diameter: 9cm.<\/b><\/em><\/h4>\n<\/li>\n<li>\n<h4><em><b>Base diameter: 4.5cm.<\/b><\/em><\/h4>\n<\/li>\n<li>\n<h4><em><b>Volume: 200ml.<\/b><\/em><\/h4>\n<\/li>\n<\/ul>\n<h4><em><b>Spodek<\/b><\/em><\/h4>\n<ul>\n<li>\n<h4><em><b>Height: 2.5cm.<\/b><\/em><\/h4>\n<\/li>\n<li>\n<h4><em><b>Diameter: 15cm.<\/b><\/em><\/h4>\n<\/li>\n<\/ul>\n<h4 style=\"text-align: center;\"><em><b>The photos show the actual state of the object<\/b><\/em><\/h4>\n<h4 style=\"text-align: center;\"><em><b>Additional photos upon request<\/b><\/em><\/h4>\n<h4 style=\"text-align: center;\"><em><b>All our items on display are available in our warehouse.<\/b><\/em><\/h4>\n<h4 style=\"text-align: center;\"><em><b>Can be viewed by appointment.<\/b><\/em><\/h4>\n<h4><\/h4>\n<h4><em><b>Nr.6564<\/b><\/em><\/h4>","protected":false},"excerpt":{"rendered":"<p>Fili\u017canka kolekcjonerska w zestawie duo, wytw\u00f3rni Royal Doulton Tableware z 1981r., wykonana z wysokiej jako\u015bci szlachetnej, angielskiej porcelany. Zestaw we wzorze \u201eRidgways \u201aWindsor\u2019\u201d , charakteryzuje si\u0119 pi\u0119knym wzorem kwiat\u00f3w i r\u0119cznie grawerowanym wzorem ba\u017cant\u00f3w. Fili\u017canka wewn\u0105trz ozdobiona motywem ro\u015blinnym oraz z dekoracyjnym uchwytem, talerz z falist\u0105 kraw\u0119dzi\u0105. Posiadam w sprzeda\u017cy 2szt zestawu duo. Cena dotyczy [&hellip;]<\/p>\n","protected":false},"featured_media":58873,"template":"","meta":{"_seopress_robots_primary_cat":"","_seopress_titles_title":"","_seopress_titles_desc":"","_seopress_robots_index":"","site-sidebar-layout":"default","site-content-layout":"","ast-site-content-layout":"default","site-content-style":"default","site-sidebar-style":"default","ast-global-header-display":"","ast-banner-title-visibility":"","ast-main-header-display":"","ast-hfb-above-header-display":"","ast-hfb-below-header-display":"","ast-hfb-mobile-header-display":"","site-post-title":"","ast-breadcrumbs-content":"","ast-featured-img":"","footer-sml-layout":"","ast-disable-related-posts":"","theme-transparent-header-meta":"default","adv-header-id-meta":"","stick-header-meta":"default","header-above-stick-meta":"","header-main-stick-meta":"","header-below-stick-meta":"","astra-migrate-meta-layouts":"set","ast-page-background-enabled":"default","ast-page-background-meta":{"desktop":{"background-color":"var(--ast-global-color-4)","background-image":"","background-repeat":"repeat","background-position":"center center","background-size":"auto","background-attachment":"scroll","background-type":"","background-media":"","overlay-type":"","overlay-color":"","overlay-opacity":"","overlay-gradient":""},"tablet":{"background-color":"","background-image":"","background-repeat":"repeat","background-position":"center center","background-size":"auto","background-attachment":"scroll","background-type":"","background-media":"","overlay-type":"","overlay-color":"","overlay-opacity":"","overlay-gradient":""},"mobile":{"background-color":"","background-image":"","background-repeat":"repeat","background-position":"center center","background-size":"auto","background-attachment":"scroll","background-type":"","background-media":"","overlay-type":"","overlay-color":"","overlay-opacity":"","overlay-gradient":""}},"ast-content-background-meta":{"desktop":{"background-color":"var(--ast-global-color-5)","background-image":"","background-repeat":"repeat","background-position":"center center","background-size":"auto","background-attachment":"scroll","background-type":"","background-media":"","overlay-type":"","overlay-color":"","overlay-opacity":"","overlay-gradient":""},"tablet":{"background-color":"var(--ast-global-color-5)","background-image":"","background-repeat":"repeat","background-position":"center center","background-size":"auto","background-attachment":"scroll","background-type":"","background-media":"","overlay-type":"","overlay-color":"","overlay-opacity":"","overlay-gradient":""},"mobile":{"background-color":"var(--ast-global-color-5)","background-image":"","background-repeat":"repeat","background-position":"center center","background-size":"auto","background-attachment":"scroll","background-type":"","background-media":"","overlay-type":"","overlay-color":"","overlay-opacity":"","overlay-gradient":""}}},"product_brand":[],"product_cat":[51,24],"product_tag":[],"class_list":{"0":"post-58872","1":"product","2":"type-product","3":"status-publish","4":"has-post-thumbnail","6":"product_cat-filizanki-zastawy-sniadaniowe","7":"product_cat-kuchnia","8":"product_shipping_class-wysylka-19zl","9":"desktop-align-left","10":"tablet-align-left","11":"mobile-align-left","12":"ast-product-gallery-layout-vertical-slider","13":"ast-product-tabs-layout-horizontal","14":"ast-qv-on-image","16":"first","17":"instock","18":"shipping-taxable","19":"purchasable","20":"product-type-simple"},"_links":{"self":[{"href":"https:\/\/antart.com.pl\/en\/wp-json\/wp\/v2\/product\/58872","targetHints":{"allow":["GET"]}}],"collection":[{"href":"https:\/\/antart.com.pl\/en\/wp-json\/wp\/v2\/product"}],"about":[{"href":"https:\/\/antart.com.pl\/en\/wp-json\/wp\/v2\/types\/product"}],"wp:featuredmedia":[{"embeddable":true,"href":"https:\/\/antart.com.pl\/en\/wp-json\/wp\/v2\/media\/58873"}],"wp:attachment":[{"href":"https:\/\/antart.com.pl\/en\/wp-json\/wp\/v2\/media?parent=58872"}],"wp:term":[{"taxonomy":"product_brand","embeddable":true,"href":"https:\/\/antart.com.pl\/en\/wp-json\/wp\/v2\/product_brand?post=58872"},{"taxonomy":"product_cat","embeddable":true,"href":"https:\/\/antart.com.pl\/en\/wp-json\/wp\/v2\/product_cat?post=58872"},{"taxonomy":"product_tag","embeddable":true,"href":"https:\/\/antart.com.pl\/en\/wp-json\/wp\/v2\/product_tag?post=58872"}],"curies":[{"name":"wp","href":"https:\/\/api.w.org\/{rel}","templated":true}]}}