{"id":59039,"date":"2026-01-12T08:56:31","date_gmt":"2026-01-12T07:56:31","guid":{"rendered":"https:\/\/antart.com.pl\/?post_type=product&#038;p=59039"},"modified":"2026-01-10T09:01:15","modified_gmt":"2026-01-10T08:01:15","slug":"wazon-sammerso-murano-w-stylu-vintage-ciemna-zielen","status":"publish","type":"product","link":"https:\/\/antart.com.pl\/en\/produkt\/wazon-sammerso-murano-w-stylu-vintage-ciemna-zielen\/","title":{"rendered":"Sammerso Murano vase in Vintage style dark green"},"content":{"rendered":"<h4 style=\"text-align: center;\"><strong><em>Sammerso Murano vase in Vintage style dark green<\/em><\/strong><\/h4>\n<h4 style=\"text-align: center;\"><strong><em>Elegancki wazon w kolorze ciemnozielonym, wykonany z wysokiej jako\u015bci szk\u0142a Murano serii Sammerso. Wazon ma prost\u0105, geometryczn\u0105 form\u0119, kt\u00f3ra pasuje do nowoczesnych wn\u0119trz. Produkt vintage, posiada charakterystyczne dla szk\u0142a Murano nieregularne kraw\u0119dzie. Wazon mo\u017ce s\u0142u\u017cy\u0107 jako dekoracja lub pojemnik na kwiaty.<\/em><\/strong><\/h4>\n<h4><strong><em>Dimensions<\/em><\/strong><\/h4>\n<ul>\n<li>\n<h4><strong><em>Height: 17cm.<\/em><\/strong><\/h4>\n<\/li>\n<li>\n<h4><strong><em>upper diameter: 4cm<\/em><\/strong><\/h4>\n<\/li>\n<li>\n<h4><strong><em>\u015arednica podstawy: 3,5cm<\/em><\/strong><\/h4>\n<\/li>\n<\/ul>\n<h4 style=\"text-align: center;\"><strong><em>The photos show the actual condition of the item.<\/em><\/strong><\/h4>\n<h4><strong><em>Nr. 10592<\/em><\/strong><\/h4>","protected":false},"excerpt":{"rendered":"<p>Wazon Sammerso Murano w stylu Vintage ciemna ziele\u0144 Elegancki wazon w kolorze ciemnozielonym, wykonany z wysokiej jako\u015bci szk\u0142a Murano serii Sammerso. Wazon ma prost\u0105, geometryczn\u0105 form\u0119, kt\u00f3ra pasuje do nowoczesnych wn\u0119trz. Produkt vintage, posiada charakterystyczne dla szk\u0142a Murano nieregularne kraw\u0119dzie. Wazon mo\u017ce s\u0142u\u017cy\u0107 jako dekoracja lub pojemnik na kwiaty. Wymiary Wysoko\u015b\u0107: 17cm. \u015brednica g\u00f3rna: 4cm [&hellip;]<\/p>\n","protected":false},"featured_media":59041,"template":"","meta":{"_seopress_robots_primary_cat":"","_seopress_titles_title":"","_seopress_titles_desc":"","_seopress_robots_index":"","site-sidebar-layout":"default","site-content-layout":"","ast-site-content-layout":"default","site-content-style":"default","site-sidebar-style":"default","ast-global-header-display":"","ast-banner-title-visibility":"","ast-main-header-display":"","ast-hfb-above-header-display":"","ast-hfb-below-header-display":"","ast-hfb-mobile-header-display":"","site-post-title":"","ast-breadcrumbs-content":"","ast-featured-img":"","footer-sml-layout":"","ast-disable-related-posts":"","theme-transparent-header-meta":"default","adv-header-id-meta":"","stick-header-meta":"default","header-above-stick-meta":"","header-main-stick-meta":"","header-below-stick-meta":"","astra-migrate-meta-layouts":"set","ast-page-background-enabled":"default","ast-page-background-meta":{"desktop":{"background-color":"var(--ast-global-color-4)","background-image":"","background-repeat":"repeat","background-position":"center center","background-size":"auto","background-attachment":"scroll","background-type":"","background-media":"","overlay-type":"","overlay-color":"","overlay-opacity":"","overlay-gradient":""},"tablet":{"background-color":"","background-image":"","background-repeat":"repeat","background-position":"center center","background-size":"auto","background-attachment":"scroll","background-type":"","background-media":"","overlay-type":"","overlay-color":"","overlay-opacity":"","overlay-gradient":""},"mobile":{"background-color":"","background-image":"","background-repeat":"repeat","background-position":"center center","background-size":"auto","background-attachment":"scroll","background-type":"","background-media":"","overlay-type":"","overlay-color":"","overlay-opacity":"","overlay-gradient":""}},"ast-content-background-meta":{"desktop":{"background-color":"var(--ast-global-color-5)","background-image":"","background-repeat":"repeat","background-position":"center center","background-size":"auto","background-attachment":"scroll","background-type":"","background-media":"","overlay-type":"","overlay-color":"","overlay-opacity":"","overlay-gradient":""},"tablet":{"background-color":"var(--ast-global-color-5)","background-image":"","background-repeat":"repeat","background-position":"center center","background-size":"auto","background-attachment":"scroll","background-type":"","background-media":"","overlay-type":"","overlay-color":"","overlay-opacity":"","overlay-gradient":""},"mobile":{"background-color":"var(--ast-global-color-5)","background-image":"","background-repeat":"repeat","background-position":"center center","background-size":"auto","background-attachment":"scroll","background-type":"","background-media":"","overlay-type":"","overlay-color":"","overlay-opacity":"","overlay-gradient":""}}},"product_brand":[],"product_cat":[27,71],"product_tag":[],"class_list":{"0":"post-59039","1":"product","2":"type-product","3":"status-publish","4":"has-post-thumbnail","6":"product_cat-dekoracyjne","7":"product_cat-wazony","8":"product_shipping_class-wysylka-19zl","9":"desktop-align-left","10":"tablet-align-left","11":"mobile-align-left","12":"ast-product-gallery-layout-vertical-slider","13":"ast-product-tabs-layout-horizontal","14":"ast-qv-on-image","16":"first","17":"instock","18":"sold-individually","19":"shipping-taxable","20":"purchasable","21":"product-type-simple"},"_links":{"self":[{"href":"https:\/\/antart.com.pl\/en\/wp-json\/wp\/v2\/product\/59039","targetHints":{"allow":["GET"]}}],"collection":[{"href":"https:\/\/antart.com.pl\/en\/wp-json\/wp\/v2\/product"}],"about":[{"href":"https:\/\/antart.com.pl\/en\/wp-json\/wp\/v2\/types\/product"}],"wp:featuredmedia":[{"embeddable":true,"href":"https:\/\/antart.com.pl\/en\/wp-json\/wp\/v2\/media\/59041"}],"wp:attachment":[{"href":"https:\/\/antart.com.pl\/en\/wp-json\/wp\/v2\/media?parent=59039"}],"wp:term":[{"taxonomy":"product_brand","embeddable":true,"href":"https:\/\/antart.com.pl\/en\/wp-json\/wp\/v2\/product_brand?post=59039"},{"taxonomy":"product_cat","embeddable":true,"href":"https:\/\/antart.com.pl\/en\/wp-json\/wp\/v2\/product_cat?post=59039"},{"taxonomy":"product_tag","embeddable":true,"href":"https:\/\/antart.com.pl\/en\/wp-json\/wp\/v2\/product_tag?post=59039"}],"curies":[{"name":"wp","href":"https:\/\/api.w.org\/{rel}","templated":true}]}}