{"id":59141,"date":"2026-01-10T09:24:08","date_gmt":"2026-01-10T08:24:08","guid":{"rendered":"https:\/\/antart.com.pl\/?post_type=product&#038;p=59141"},"modified":"2026-01-10T09:24:09","modified_gmt":"2026-01-10T08:24:09","slug":"podstawek-ceramiczny-emaliowany-z-grecji-vintage","status":"publish","type":"product","link":"https:\/\/antart.com.pl\/en\/produkt\/podstawek-ceramiczny-emaliowany-z-grecji-vintage\/","title":{"rendered":"Ceramic saucer, enamelled with Greek vintage"},"content":{"rendered":"<h4 style=\"text-align: center;\"><em><strong>Ceramic saucer, enamelled with Greek vintage<\/strong><\/em><\/h4>\n<h4 style=\"text-align: center;\"><em><strong>Ceramiczne podk\u0142adki z Grecji w stylu vintage. Maj\u0105 pi\u0119kny, r\u0119cznie malowany wz\u00f3r w odcieniach niebieskiego. Podk\u0142adki s\u0105 w dobrym stanie, nosz\u0105 \u015blady u\u017cytkowania, ale nadal prezentuj\u0105 si\u0119 elegancko.<\/strong><\/em><\/h4>\n<h4 style=\"text-align: center;\"><em><strong>Dimensions<\/strong><\/em><\/h4>\n<ul>\n<li>\n<h4><em><strong>Diameter: 9cm<\/strong><\/em><\/h4>\n<\/li>\n<\/ul>\n<h4 style=\"text-align: center;\"><em><strong>Posiadam 8 sztuk.<\/strong><\/em><\/h4>\n<h4 style=\"text-align: center;\"><em><strong>The price is for 1 piece.<\/strong><\/em><\/h4>\n<p>&nbsp;<\/p>\n<h4 style=\"text-align: center;\"><em><strong>The photos show the actual state of the object<\/strong><\/em><\/h4>\n<h4><em><strong>Nr.10590<\/strong><\/em><\/h4>","protected":false},"excerpt":{"rendered":"<p>Podstawek ceramiczny, emaliowany z Grecji vintage Ceramiczne podk\u0142adki z Grecji w stylu vintage. Maj\u0105 pi\u0119kny, r\u0119cznie malowany wz\u00f3r w odcieniach niebieskiego. Podk\u0142adki s\u0105 w dobrym stanie, nosz\u0105 \u015blady u\u017cytkowania, ale nadal prezentuj\u0105 si\u0119 elegancko. Wymiary \u015arednica: 9cm Posiadam 8 sztuk. Cena dotyczy 1 sztuki. &nbsp; Zdj\u0119cia przedstawiaj\u0105 stan faktyczny przedmiotu Nr.10590<\/p>","protected":false},"featured_media":59057,"template":"","meta":{"_seopress_robots_primary_cat":"","_seopress_titles_title":"","_seopress_titles_desc":"","_seopress_robots_index":"","site-sidebar-layout":"default","site-content-layout":"","ast-site-content-layout":"default","site-content-style":"default","site-sidebar-style":"default","ast-global-header-display":"","ast-banner-title-visibility":"","ast-main-header-display":"","ast-hfb-above-header-display":"","ast-hfb-below-header-display":"","ast-hfb-mobile-header-display":"","site-post-title":"","ast-breadcrumbs-content":"","ast-featured-img":"","footer-sml-layout":"","ast-disable-related-posts":"","theme-transparent-header-meta":"default","adv-header-id-meta":"","stick-header-meta":"default","header-above-stick-meta":"","header-main-stick-meta":"","header-below-stick-meta":"","astra-migrate-meta-layouts":"set","ast-page-background-enabled":"default","ast-page-background-meta":{"desktop":{"background-color":"var(--ast-global-color-4)","background-image":"","background-repeat":"repeat","background-position":"center center","background-size":"auto","background-attachment":"scroll","background-type":"","background-media":"","overlay-type":"","overlay-color":"","overlay-opacity":"","overlay-gradient":""},"tablet":{"background-color":"","background-image":"","background-repeat":"repeat","background-position":"center center","background-size":"auto","background-attachment":"scroll","background-type":"","background-media":"","overlay-type":"","overlay-color":"","overlay-opacity":"","overlay-gradient":""},"mobile":{"background-color":"","background-image":"","background-repeat":"repeat","background-position":"center center","background-size":"auto","background-attachment":"scroll","background-type":"","background-media":"","overlay-type":"","overlay-color":"","overlay-opacity":"","overlay-gradient":""}},"ast-content-background-meta":{"desktop":{"background-color":"var(--ast-global-color-5)","background-image":"","background-repeat":"repeat","background-position":"center center","background-size":"auto","background-attachment":"scroll","background-type":"","background-media":"","overlay-type":"","overlay-color":"","overlay-opacity":"","overlay-gradient":""},"tablet":{"background-color":"var(--ast-global-color-5)","background-image":"","background-repeat":"repeat","background-position":"center center","background-size":"auto","background-attachment":"scroll","background-type":"","background-media":"","overlay-type":"","overlay-color":"","overlay-opacity":"","overlay-gradient":""},"mobile":{"background-color":"var(--ast-global-color-5)","background-image":"","background-repeat":"repeat","background-position":"center center","background-size":"auto","background-attachment":"scroll","background-type":"","background-media":"","overlay-type":"","overlay-color":"","overlay-opacity":"","overlay-gradient":""}}},"product_brand":[],"product_cat":[24,46],"product_tag":[],"class_list":{"0":"post-59141","1":"product","2":"type-product","3":"status-publish","4":"has-post-thumbnail","6":"product_cat-kuchnia","7":"product_cat-talerze-patery","8":"product_shipping_class-wysylka-19zl","9":"desktop-align-left","10":"tablet-align-left","11":"mobile-align-left","12":"ast-product-gallery-layout-vertical-slider","13":"ast-product-tabs-layout-horizontal","14":"ast-qv-on-image","16":"first","17":"instock","18":"shipping-taxable","19":"purchasable","20":"product-type-simple"},"_links":{"self":[{"href":"https:\/\/antart.com.pl\/en\/wp-json\/wp\/v2\/product\/59141","targetHints":{"allow":["GET"]}}],"collection":[{"href":"https:\/\/antart.com.pl\/en\/wp-json\/wp\/v2\/product"}],"about":[{"href":"https:\/\/antart.com.pl\/en\/wp-json\/wp\/v2\/types\/product"}],"wp:featuredmedia":[{"embeddable":true,"href":"https:\/\/antart.com.pl\/en\/wp-json\/wp\/v2\/media\/59057"}],"wp:attachment":[{"href":"https:\/\/antart.com.pl\/en\/wp-json\/wp\/v2\/media?parent=59141"}],"wp:term":[{"taxonomy":"product_brand","embeddable":true,"href":"https:\/\/antart.com.pl\/en\/wp-json\/wp\/v2\/product_brand?post=59141"},{"taxonomy":"product_cat","embeddable":true,"href":"https:\/\/antart.com.pl\/en\/wp-json\/wp\/v2\/product_cat?post=59141"},{"taxonomy":"product_tag","embeddable":true,"href":"https:\/\/antart.com.pl\/en\/wp-json\/wp\/v2\/product_tag?post=59141"}],"curies":[{"name":"wp","href":"https:\/\/api.w.org\/{rel}","templated":true}]}}