{"id":59148,"date":"2026-01-10T13:18:34","date_gmt":"2026-01-10T12:18:34","guid":{"rendered":"https:\/\/antart.com.pl\/?post_type=product&#038;p=59148"},"modified":"2026-01-10T11:21:00","modified_gmt":"2026-01-10T10:21:00","slug":"old-retro-figurines-from-the-1950s-strift-mucki","status":"publish","type":"product","link":"https:\/\/antart.com.pl\/en\/produkt\/stare-figurki-retro-jezyki-z-lat-50-tych-strift-mucki\/","title":{"rendered":"Old retro Hedgehog figurines from the 1950s Strift Mucki"},"content":{"rendered":"<h4 style=\"text-align: center;\"><strong><em>Old retro Hedgehog figurines from the 1950s Strift Mucki<\/em><\/strong><\/h4>\n<h4 style=\"text-align: center;\"><strong><em>Set of 8 antique retro rubber Hedgehog Steift Mucki figures from the 1950s. Former DDR production.\u00a0<\/em><\/strong><\/h4>\n<h4 style=\"text-align: center;\"><strong><em>Almost all to be renovated.\u00a0<\/em><\/strong><\/h4>\n<h4><\/h4>\n<h4><strong><em>Dimensions\u00a0<\/em><\/strong><\/h4>\n<ul>\n<li><strong><em>5 figures - height: 11cm\u00a0<\/em><\/strong><\/li>\n<li><strong><em>3 figures - height: 18cm<\/em><\/strong><\/li>\n<\/ul>\n<h4><\/h4>\n<h4><strong><em>No.10585<\/em><\/strong><\/h4>","protected":false},"excerpt":{"rendered":"<p>Stare figurki retro Je\u017cyki z lat 50-tych Strift Mucki Komplet 8 antycznych figurek retro gumowych Je\u017c\u00f3w Steift Mucki z lat 50-tych. Dawnej produkcji DDR.\u00a0 Prawie wszystkie do renowacji.\u00a0 Wymiary\u00a0 5 figurek &#8211; wysoko\u015b\u0107: 11cm\u00a0 3 figurki &#8211; wysoko\u015b\u0107: 18cm Nr.10585<\/p>","protected":false},"featured_media":59116,"template":"","meta":{"_seopress_robots_primary_cat":"","_seopress_titles_title":"","_seopress_titles_desc":"","_seopress_robots_index":"","site-sidebar-layout":"default","site-content-layout":"","ast-site-content-layout":"default","site-content-style":"default","site-sidebar-style":"default","ast-global-header-display":"","ast-banner-title-visibility":"","ast-main-header-display":"","ast-hfb-above-header-display":"","ast-hfb-below-header-display":"","ast-hfb-mobile-header-display":"","site-post-title":"","ast-breadcrumbs-content":"","ast-featured-img":"","footer-sml-layout":"","ast-disable-related-posts":"","theme-transparent-header-meta":"default","adv-header-id-meta":"","stick-header-meta":"default","header-above-stick-meta":"","header-main-stick-meta":"","header-below-stick-meta":"","astra-migrate-meta-layouts":"set","ast-page-background-enabled":"default","ast-page-background-meta":{"desktop":{"background-color":"var(--ast-global-color-4)","background-image":"","background-repeat":"repeat","background-position":"center center","background-size":"auto","background-attachment":"scroll","background-type":"","background-media":"","overlay-type":"","overlay-color":"","overlay-opacity":"","overlay-gradient":""},"tablet":{"background-color":"","background-image":"","background-repeat":"repeat","background-position":"center center","background-size":"auto","background-attachment":"scroll","background-type":"","background-media":"","overlay-type":"","overlay-color":"","overlay-opacity":"","overlay-gradient":""},"mobile":{"background-color":"","background-image":"","background-repeat":"repeat","background-position":"center center","background-size":"auto","background-attachment":"scroll","background-type":"","background-media":"","overlay-type":"","overlay-color":"","overlay-opacity":"","overlay-gradient":""}},"ast-content-background-meta":{"desktop":{"background-color":"var(--ast-global-color-5)","background-image":"","background-repeat":"repeat","background-position":"center center","background-size":"auto","background-attachment":"scroll","background-type":"","background-media":"","overlay-type":"","overlay-color":"","overlay-opacity":"","overlay-gradient":""},"tablet":{"background-color":"var(--ast-global-color-5)","background-image":"","background-repeat":"repeat","background-position":"center center","background-size":"auto","background-attachment":"scroll","background-type":"","background-media":"","overlay-type":"","overlay-color":"","overlay-opacity":"","overlay-gradient":""},"mobile":{"background-color":"var(--ast-global-color-5)","background-image":"","background-repeat":"repeat","background-position":"center center","background-size":"auto","background-attachment":"scroll","background-type":"","background-media":"","overlay-type":"","overlay-color":"","overlay-opacity":"","overlay-gradient":""}}},"product_brand":[],"product_cat":[58],"product_tag":[],"class_list":{"0":"post-59148","1":"product","2":"type-product","3":"status-publish","4":"has-post-thumbnail","6":"product_cat-zabawki","7":"product_shipping_class-wysylka-19zl","8":"desktop-align-left","9":"tablet-align-left","10":"mobile-align-left","11":"ast-product-gallery-layout-vertical-slider","12":"ast-product-tabs-layout-horizontal","13":"ast-qv-on-image","15":"first","16":"instock","17":"sold-individually","18":"shipping-taxable","19":"purchasable","20":"product-type-simple"},"_links":{"self":[{"href":"https:\/\/antart.com.pl\/en\/wp-json\/wp\/v2\/product\/59148","targetHints":{"allow":["GET"]}}],"collection":[{"href":"https:\/\/antart.com.pl\/en\/wp-json\/wp\/v2\/product"}],"about":[{"href":"https:\/\/antart.com.pl\/en\/wp-json\/wp\/v2\/types\/product"}],"wp:featuredmedia":[{"embeddable":true,"href":"https:\/\/antart.com.pl\/en\/wp-json\/wp\/v2\/media\/59116"}],"wp:attachment":[{"href":"https:\/\/antart.com.pl\/en\/wp-json\/wp\/v2\/media?parent=59148"}],"wp:term":[{"taxonomy":"product_brand","embeddable":true,"href":"https:\/\/antart.com.pl\/en\/wp-json\/wp\/v2\/product_brand?post=59148"},{"taxonomy":"product_cat","embeddable":true,"href":"https:\/\/antart.com.pl\/en\/wp-json\/wp\/v2\/product_cat?post=59148"},{"taxonomy":"product_tag","embeddable":true,"href":"https:\/\/antart.com.pl\/en\/wp-json\/wp\/v2\/product_tag?post=59148"}],"curies":[{"name":"wp","href":"https:\/\/api.w.org\/{rel}","templated":true}]}}