{"id":59149,"date":"2026-01-13T11:34:32","date_gmt":"2026-01-13T10:34:32","guid":{"rendered":"https:\/\/antart.com.pl\/?post_type=product&#038;p=59149"},"modified":"2026-01-10T11:42:53","modified_gmt":"2026-01-10T10:42:53","slug":"hand-painted-champagne-glass","status":"publish","type":"product","link":"https:\/\/antart.com.pl\/en\/produkt\/kieliszek-do-szampana-recznie-malowany\/","title":{"rendered":"Hand-painted champagne glass"},"content":{"rendered":"<h4 style=\"text-align: center;\"><strong><em>Hand-painted champagne glass<\/em><\/strong><\/h4>\n<h4 style=\"text-align: center;\"><strong><em>Hand-painted champagne glass. An elegant beverage serving accessory that will decorate any table. The unique hand-painted design makes each glass unique.<\/em><\/strong><\/h4>\n<h4 style=\"text-align: center;\"><strong><em>May have slight abrasions of colour.<\/em><\/strong><\/h4>\n<h4><\/h4>\n<h4><strong><em>I have 5pc available for sale.<\/em><\/strong><\/h4>\n<h4><strong><em>Price is for 1pc.<\/em><\/strong><\/h4>\n<p>&nbsp;<\/p>\n<h4><strong><em>Dimensions<\/em><\/strong><\/h4>\n<ul>\n<li>\n<h4><strong><em>\u00a0Top diameter : 8cm<\/em><\/strong><\/h4>\n<\/li>\n<li>\n<h4><strong><em>\u00a0Base diameter: 7cm<\/em><\/strong><\/h4>\n<\/li>\n<li>\n<h4><strong><em>\u00a0Height: 25cm<\/em><\/strong><\/h4>\n<\/li>\n<\/ul>\n<h4><strong><em>\u00a0Capacity: 175ml<\/em><\/strong><\/h4>\n<h4 style=\"text-align: center;\"><\/h4>\n<h4 style=\"text-align: center;\"><strong><em>The photos show the actual state of the object<\/em><\/strong><\/h4>\n<h4><\/h4>\n<h4><strong><em>No.10584<\/em><\/strong><\/h4>","protected":false},"excerpt":{"rendered":"<p>Kieliszek do szampana r\u0119cznie malowany R\u0119cznie malowana szklanka do szampana. Elegancki dodatek do serwowania napoj\u00f3w, kt\u00f3ry ozdobi ka\u017cdy st\u00f3\u0142. Unikatowy, r\u0119cznie malowany wz\u00f3r sprawia, \u017ce ka\u017cda szklanka jest wyj\u0105tkowa. Mog\u0105 posiada\u0107 delikatne otarcia koloru. Posiadam w sprzeda\u017cy 5szt. Cena dotyczy 1szt. &nbsp; Wymiary \u00a0\u015arednica g\u00f3rna : 8cm \u00a0\u015arednica podstawy: 7cm \u00a0Wysoko\u015b\u0107: 25cm \u00a0Pojemno\u015b\u0107: 175ml Zdj\u0119cia [&hellip;]<\/p>\n","protected":false},"featured_media":59134,"template":"","meta":{"_seopress_robots_primary_cat":"","_seopress_titles_title":"","_seopress_titles_desc":"","_seopress_robots_index":"","site-sidebar-layout":"default","site-content-layout":"","ast-site-content-layout":"default","site-content-style":"default","site-sidebar-style":"default","ast-global-header-display":"","ast-banner-title-visibility":"","ast-main-header-display":"","ast-hfb-above-header-display":"","ast-hfb-below-header-display":"","ast-hfb-mobile-header-display":"","site-post-title":"","ast-breadcrumbs-content":"","ast-featured-img":"","footer-sml-layout":"","ast-disable-related-posts":"","theme-transparent-header-meta":"default","adv-header-id-meta":"","stick-header-meta":"default","header-above-stick-meta":"","header-main-stick-meta":"","header-below-stick-meta":"","astra-migrate-meta-layouts":"set","ast-page-background-enabled":"default","ast-page-background-meta":{"desktop":{"background-color":"var(--ast-global-color-4)","background-image":"","background-repeat":"repeat","background-position":"center center","background-size":"auto","background-attachment":"scroll","background-type":"","background-media":"","overlay-type":"","overlay-color":"","overlay-opacity":"","overlay-gradient":""},"tablet":{"background-color":"","background-image":"","background-repeat":"repeat","background-position":"center center","background-size":"auto","background-attachment":"scroll","background-type":"","background-media":"","overlay-type":"","overlay-color":"","overlay-opacity":"","overlay-gradient":""},"mobile":{"background-color":"","background-image":"","background-repeat":"repeat","background-position":"center center","background-size":"auto","background-attachment":"scroll","background-type":"","background-media":"","overlay-type":"","overlay-color":"","overlay-opacity":"","overlay-gradient":""}},"ast-content-background-meta":{"desktop":{"background-color":"var(--ast-global-color-5)","background-image":"","background-repeat":"repeat","background-position":"center center","background-size":"auto","background-attachment":"scroll","background-type":"","background-media":"","overlay-type":"","overlay-color":"","overlay-opacity":"","overlay-gradient":""},"tablet":{"background-color":"var(--ast-global-color-5)","background-image":"","background-repeat":"repeat","background-position":"center center","background-size":"auto","background-attachment":"scroll","background-type":"","background-media":"","overlay-type":"","overlay-color":"","overlay-opacity":"","overlay-gradient":""},"mobile":{"background-color":"var(--ast-global-color-5)","background-image":"","background-repeat":"repeat","background-position":"center center","background-size":"auto","background-attachment":"scroll","background-type":"","background-media":"","overlay-type":"","overlay-color":"","overlay-opacity":"","overlay-gradient":""}}},"product_brand":[],"product_cat":[53,24],"product_tag":[],"class_list":{"0":"post-59149","1":"product","2":"type-product","3":"status-publish","4":"has-post-thumbnail","6":"product_cat-kieliszki","7":"product_cat-kuchnia","8":"product_shipping_class-wysylka-19zl","9":"desktop-align-left","10":"tablet-align-left","11":"mobile-align-left","12":"ast-product-gallery-layout-vertical-slider","13":"ast-product-tabs-layout-horizontal","14":"ast-qv-on-image","16":"first","17":"instock","18":"shipping-taxable","19":"purchasable","20":"product-type-simple"},"_links":{"self":[{"href":"https:\/\/antart.com.pl\/en\/wp-json\/wp\/v2\/product\/59149","targetHints":{"allow":["GET"]}}],"collection":[{"href":"https:\/\/antart.com.pl\/en\/wp-json\/wp\/v2\/product"}],"about":[{"href":"https:\/\/antart.com.pl\/en\/wp-json\/wp\/v2\/types\/product"}],"wp:featuredmedia":[{"embeddable":true,"href":"https:\/\/antart.com.pl\/en\/wp-json\/wp\/v2\/media\/59134"}],"wp:attachment":[{"href":"https:\/\/antart.com.pl\/en\/wp-json\/wp\/v2\/media?parent=59149"}],"wp:term":[{"taxonomy":"product_brand","embeddable":true,"href":"https:\/\/antart.com.pl\/en\/wp-json\/wp\/v2\/product_brand?post=59149"},{"taxonomy":"product_cat","embeddable":true,"href":"https:\/\/antart.com.pl\/en\/wp-json\/wp\/v2\/product_cat?post=59149"},{"taxonomy":"product_tag","embeddable":true,"href":"https:\/\/antart.com.pl\/en\/wp-json\/wp\/v2\/product_tag?post=59149"}],"curies":[{"name":"wp","href":"https:\/\/api.w.org\/{rel}","templated":true}]}}