{"id":59150,"date":"2026-01-10T13:43:06","date_gmt":"2026-01-10T12:43:06","guid":{"rendered":"https:\/\/antart.com.pl\/?post_type=product&#038;p=59150"},"modified":"2026-01-10T11:54:48","modified_gmt":"2026-01-10T10:54:48","slug":"water-glass-cristal-d-arques-durand-from-the-1980s","status":"publish","type":"product","link":"https:\/\/antart.com.pl\/en\/produkt\/kieliszek-szklanka-do-wody-cristal-d-arques-durand-z-lat-80-tych\/","title":{"rendered":"Cristal D\u2019 Arques- Durand water glass from the 1980s"},"content":{"rendered":"<h4 style=\"text-align: center;\"><em><strong>Cristal D\u2019 Arques- Durand water glass from the 1980s<\/strong><\/em><\/h4>\n<h4 style=\"text-align: center;\"><em><strong>Cristal d'Arques-Durand crystal style water glass from the 1980s, with a distinctive fruit pattern in turquoise. Despite the passage of time, the glass is in good condition despite a little damage at the base but can still be used for everyday use.<\/strong><\/em><\/h4>\n<h4><em><strong>Dimensions<\/strong><\/em><\/h4>\n<ul>\n<li>\n<h4><em><strong>Top diameter : 8cm<\/strong><\/em><\/h4>\n<\/li>\n<li>\n<h4><em><strong>Base diameter: 7.5cm<\/strong><\/em><\/h4>\n<\/li>\n<li>\n<h4><em><strong>Height: 17.5cm<\/strong><\/em><\/h4>\n<\/li>\n<\/ul>\n<h4><em><strong>Capacity: 225ml<\/strong><\/em><\/h4>\n<h4><\/h4>\n<h4><em><strong>I own 2 pieces.<\/strong><\/em><\/h4>\n<h4><em><strong>Ceba applies to 1 piece.<\/strong><\/em><\/h4>\n<h4 style=\"text-align: center;\"><\/h4>\n<h4 style=\"text-align: center;\"><em><strong>The photos show the actual state of the object<\/strong><\/em><\/h4>\n<h4><em><strong>No.10583<\/strong><\/em><\/h4>","protected":false},"excerpt":{"rendered":"<p>Kieliszek, szklanka do wody Cristal D&#8217; Arques- Durand z lat 80-tych Szklanka do wody w stylu kryszta\u0142owym Cristal d&#8217;Arques-Durand z lat 80. Posiada charakterystyczny wz\u00f3r owoc\u00f3w w kolorze turkusowym. Mimo up\u0142ywu czasu, szklanka jest w dobrym stanie pomimo ma\u0142ego uszczerbku u podstawy ale nadal mo\u017ce s\u0142u\u017cy\u0107 do codziennego u\u017cytku. Wymiary \u015arednica g\u00f3rna : 8cm \u015arednica [&hellip;]<\/p>\n","protected":false},"featured_media":59152,"template":"","meta":{"_seopress_robots_primary_cat":"","_seopress_titles_title":"","_seopress_titles_desc":"","_seopress_robots_index":"","site-sidebar-layout":"default","site-content-layout":"","ast-site-content-layout":"default","site-content-style":"default","site-sidebar-style":"default","ast-global-header-display":"","ast-banner-title-visibility":"","ast-main-header-display":"","ast-hfb-above-header-display":"","ast-hfb-below-header-display":"","ast-hfb-mobile-header-display":"","site-post-title":"","ast-breadcrumbs-content":"","ast-featured-img":"","footer-sml-layout":"","ast-disable-related-posts":"","theme-transparent-header-meta":"default","adv-header-id-meta":"","stick-header-meta":"default","header-above-stick-meta":"","header-main-stick-meta":"","header-below-stick-meta":"","astra-migrate-meta-layouts":"set","ast-page-background-enabled":"default","ast-page-background-meta":{"desktop":{"background-color":"var(--ast-global-color-4)","background-image":"","background-repeat":"repeat","background-position":"center center","background-size":"auto","background-attachment":"scroll","background-type":"","background-media":"","overlay-type":"","overlay-color":"","overlay-opacity":"","overlay-gradient":""},"tablet":{"background-color":"","background-image":"","background-repeat":"repeat","background-position":"center center","background-size":"auto","background-attachment":"scroll","background-type":"","background-media":"","overlay-type":"","overlay-color":"","overlay-opacity":"","overlay-gradient":""},"mobile":{"background-color":"","background-image":"","background-repeat":"repeat","background-position":"center center","background-size":"auto","background-attachment":"scroll","background-type":"","background-media":"","overlay-type":"","overlay-color":"","overlay-opacity":"","overlay-gradient":""}},"ast-content-background-meta":{"desktop":{"background-color":"var(--ast-global-color-5)","background-image":"","background-repeat":"repeat","background-position":"center center","background-size":"auto","background-attachment":"scroll","background-type":"","background-media":"","overlay-type":"","overlay-color":"","overlay-opacity":"","overlay-gradient":""},"tablet":{"background-color":"var(--ast-global-color-5)","background-image":"","background-repeat":"repeat","background-position":"center center","background-size":"auto","background-attachment":"scroll","background-type":"","background-media":"","overlay-type":"","overlay-color":"","overlay-opacity":"","overlay-gradient":""},"mobile":{"background-color":"var(--ast-global-color-5)","background-image":"","background-repeat":"repeat","background-position":"center center","background-size":"auto","background-attachment":"scroll","background-type":"","background-media":"","overlay-type":"","overlay-color":"","overlay-opacity":"","overlay-gradient":""}}},"product_brand":[],"product_cat":[53,24],"product_tag":[],"class_list":{"0":"post-59150","1":"product","2":"type-product","3":"status-publish","4":"has-post-thumbnail","6":"product_cat-kieliszki","7":"product_cat-kuchnia","8":"product_shipping_class-wysylka-19zl","9":"desktop-align-left","10":"tablet-align-left","11":"mobile-align-left","12":"ast-product-gallery-layout-vertical-slider","13":"ast-product-tabs-layout-horizontal","14":"ast-qv-on-image","16":"first","17":"instock","18":"shipping-taxable","19":"purchasable","20":"product-type-simple"},"_links":{"self":[{"href":"https:\/\/antart.com.pl\/en\/wp-json\/wp\/v2\/product\/59150","targetHints":{"allow":["GET"]}}],"collection":[{"href":"https:\/\/antart.com.pl\/en\/wp-json\/wp\/v2\/product"}],"about":[{"href":"https:\/\/antart.com.pl\/en\/wp-json\/wp\/v2\/types\/product"}],"wp:featuredmedia":[{"embeddable":true,"href":"https:\/\/antart.com.pl\/en\/wp-json\/wp\/v2\/media\/59152"}],"wp:attachment":[{"href":"https:\/\/antart.com.pl\/en\/wp-json\/wp\/v2\/media?parent=59150"}],"wp:term":[{"taxonomy":"product_brand","embeddable":true,"href":"https:\/\/antart.com.pl\/en\/wp-json\/wp\/v2\/product_brand?post=59150"},{"taxonomy":"product_cat","embeddable":true,"href":"https:\/\/antart.com.pl\/en\/wp-json\/wp\/v2\/product_cat?post=59150"},{"taxonomy":"product_tag","embeddable":true,"href":"https:\/\/antart.com.pl\/en\/wp-json\/wp\/v2\/product_tag?post=59150"}],"curies":[{"name":"wp","href":"https:\/\/api.w.org\/{rel}","templated":true}]}}