{"id":59256,"date":"2026-01-14T14:30:10","date_gmt":"2026-01-14T13:30:10","guid":{"rendered":"https:\/\/antart.com.pl\/?post_type=product&#038;p=59256"},"modified":"2026-01-10T12:43:55","modified_gmt":"2026-01-10T11:43:55","slug":"ramer-crystal-glass-for-cognac-honey","status":"publish","type":"product","link":"https:\/\/antart.com.pl\/en\/produkt\/kieliszek-krysztalowy-ramer-do-koniaku-miodowy\/","title":{"rendered":"Ramer crystal glass for cognac honey"},"content":{"rendered":"<h4 style=\"text-align: center;\"><em><strong>Ramer crystal glass for cognac honey<\/strong><\/em><\/h4>\n<h4 style=\"text-align: center;\"><em><strong>Honey-coloured amber glass with a beautiful polished finish. At the base of the base, the star cut.<\/strong><\/em><\/h4>\n<h4 style=\"text-align: center;\"><em><strong>Elegant glasses for cognac or any other beverage in amber glass. Each glass is hand decorated with a delicate pattern, giving them a unique and stylish look. Perfect for a gift or for your own collection.<\/strong><\/em><\/h4>\n<h4 style=\"text-align: center;\"><em><strong>Dimensions<\/strong><\/em><\/h4>\n<ul>\n<li>\n<h4><em><strong>Height: 13cm.<\/strong><\/em><\/h4>\n<\/li>\n<li>\n<h4><em><strong>Top diameter: 6.5cm.<\/strong><\/em><\/h4>\n<\/li>\n<li>\n<h4><em><strong>Base diameter: 6.5cm.<\/strong><\/em><\/h4>\n<\/li>\n<\/ul>\n<h4><em><strong>Volume: 300ml.<\/strong><\/em><\/h4>\n<h4 style=\"text-align: center;\"><em>I own six pieces.<\/em><\/h4>\n<h4 style=\"text-align: center;\"><em>The price is for 1 piece.<\/em><\/h4>\n<p>&nbsp;<\/p>\n<h4><\/h4>\n<h4><em><strong>No. 10579<\/strong><\/em><\/h4>","protected":false},"excerpt":{"rendered":"<p>Kieliszek kryszta\u0142owy Ramer do koniaku miodowy Kieliszek w kolorze miodowym, bursztynowym w pi\u0119knym wyko\u0144czeniem szlifowanym. Przy podstawie szlify gwiazdek. Eleganckie kieliszki do koniaku lub innego trunku z bursztynowego szk\u0142a. Ka\u017cdy kieliszek jest r\u0119cznie zdobiony delikatnym wzorem, nadaj\u0105c im unikalny i stylowy wygl\u0105d. Idealne na prezent lub do w\u0142asnej kolekcji. Wymiary Wysoko\u015b\u0107: 13cm. \u015arednica g\u00f3rna: 6,5cm. [&hellip;]<\/p>\n","protected":false},"featured_media":59195,"template":"","meta":{"_seopress_robots_primary_cat":"","_seopress_titles_title":"","_seopress_titles_desc":"","_seopress_robots_index":"","site-sidebar-layout":"default","site-content-layout":"","ast-site-content-layout":"default","site-content-style":"default","site-sidebar-style":"default","ast-global-header-display":"","ast-banner-title-visibility":"","ast-main-header-display":"","ast-hfb-above-header-display":"","ast-hfb-below-header-display":"","ast-hfb-mobile-header-display":"","site-post-title":"","ast-breadcrumbs-content":"","ast-featured-img":"","footer-sml-layout":"","ast-disable-related-posts":"","theme-transparent-header-meta":"default","adv-header-id-meta":"","stick-header-meta":"default","header-above-stick-meta":"","header-main-stick-meta":"","header-below-stick-meta":"","astra-migrate-meta-layouts":"set","ast-page-background-enabled":"default","ast-page-background-meta":{"desktop":{"background-color":"var(--ast-global-color-4)","background-image":"","background-repeat":"repeat","background-position":"center center","background-size":"auto","background-attachment":"scroll","background-type":"","background-media":"","overlay-type":"","overlay-color":"","overlay-opacity":"","overlay-gradient":""},"tablet":{"background-color":"","background-image":"","background-repeat":"repeat","background-position":"center center","background-size":"auto","background-attachment":"scroll","background-type":"","background-media":"","overlay-type":"","overlay-color":"","overlay-opacity":"","overlay-gradient":""},"mobile":{"background-color":"","background-image":"","background-repeat":"repeat","background-position":"center center","background-size":"auto","background-attachment":"scroll","background-type":"","background-media":"","overlay-type":"","overlay-color":"","overlay-opacity":"","overlay-gradient":""}},"ast-content-background-meta":{"desktop":{"background-color":"var(--ast-global-color-5)","background-image":"","background-repeat":"repeat","background-position":"center center","background-size":"auto","background-attachment":"scroll","background-type":"","background-media":"","overlay-type":"","overlay-color":"","overlay-opacity":"","overlay-gradient":""},"tablet":{"background-color":"var(--ast-global-color-5)","background-image":"","background-repeat":"repeat","background-position":"center center","background-size":"auto","background-attachment":"scroll","background-type":"","background-media":"","overlay-type":"","overlay-color":"","overlay-opacity":"","overlay-gradient":""},"mobile":{"background-color":"var(--ast-global-color-5)","background-image":"","background-repeat":"repeat","background-position":"center center","background-size":"auto","background-attachment":"scroll","background-type":"","background-media":"","overlay-type":"","overlay-color":"","overlay-opacity":"","overlay-gradient":""}}},"product_brand":[],"product_cat":[53,24],"product_tag":[],"class_list":{"0":"post-59256","1":"product","2":"type-product","3":"status-publish","4":"has-post-thumbnail","6":"product_cat-kieliszki","7":"product_cat-kuchnia","8":"product_shipping_class-wysylka-19zl","9":"desktop-align-left","10":"tablet-align-left","11":"mobile-align-left","12":"ast-product-gallery-layout-vertical-slider","13":"ast-product-tabs-layout-horizontal","14":"ast-qv-on-image","16":"first","17":"instock","18":"shipping-taxable","19":"purchasable","20":"product-type-simple"},"_links":{"self":[{"href":"https:\/\/antart.com.pl\/en\/wp-json\/wp\/v2\/product\/59256","targetHints":{"allow":["GET"]}}],"collection":[{"href":"https:\/\/antart.com.pl\/en\/wp-json\/wp\/v2\/product"}],"about":[{"href":"https:\/\/antart.com.pl\/en\/wp-json\/wp\/v2\/types\/product"}],"wp:featuredmedia":[{"embeddable":true,"href":"https:\/\/antart.com.pl\/en\/wp-json\/wp\/v2\/media\/59195"}],"wp:attachment":[{"href":"https:\/\/antart.com.pl\/en\/wp-json\/wp\/v2\/media?parent=59256"}],"wp:term":[{"taxonomy":"product_brand","embeddable":true,"href":"https:\/\/antart.com.pl\/en\/wp-json\/wp\/v2\/product_brand?post=59256"},{"taxonomy":"product_cat","embeddable":true,"href":"https:\/\/antart.com.pl\/en\/wp-json\/wp\/v2\/product_cat?post=59256"},{"taxonomy":"product_tag","embeddable":true,"href":"https:\/\/antart.com.pl\/en\/wp-json\/wp\/v2\/product_tag?post=59256"}],"curies":[{"name":"wp","href":"https:\/\/api.w.org\/{rel}","templated":true}]}}