{"id":59364,"date":"2026-01-16T08:44:42","date_gmt":"2026-01-16T07:44:42","guid":{"rendered":"https:\/\/antart.com.pl\/?post_type=product&#038;p=59364"},"modified":"2026-01-11T08:44:55","modified_gmt":"2026-01-11T07:44:55","slug":"coffee-set-for-6-pax-on-stand-ekspresso","status":"publish","type":"product","link":"https:\/\/antart.com.pl\/en\/produkt\/zestaw-kawowy-na-6-os-na-stojaku-ekspresso\/","title":{"rendered":"Coffee set for 6 persons on an expresso stand"},"content":{"rendered":"<h4 style=\"text-align: center;\"><strong><em>Coffee set for 6 persons on an expresso stand<\/em><\/strong><\/h4>\n<h4 style=\"text-align: center;\"><strong><em>Elegant coffee set for 6 people on an espresso stand. Porcelain mug with colourful patterns, ideal for everyday use or as a gift.<\/em><\/strong><\/h4>\n<p>&nbsp;<\/p>\n<h4 style=\"text-align: left;\"><strong><em>Dimensions<\/em><\/strong><\/h4>\n<h4><strong><em>Cup<\/em><\/strong><\/h4>\n<ul>\n<li>\n<h4><strong><em>Height: 5.5cm.<\/em><\/strong><\/h4>\n<\/li>\n<li>\n<h4><strong><em>Diameter: 5cm<\/em><\/strong><\/h4>\n<\/li>\n<\/ul>\n<h4><strong><em>Volume: 50ml.<\/em><\/strong><\/h4>\n<h4><strong><em>Spodek<\/em><\/strong><\/h4>\n<ul>\n<li>\n<h4><strong><em>Diameter: 10.5cm<\/em><\/strong><\/h4>\n<\/li>\n<\/ul>\n<h4><strong><em>Stand<\/em><\/strong><\/h4>\n<ul>\n<li>\n<h4><strong><em>length: 17cm<\/em><\/strong><\/h4>\n<\/li>\n<li>\n<h4><strong><em>width: 11.5cm<\/em><\/strong><\/h4>\n<\/li>\n<li>\n<h4><strong><em>height: 16.5cm<\/em><\/strong><\/h4>\n<\/li>\n<\/ul>\n<h4><strong><em>No.10571<\/em><\/strong><\/h4>","protected":false},"excerpt":{"rendered":"<p>Zestaw kawowy na 6 os. na stojaku ekspresso Elegancki zestaw do kawy na 6 os\u00f3b na podstawce do espresso. Porcelanowy kubek w kolorowe wzory, idealny do codziennego u\u017cytku lub jako prezent. &nbsp; Wymiary Fili\u017canka Wysoko\u015b\u0107: 5,5cm. \u015arednica: 5cm Poj: 50ml. Spodek \u015arednica: 10,5cm Stojak d\u0142ugo\u015b\u0107: 17cm szeroko\u015b\u0107: 11,5cm wysoko\u015b\u0107: 16,5cm Nr.10571<\/p>","protected":false},"featured_media":59336,"template":"","meta":{"_seopress_robots_primary_cat":"","_seopress_titles_title":"","_seopress_titles_desc":"","_seopress_robots_index":"","site-sidebar-layout":"default","site-content-layout":"","ast-site-content-layout":"default","site-content-style":"default","site-sidebar-style":"default","ast-global-header-display":"","ast-banner-title-visibility":"","ast-main-header-display":"","ast-hfb-above-header-display":"","ast-hfb-below-header-display":"","ast-hfb-mobile-header-display":"","site-post-title":"","ast-breadcrumbs-content":"","ast-featured-img":"","footer-sml-layout":"","ast-disable-related-posts":"","theme-transparent-header-meta":"default","adv-header-id-meta":"","stick-header-meta":"default","header-above-stick-meta":"","header-main-stick-meta":"","header-below-stick-meta":"","astra-migrate-meta-layouts":"set","ast-page-background-enabled":"default","ast-page-background-meta":{"desktop":{"background-color":"var(--ast-global-color-4)","background-image":"","background-repeat":"repeat","background-position":"center center","background-size":"auto","background-attachment":"scroll","background-type":"","background-media":"","overlay-type":"","overlay-color":"","overlay-opacity":"","overlay-gradient":""},"tablet":{"background-color":"","background-image":"","background-repeat":"repeat","background-position":"center center","background-size":"auto","background-attachment":"scroll","background-type":"","background-media":"","overlay-type":"","overlay-color":"","overlay-opacity":"","overlay-gradient":""},"mobile":{"background-color":"","background-image":"","background-repeat":"repeat","background-position":"center center","background-size":"auto","background-attachment":"scroll","background-type":"","background-media":"","overlay-type":"","overlay-color":"","overlay-opacity":"","overlay-gradient":""}},"ast-content-background-meta":{"desktop":{"background-color":"var(--ast-global-color-5)","background-image":"","background-repeat":"repeat","background-position":"center center","background-size":"auto","background-attachment":"scroll","background-type":"","background-media":"","overlay-type":"","overlay-color":"","overlay-opacity":"","overlay-gradient":""},"tablet":{"background-color":"var(--ast-global-color-5)","background-image":"","background-repeat":"repeat","background-position":"center center","background-size":"auto","background-attachment":"scroll","background-type":"","background-media":"","overlay-type":"","overlay-color":"","overlay-opacity":"","overlay-gradient":""},"mobile":{"background-color":"var(--ast-global-color-5)","background-image":"","background-repeat":"repeat","background-position":"center center","background-size":"auto","background-attachment":"scroll","background-type":"","background-media":"","overlay-type":"","overlay-color":"","overlay-opacity":"","overlay-gradient":""}}},"product_brand":[],"product_cat":[51,64,24,49],"product_tag":[],"class_list":{"0":"post-59364","1":"product","2":"type-product","3":"status-publish","4":"has-post-thumbnail","6":"product_cat-filizanki-zastawy-sniadaniowe","7":"product_cat-kawowy","8":"product_cat-kuchnia","9":"product_cat-serwisy","10":"product_shipping_class-wysylka-19zl","11":"desktop-align-left","12":"tablet-align-left","13":"mobile-align-left","14":"ast-product-gallery-layout-vertical-slider","15":"ast-product-tabs-layout-horizontal","16":"ast-qv-on-image","18":"first","19":"instock","20":"sold-individually","21":"shipping-taxable","22":"purchasable","23":"product-type-simple"},"_links":{"self":[{"href":"https:\/\/antart.com.pl\/en\/wp-json\/wp\/v2\/product\/59364","targetHints":{"allow":["GET"]}}],"collection":[{"href":"https:\/\/antart.com.pl\/en\/wp-json\/wp\/v2\/product"}],"about":[{"href":"https:\/\/antart.com.pl\/en\/wp-json\/wp\/v2\/types\/product"}],"wp:featuredmedia":[{"embeddable":true,"href":"https:\/\/antart.com.pl\/en\/wp-json\/wp\/v2\/media\/59336"}],"wp:attachment":[{"href":"https:\/\/antart.com.pl\/en\/wp-json\/wp\/v2\/media?parent=59364"}],"wp:term":[{"taxonomy":"product_brand","embeddable":true,"href":"https:\/\/antart.com.pl\/en\/wp-json\/wp\/v2\/product_brand?post=59364"},{"taxonomy":"product_cat","embeddable":true,"href":"https:\/\/antart.com.pl\/en\/wp-json\/wp\/v2\/product_cat?post=59364"},{"taxonomy":"product_tag","embeddable":true,"href":"https:\/\/antart.com.pl\/en\/wp-json\/wp\/v2\/product_tag?post=59364"}],"curies":[{"name":"wp","href":"https:\/\/api.w.org\/{rel}","templated":true}]}}