{"id":59367,"date":"2026-01-17T09:00:56","date_gmt":"2026-01-17T08:00:56","guid":{"rendered":"https:\/\/antart.com.pl\/?post_type=product&#038;p=59367"},"modified":"2026-01-11T09:07:00","modified_gmt":"2026-01-11T08:07:00","slug":"wazon-alabastrowy-vintage-jasny-bez-z-lat-70-tych","status":"publish","type":"product","link":"https:\/\/antart.com.pl\/en\/produkt\/wazon-alabastrowy-vintage-jasny-bez-z-lat-70-tych\/","title":{"rendered":"1970s vintage alabaster vase light beige"},"content":{"rendered":"<h4 style=\"text-align: center;\"><strong><em>1970s vintage alabaster vase light beige<\/em><\/strong><\/h4>\n<h4 style=\"text-align: center;\"><strong><em>Elegancki, vintage&#8217;owy wazon wykonany z alabastru w jasnobe\u017cowym kolorze, pochodz\u0105cy z lat 70-tych. Posiada charakterystyczne, delikatne \u017cy\u0142kowanie, nadaj\u0105ce mu niepowtarzalny wygl\u0105d. Wazon ten b\u0119dzie pi\u0119kn\u0105 ozdob\u0105 w ka\u017cdym wn\u0119trzu, dodaj\u0105c mu klasy i stylu.<\/em><\/strong><\/h4>\n<h4><strong><em>Dimensions<\/em><\/strong><\/h4>\n<ul>\n<li>\n<h4><strong><em>Top diameter: 7cm.<\/em><\/strong><\/h4>\n<\/li>\n<li>\n<h4><strong><em>Base diameter: 7cm.<\/em><\/strong><\/h4>\n<\/li>\n<li>\n<h4><strong><em>height: 20.5cm<\/em><\/strong><\/h4>\n<\/li>\n<\/ul>\n<h4><strong><em>Nr. 10566<\/em><\/strong><\/h4>","protected":false},"excerpt":{"rendered":"<p>Wazon alabastrowy vintage jasny be\u017c z lat 70-tych Elegancki, vintage&#8217;owy wazon wykonany z alabastru w jasnobe\u017cowym kolorze, pochodz\u0105cy z lat 70-tych. Posiada charakterystyczne, delikatne \u017cy\u0142kowanie, nadaj\u0105ce mu niepowtarzalny wygl\u0105d. Wazon ten b\u0119dzie pi\u0119kn\u0105 ozdob\u0105 w ka\u017cdym wn\u0119trzu, dodaj\u0105c mu klasy i stylu. Wymiary \u015arednica g\u00f3rna: 7cm. \u015arednica podstawy: 7cm. wysoko\u015b\u0107: 20,5cm Nr. 10566<\/p>","protected":false},"featured_media":59321,"template":"","meta":{"_seopress_robots_primary_cat":"","_seopress_titles_title":"","_seopress_titles_desc":"","_seopress_robots_index":"","site-sidebar-layout":"default","site-content-layout":"","ast-site-content-layout":"default","site-content-style":"default","site-sidebar-style":"default","ast-global-header-display":"","ast-banner-title-visibility":"","ast-main-header-display":"","ast-hfb-above-header-display":"","ast-hfb-below-header-display":"","ast-hfb-mobile-header-display":"","site-post-title":"","ast-breadcrumbs-content":"","ast-featured-img":"","footer-sml-layout":"","ast-disable-related-posts":"","theme-transparent-header-meta":"default","adv-header-id-meta":"","stick-header-meta":"default","header-above-stick-meta":"","header-main-stick-meta":"","header-below-stick-meta":"","astra-migrate-meta-layouts":"set","ast-page-background-enabled":"default","ast-page-background-meta":{"desktop":{"background-color":"var(--ast-global-color-4)","background-image":"","background-repeat":"repeat","background-position":"center center","background-size":"auto","background-attachment":"scroll","background-type":"","background-media":"","overlay-type":"","overlay-color":"","overlay-opacity":"","overlay-gradient":""},"tablet":{"background-color":"","background-image":"","background-repeat":"repeat","background-position":"center center","background-size":"auto","background-attachment":"scroll","background-type":"","background-media":"","overlay-type":"","overlay-color":"","overlay-opacity":"","overlay-gradient":""},"mobile":{"background-color":"","background-image":"","background-repeat":"repeat","background-position":"center center","background-size":"auto","background-attachment":"scroll","background-type":"","background-media":"","overlay-type":"","overlay-color":"","overlay-opacity":"","overlay-gradient":""}},"ast-content-background-meta":{"desktop":{"background-color":"var(--ast-global-color-5)","background-image":"","background-repeat":"repeat","background-position":"center center","background-size":"auto","background-attachment":"scroll","background-type":"","background-media":"","overlay-type":"","overlay-color":"","overlay-opacity":"","overlay-gradient":""},"tablet":{"background-color":"var(--ast-global-color-5)","background-image":"","background-repeat":"repeat","background-position":"center center","background-size":"auto","background-attachment":"scroll","background-type":"","background-media":"","overlay-type":"","overlay-color":"","overlay-opacity":"","overlay-gradient":""},"mobile":{"background-color":"var(--ast-global-color-5)","background-image":"","background-repeat":"repeat","background-position":"center center","background-size":"auto","background-attachment":"scroll","background-type":"","background-media":"","overlay-type":"","overlay-color":"","overlay-opacity":"","overlay-gradient":""}}},"product_brand":[],"product_cat":[27,71],"product_tag":[],"class_list":{"0":"post-59367","1":"product","2":"type-product","3":"status-publish","4":"has-post-thumbnail","6":"product_cat-dekoracyjne","7":"product_cat-wazony","8":"product_shipping_class-wysylka-19zl","9":"desktop-align-left","10":"tablet-align-left","11":"mobile-align-left","12":"ast-product-gallery-layout-vertical-slider","13":"ast-product-tabs-layout-horizontal","14":"ast-qv-on-image","16":"first","17":"instock","18":"sold-individually","19":"shipping-taxable","20":"purchasable","21":"product-type-simple"},"_links":{"self":[{"href":"https:\/\/antart.com.pl\/en\/wp-json\/wp\/v2\/product\/59367","targetHints":{"allow":["GET"]}}],"collection":[{"href":"https:\/\/antart.com.pl\/en\/wp-json\/wp\/v2\/product"}],"about":[{"href":"https:\/\/antart.com.pl\/en\/wp-json\/wp\/v2\/types\/product"}],"wp:featuredmedia":[{"embeddable":true,"href":"https:\/\/antart.com.pl\/en\/wp-json\/wp\/v2\/media\/59321"}],"wp:attachment":[{"href":"https:\/\/antart.com.pl\/en\/wp-json\/wp\/v2\/media?parent=59367"}],"wp:term":[{"taxonomy":"product_brand","embeddable":true,"href":"https:\/\/antart.com.pl\/en\/wp-json\/wp\/v2\/product_brand?post=59367"},{"taxonomy":"product_cat","embeddable":true,"href":"https:\/\/antart.com.pl\/en\/wp-json\/wp\/v2\/product_cat?post=59367"},{"taxonomy":"product_tag","embeddable":true,"href":"https:\/\/antart.com.pl\/en\/wp-json\/wp\/v2\/product_tag?post=59367"}],"curies":[{"name":"wp","href":"https:\/\/api.w.org\/{rel}","templated":true}]}}