{"id":59506,"date":"2026-01-17T10:09:26","date_gmt":"2026-01-17T09:09:26","guid":{"rendered":"https:\/\/antart.com.pl\/?post_type=product&#038;p=59506"},"modified":"2026-01-11T10:18:57","modified_gmt":"2026-01-11T09:18:57","slug":"antique-american-crystal-bowl-from-the-brilliant-period","status":"publish","type":"product","link":"https:\/\/antart.com.pl\/en\/produkt\/antyczna-amerykanska-misa-krysztalowa-z-okresu-brylantowego\/","title":{"rendered":"Antique American crystal bowl from the Brilliant period"},"content":{"rendered":"<h4 style=\"text-align: center;\"><em>Antique American crystal bowl from the Brilliant period<\/em><\/h4>\n<h4 style=\"text-align: center;\"><em>A beautiful vintage style crystal bowl. Made of high quality crystal glass, decorated with decorative patterns. Ideal for storing fruit, sweets or as a table decoration. A unique, vintage item that adds elegance to any interior.<\/em><\/h4>\n<h4 style=\"text-align: center;\"><em>The bowl has a loss.<\/em><\/h4>\n<h4><em><b>Dimensions<\/b><\/em><\/h4>\n<ul>\n<li>\n<h4><em>Height: 11cm.<\/em><\/h4>\n<\/li>\n<li>\n<h4><em>length: 27cm<\/em><\/h4>\n<\/li>\n<li>\n<h4><em>width: 13.5cm<\/em><\/h4>\n<\/li>\n<\/ul>\n<h4 style=\"text-align: center;\"><em><b>The photos show the actual condition of the item.<\/b><\/em><\/h4>\n<h4><em><b>No.10448<\/b><\/em><\/h4>","protected":false},"excerpt":{"rendered":"<p>Antyczna ameryka\u0144ska misa kryszta\u0142owa z okresu brylantowego Pi\u0119kna, kryszta\u0142owa misa w stylu vintage. Wykonana z wysokiej jako\u015bci szk\u0142a kryszta\u0142owego, zdobiona dekoracyjnymi wzorami. Idealnie nadaje si\u0119 do przechowywania owoc\u00f3w, s\u0142odyczy lub jako dekoracja na st\u00f3\u0142. Unikatowy, zabytkowy przedmiot, kt\u00f3ry dodaje elegancji ka\u017cdemu wn\u0119trzu. Misa posiada uszczerbek. Wymiary Wysoko\u015b\u0107: 11cm. d\u0142ugo\u015b\u0107: 27cm szeroko\u015b\u0107: 13,5cm Zdj\u0119cia przedstawiaj\u0105 stan [&hellip;]<\/p>\n","protected":false},"featured_media":59394,"template":"","meta":{"_seopress_robots_primary_cat":"","_seopress_titles_title":"","_seopress_titles_desc":"","_seopress_robots_index":"","site-sidebar-layout":"default","site-content-layout":"","ast-site-content-layout":"default","site-content-style":"default","site-sidebar-style":"default","ast-global-header-display":"","ast-banner-title-visibility":"","ast-main-header-display":"","ast-hfb-above-header-display":"","ast-hfb-below-header-display":"","ast-hfb-mobile-header-display":"","site-post-title":"","ast-breadcrumbs-content":"","ast-featured-img":"","footer-sml-layout":"","ast-disable-related-posts":"","theme-transparent-header-meta":"default","adv-header-id-meta":"","stick-header-meta":"default","header-above-stick-meta":"","header-main-stick-meta":"","header-below-stick-meta":"","astra-migrate-meta-layouts":"set","ast-page-background-enabled":"default","ast-page-background-meta":{"desktop":{"background-color":"var(--ast-global-color-4)","background-image":"","background-repeat":"repeat","background-position":"center center","background-size":"auto","background-attachment":"scroll","background-type":"","background-media":"","overlay-type":"","overlay-color":"","overlay-opacity":"","overlay-gradient":""},"tablet":{"background-color":"","background-image":"","background-repeat":"repeat","background-position":"center center","background-size":"auto","background-attachment":"scroll","background-type":"","background-media":"","overlay-type":"","overlay-color":"","overlay-opacity":"","overlay-gradient":""},"mobile":{"background-color":"","background-image":"","background-repeat":"repeat","background-position":"center center","background-size":"auto","background-attachment":"scroll","background-type":"","background-media":"","overlay-type":"","overlay-color":"","overlay-opacity":"","overlay-gradient":""}},"ast-content-background-meta":{"desktop":{"background-color":"var(--ast-global-color-5)","background-image":"","background-repeat":"repeat","background-position":"center center","background-size":"auto","background-attachment":"scroll","background-type":"","background-media":"","overlay-type":"","overlay-color":"","overlay-opacity":"","overlay-gradient":""},"tablet":{"background-color":"var(--ast-global-color-5)","background-image":"","background-repeat":"repeat","background-position":"center center","background-size":"auto","background-attachment":"scroll","background-type":"","background-media":"","overlay-type":"","overlay-color":"","overlay-opacity":"","overlay-gradient":""},"mobile":{"background-color":"var(--ast-global-color-5)","background-image":"","background-repeat":"repeat","background-position":"center center","background-size":"auto","background-attachment":"scroll","background-type":"","background-media":"","overlay-type":"","overlay-color":"","overlay-opacity":"","overlay-gradient":""}}},"product_brand":[],"product_cat":[27,61],"product_tag":[],"class_list":{"0":"post-59506","1":"product","2":"type-product","3":"status-publish","4":"has-post-thumbnail","6":"product_cat-dekoracyjne","7":"product_cat-szklo-krysztaly","8":"product_shipping_class-wysylka-19zl","9":"desktop-align-left","10":"tablet-align-left","11":"mobile-align-left","12":"ast-product-gallery-layout-vertical-slider","13":"ast-product-tabs-layout-horizontal","14":"ast-qv-on-image","16":"first","17":"instock","18":"sold-individually","19":"shipping-taxable","20":"purchasable","21":"product-type-simple"},"_links":{"self":[{"href":"https:\/\/antart.com.pl\/en\/wp-json\/wp\/v2\/product\/59506","targetHints":{"allow":["GET"]}}],"collection":[{"href":"https:\/\/antart.com.pl\/en\/wp-json\/wp\/v2\/product"}],"about":[{"href":"https:\/\/antart.com.pl\/en\/wp-json\/wp\/v2\/types\/product"}],"wp:featuredmedia":[{"embeddable":true,"href":"https:\/\/antart.com.pl\/en\/wp-json\/wp\/v2\/media\/59394"}],"wp:attachment":[{"href":"https:\/\/antart.com.pl\/en\/wp-json\/wp\/v2\/media?parent=59506"}],"wp:term":[{"taxonomy":"product_brand","embeddable":true,"href":"https:\/\/antart.com.pl\/en\/wp-json\/wp\/v2\/product_brand?post=59506"},{"taxonomy":"product_cat","embeddable":true,"href":"https:\/\/antart.com.pl\/en\/wp-json\/wp\/v2\/product_cat?post=59506"},{"taxonomy":"product_tag","embeddable":true,"href":"https:\/\/antart.com.pl\/en\/wp-json\/wp\/v2\/product_tag?post=59506"}],"curies":[{"name":"wp","href":"https:\/\/api.w.org\/{rel}","templated":true}]}}