{"id":59508,"date":"2026-01-18T10:43:19","date_gmt":"2026-01-18T09:43:19","guid":{"rendered":"https:\/\/antart.com.pl\/?post_type=product&#038;p=59508"},"modified":"2026-01-11T10:46:51","modified_gmt":"2026-01-11T09:46:51","slug":"mid-century-style-chest-of-drawers-in-teak","status":"publish","type":"product","link":"https:\/\/antart.com.pl\/en\/produkt\/szafka-komoda-w-stylu-mid-century-w-teku\/","title":{"rendered":"Cabinet, Mid-century style chest of drawers in teak"},"content":{"rendered":"<h4 style=\"text-align: center;\"><em><strong>Cabinet, Mid-century style chest of drawers in teak<\/strong><\/em><\/h4>\n<h4 style=\"text-align: center;\"><em><strong>A stylish, Danish-style teak veneer covered chest of drawers. A piece of furniture in good condition, it can be an interesting piece of furniture. Ideal for storing clothes, linen or other items. The solid construction ensures long-lasting use.<\/strong><\/em><\/h4>\n<h4><em><strong>Dimensions:<\/strong><\/em><\/h4>\n<ul>\n<li>\n<h4><em><strong>length: 75cm<\/strong><\/em><\/h4>\n<\/li>\n<li>\n<h4><em><strong>depth: 38cm<\/strong><\/em><\/h4>\n<\/li>\n<li>\n<h4><em><strong>height: 69.5cm<\/strong><\/em><\/h4>\n<\/li>\n<\/ul>\n<h4 style=\"text-align: center;\"><em><strong>The photos show the actual state of the object<\/strong><\/em><\/h4>\n<h4><em><strong>NO. ART 10490<\/strong><\/em><\/h4>","protected":false},"excerpt":{"rendered":"<p>Szafka, komoda w stylu Mid-century w teku Stylowy, komoda pokryta fornirem tekowym w du\u0144skim stylu. Mebel w dobrym stanie, mo\u017ce stanowi\u0107 ciekawy element wyposa\u017cenia wn\u0119trza. Idealna do przechowywania ubra\u0144, bielizny lub innych przedmiot\u00f3w. Solidna konstrukcja zapewnia d\u0142ugotrwa\u0142e u\u017cytkowanie. Wymiary: d\u0142ugo\u015b\u0107: 75cm g\u0142\u0119boko\u015b\u0107: 38cm wysoko\u015b\u0107: 69,5cm Zdj\u0119cia przedstawiaj\u0105 stan faktyczny przedmiotu NR. ART 10490<\/p>","protected":false},"featured_media":59430,"template":"","meta":{"_seopress_robots_primary_cat":"","_seopress_titles_title":"","_seopress_titles_desc":"","_seopress_robots_index":"","site-sidebar-layout":"default","site-content-layout":"","ast-site-content-layout":"default","site-content-style":"default","site-sidebar-style":"default","ast-global-header-display":"","ast-banner-title-visibility":"","ast-main-header-display":"","ast-hfb-above-header-display":"","ast-hfb-below-header-display":"","ast-hfb-mobile-header-display":"","site-post-title":"","ast-breadcrumbs-content":"","ast-featured-img":"","footer-sml-layout":"","ast-disable-related-posts":"","theme-transparent-header-meta":"default","adv-header-id-meta":"","stick-header-meta":"default","header-above-stick-meta":"","header-main-stick-meta":"","header-below-stick-meta":"","astra-migrate-meta-layouts":"set","ast-page-background-enabled":"default","ast-page-background-meta":{"desktop":{"background-color":"var(--ast-global-color-4)","background-image":"","background-repeat":"repeat","background-position":"center center","background-size":"auto","background-attachment":"scroll","background-type":"","background-media":"","overlay-type":"","overlay-color":"","overlay-opacity":"","overlay-gradient":""},"tablet":{"background-color":"","background-image":"","background-repeat":"repeat","background-position":"center center","background-size":"auto","background-attachment":"scroll","background-type":"","background-media":"","overlay-type":"","overlay-color":"","overlay-opacity":"","overlay-gradient":""},"mobile":{"background-color":"","background-image":"","background-repeat":"repeat","background-position":"center center","background-size":"auto","background-attachment":"scroll","background-type":"","background-media":"","overlay-type":"","overlay-color":"","overlay-opacity":"","overlay-gradient":""}},"ast-content-background-meta":{"desktop":{"background-color":"var(--ast-global-color-5)","background-image":"","background-repeat":"repeat","background-position":"center center","background-size":"auto","background-attachment":"scroll","background-type":"","background-media":"","overlay-type":"","overlay-color":"","overlay-opacity":"","overlay-gradient":""},"tablet":{"background-color":"var(--ast-global-color-5)","background-image":"","background-repeat":"repeat","background-position":"center center","background-size":"auto","background-attachment":"scroll","background-type":"","background-media":"","overlay-type":"","overlay-color":"","overlay-opacity":"","overlay-gradient":""},"mobile":{"background-color":"var(--ast-global-color-5)","background-image":"","background-repeat":"repeat","background-position":"center center","background-size":"auto","background-attachment":"scroll","background-type":"","background-media":"","overlay-type":"","overlay-color":"","overlay-opacity":"","overlay-gradient":""}}},"product_brand":[],"product_cat":[37,32],"product_tag":[],"class_list":{"0":"post-59508","1":"product","2":"type-product","3":"status-publish","4":"has-post-thumbnail","6":"product_cat-komody","7":"product_cat-meble","8":"product_shipping_class-wysylka-100zl","9":"desktop-align-left","10":"tablet-align-left","11":"mobile-align-left","12":"ast-product-gallery-layout-vertical-slider","13":"ast-product-tabs-layout-horizontal","14":"ast-qv-on-image","16":"first","17":"instock","18":"sold-individually","19":"shipping-taxable","20":"purchasable","21":"product-type-simple"},"_links":{"self":[{"href":"https:\/\/antart.com.pl\/en\/wp-json\/wp\/v2\/product\/59508","targetHints":{"allow":["GET"]}}],"collection":[{"href":"https:\/\/antart.com.pl\/en\/wp-json\/wp\/v2\/product"}],"about":[{"href":"https:\/\/antart.com.pl\/en\/wp-json\/wp\/v2\/types\/product"}],"wp:featuredmedia":[{"embeddable":true,"href":"https:\/\/antart.com.pl\/en\/wp-json\/wp\/v2\/media\/59430"}],"wp:attachment":[{"href":"https:\/\/antart.com.pl\/en\/wp-json\/wp\/v2\/media?parent=59508"}],"wp:term":[{"taxonomy":"product_brand","embeddable":true,"href":"https:\/\/antart.com.pl\/en\/wp-json\/wp\/v2\/product_brand?post=59508"},{"taxonomy":"product_cat","embeddable":true,"href":"https:\/\/antart.com.pl\/en\/wp-json\/wp\/v2\/product_cat?post=59508"},{"taxonomy":"product_tag","embeddable":true,"href":"https:\/\/antart.com.pl\/en\/wp-json\/wp\/v2\/product_tag?post=59508"}],"curies":[{"name":"wp","href":"https:\/\/api.w.org\/{rel}","templated":true}]}}