{"id":59512,"date":"2026-01-18T11:10:18","date_gmt":"2026-01-18T10:10:18","guid":{"rendered":"https:\/\/antart.com.pl\/?post_type=product&#038;p=59512"},"modified":"2026-01-11T11:15:57","modified_gmt":"2026-01-11T10:15:57","slug":"baroque-style-floor-lamp-with-a-brass-base","status":"publish","type":"product","link":"https:\/\/antart.com.pl\/en\/produkt\/lampa-podlogowa-w-stylu-barokowym-z-mosiezna-podstawa\/","title":{"rendered":"Baroque-style floor lamp with brass base"},"content":{"rendered":"<h4 style=\"text-align: center;\"><em><strong>Baroque-style floor lamp with brass base<\/strong><\/em><\/h4>\n<h4 style=\"text-align: center;\"><em><strong>\u00a0Stylish baroque style floor lamp with brass base. Made of high quality materials, it features carved decoration on the stem. It will perfectly complement a classic interior design.<\/strong><\/em><\/h4>\n<h4><em><strong>Dimensions:<\/strong><\/em><\/h4>\n<ul>\n<li>\n<h4><em><strong>total height: 168cm<\/strong><\/em><\/h4>\n<\/li>\n<li>\n<h4><em><strong>height of lampshade: 42cm<\/strong><\/em><\/h4>\n<\/li>\n<li>\n<h4><em><strong>top diameter of lampshade: 36cm<\/strong><\/em><\/h4>\n<\/li>\n<li>\n<h4><em><strong>bottom diameter of lampshade: 54cm<\/strong><\/em><\/h4>\n<\/li>\n<\/ul>\n<h4 style=\"text-align: center;\"><em><strong>The photos show the actual state of the object<\/strong><\/em><\/h4>\n<h4><\/h4>\n<h4><em><strong>NO. ART 10493<\/strong><\/em><\/h4>","protected":false},"excerpt":{"rendered":"<p>Lampa pod\u0142ogowa w stylu barokowym z mosi\u0119\u017cna podstaw\u0105 \u00a0Stylowa lampa pod\u0142ogowa w stylu barokowym z mosi\u0119\u017cn\u0105 podstaw\u0105. Wykonana z wysokiej jako\u015bci materia\u0142\u00f3w, posiada rze\u017abione zdobienia na trzonku. Doskonale dope\u0142ni klasyczny wystr\u00f3j wn\u0119trza. Wymiary: wysoko\u015b\u0107 ca\u0142kowita: 168cm wysoko\u015b\u0107 aba\u017curu: 42cm \u015brednica g\u00f3rna aba\u017curu: 36cm \u015brednica dolna aba\u017curu: 54cm Zdj\u0119cia przedstawiaj\u0105 stan faktyczny przedmiotu NR. ART 10493<\/p>","protected":false},"featured_media":59471,"template":"","meta":{"_seopress_robots_primary_cat":"","_seopress_titles_title":"","_seopress_titles_desc":"","_seopress_robots_index":"","site-sidebar-layout":"default","site-content-layout":"","ast-site-content-layout":"default","site-content-style":"default","site-sidebar-style":"default","ast-global-header-display":"","ast-banner-title-visibility":"","ast-main-header-display":"","ast-hfb-above-header-display":"","ast-hfb-below-header-display":"","ast-hfb-mobile-header-display":"","site-post-title":"","ast-breadcrumbs-content":"","ast-featured-img":"","footer-sml-layout":"","ast-disable-related-posts":"","theme-transparent-header-meta":"default","adv-header-id-meta":"","stick-header-meta":"default","header-above-stick-meta":"","header-main-stick-meta":"","header-below-stick-meta":"","astra-migrate-meta-layouts":"set","ast-page-background-enabled":"default","ast-page-background-meta":{"desktop":{"background-color":"var(--ast-global-color-4)","background-image":"","background-repeat":"repeat","background-position":"center center","background-size":"auto","background-attachment":"scroll","background-type":"","background-media":"","overlay-type":"","overlay-color":"","overlay-opacity":"","overlay-gradient":""},"tablet":{"background-color":"","background-image":"","background-repeat":"repeat","background-position":"center center","background-size":"auto","background-attachment":"scroll","background-type":"","background-media":"","overlay-type":"","overlay-color":"","overlay-opacity":"","overlay-gradient":""},"mobile":{"background-color":"","background-image":"","background-repeat":"repeat","background-position":"center center","background-size":"auto","background-attachment":"scroll","background-type":"","background-media":"","overlay-type":"","overlay-color":"","overlay-opacity":"","overlay-gradient":""}},"ast-content-background-meta":{"desktop":{"background-color":"var(--ast-global-color-5)","background-image":"","background-repeat":"repeat","background-position":"center center","background-size":"auto","background-attachment":"scroll","background-type":"","background-media":"","overlay-type":"","overlay-color":"","overlay-opacity":"","overlay-gradient":""},"tablet":{"background-color":"var(--ast-global-color-5)","background-image":"","background-repeat":"repeat","background-position":"center center","background-size":"auto","background-attachment":"scroll","background-type":"","background-media":"","overlay-type":"","overlay-color":"","overlay-opacity":"","overlay-gradient":""},"mobile":{"background-color":"var(--ast-global-color-5)","background-image":"","background-repeat":"repeat","background-position":"center center","background-size":"auto","background-attachment":"scroll","background-type":"","background-media":"","overlay-type":"","overlay-color":"","overlay-opacity":"","overlay-gradient":""}}},"product_brand":[],"product_cat":[52,30],"product_tag":[],"class_list":{"0":"post-59512","1":"product","2":"type-product","3":"status-publish","4":"has-post-thumbnail","6":"product_cat-lampy-stojace","7":"product_cat-oswietlenie","8":"product_shipping_class-wysylka-100zl","9":"desktop-align-left","10":"tablet-align-left","11":"mobile-align-left","12":"ast-product-gallery-layout-vertical-slider","13":"ast-product-tabs-layout-horizontal","14":"ast-qv-on-image","16":"first","17":"instock","18":"sold-individually","19":"shipping-taxable","20":"purchasable","21":"product-type-simple"},"_links":{"self":[{"href":"https:\/\/antart.com.pl\/en\/wp-json\/wp\/v2\/product\/59512","targetHints":{"allow":["GET"]}}],"collection":[{"href":"https:\/\/antart.com.pl\/en\/wp-json\/wp\/v2\/product"}],"about":[{"href":"https:\/\/antart.com.pl\/en\/wp-json\/wp\/v2\/types\/product"}],"wp:featuredmedia":[{"embeddable":true,"href":"https:\/\/antart.com.pl\/en\/wp-json\/wp\/v2\/media\/59471"}],"wp:attachment":[{"href":"https:\/\/antart.com.pl\/en\/wp-json\/wp\/v2\/media?parent=59512"}],"wp:term":[{"taxonomy":"product_brand","embeddable":true,"href":"https:\/\/antart.com.pl\/en\/wp-json\/wp\/v2\/product_brand?post=59512"},{"taxonomy":"product_cat","embeddable":true,"href":"https:\/\/antart.com.pl\/en\/wp-json\/wp\/v2\/product_cat?post=59512"},{"taxonomy":"product_tag","embeddable":true,"href":"https:\/\/antart.com.pl\/en\/wp-json\/wp\/v2\/product_tag?post=59512"}],"curies":[{"name":"wp","href":"https:\/\/api.w.org\/{rel}","templated":true}]}}