{"id":59513,"date":"2026-01-18T11:19:30","date_gmt":"2026-01-18T10:19:30","guid":{"rendered":"https:\/\/antart.com.pl\/?post_type=product&#038;p=59513"},"modified":"2026-01-11T11:27:44","modified_gmt":"2026-01-11T10:27:44","slug":"stolik-boczny-pomocnik-lite-drewno-debowe","status":"publish","type":"product","link":"https:\/\/antart.com.pl\/en\/produkt\/stolik-boczny-pomocnik-lite-drewno-debowe\/","title":{"rendered":"Side table, solid oak wood helper"},"content":{"rendered":"<h4 style=\"text-align: center;\"><strong><em>Side table, solid oak wood helper<\/em><\/strong><\/h4>\n<h4 style=\"text-align: center;\"><strong><em>Solidny stolik pomocniczy z drewna d\u0119bowego. Owalny blat w ciemnym odcieniu drewna, na eleganckich nogach. Praktyczny mebel, kt\u00f3ry mo\u017ce s\u0142u\u017cy\u0107 jako stolik kawowy lub dodatkowa powierzchnia do przechowywania. Idealny do salonu lub sypialni.<\/em><\/strong><\/h4>\n<h4><strong><em>Dimensions<\/em><\/strong><\/h4>\n<ul>\n<li>\n<h4><strong><em>length: 73.5cm<\/em><\/strong><\/h4>\n<\/li>\n<li>\n<h4><strong><em>width: 40cm<\/em><\/strong><\/h4>\n<\/li>\n<li>\n<h4><strong><em>wysoko\u015b\u0107: 63,5cm<\/em><\/strong><\/h4>\n<\/li>\n<\/ul>\n<h4 style=\"text-align: center;\"><\/h4>\n<h4 style=\"text-align: center;\"><strong><em>The photos show the actual state of the object<\/em><\/strong><\/h4>\n<h4><strong><em>NR. 10494<\/em><\/strong><\/h4>","protected":false},"excerpt":{"rendered":"<p>Stolik boczny, pomocnik lite drewno d\u0119bowe Solidny stolik pomocniczy z drewna d\u0119bowego. Owalny blat w ciemnym odcieniu drewna, na eleganckich nogach. Praktyczny mebel, kt\u00f3ry mo\u017ce s\u0142u\u017cy\u0107 jako stolik kawowy lub dodatkowa powierzchnia do przechowywania. Idealny do salonu lub sypialni. Wymiary d\u0142ugo\u015b\u0107: 73,5cm szeroko\u015b\u0107: 40cm wysoko\u015b\u0107: 63,5cm Zdj\u0119cia przedstawiaj\u0105 stan faktyczny przedmiotu NR. 10494<\/p>","protected":false},"featured_media":59491,"template":"","meta":{"_seopress_robots_primary_cat":"","_seopress_titles_title":"","_seopress_titles_desc":"","_seopress_robots_index":"","site-sidebar-layout":"default","site-content-layout":"","ast-site-content-layout":"default","site-content-style":"default","site-sidebar-style":"default","ast-global-header-display":"","ast-banner-title-visibility":"","ast-main-header-display":"","ast-hfb-above-header-display":"","ast-hfb-below-header-display":"","ast-hfb-mobile-header-display":"","site-post-title":"","ast-breadcrumbs-content":"","ast-featured-img":"","footer-sml-layout":"","ast-disable-related-posts":"","theme-transparent-header-meta":"default","adv-header-id-meta":"","stick-header-meta":"default","header-above-stick-meta":"","header-main-stick-meta":"","header-below-stick-meta":"","astra-migrate-meta-layouts":"set","ast-page-background-enabled":"default","ast-page-background-meta":{"desktop":{"background-color":"var(--ast-global-color-4)","background-image":"","background-repeat":"repeat","background-position":"center center","background-size":"auto","background-attachment":"scroll","background-type":"","background-media":"","overlay-type":"","overlay-color":"","overlay-opacity":"","overlay-gradient":""},"tablet":{"background-color":"","background-image":"","background-repeat":"repeat","background-position":"center center","background-size":"auto","background-attachment":"scroll","background-type":"","background-media":"","overlay-type":"","overlay-color":"","overlay-opacity":"","overlay-gradient":""},"mobile":{"background-color":"","background-image":"","background-repeat":"repeat","background-position":"center center","background-size":"auto","background-attachment":"scroll","background-type":"","background-media":"","overlay-type":"","overlay-color":"","overlay-opacity":"","overlay-gradient":""}},"ast-content-background-meta":{"desktop":{"background-color":"var(--ast-global-color-5)","background-image":"","background-repeat":"repeat","background-position":"center center","background-size":"auto","background-attachment":"scroll","background-type":"","background-media":"","overlay-type":"","overlay-color":"","overlay-opacity":"","overlay-gradient":""},"tablet":{"background-color":"var(--ast-global-color-5)","background-image":"","background-repeat":"repeat","background-position":"center center","background-size":"auto","background-attachment":"scroll","background-type":"","background-media":"","overlay-type":"","overlay-color":"","overlay-opacity":"","overlay-gradient":""},"mobile":{"background-color":"var(--ast-global-color-5)","background-image":"","background-repeat":"repeat","background-position":"center center","background-size":"auto","background-attachment":"scroll","background-type":"","background-media":"","overlay-type":"","overlay-color":"","overlay-opacity":"","overlay-gradient":""}}},"product_brand":[],"product_cat":[32,33],"product_tag":[],"class_list":{"0":"post-59513","1":"product","2":"type-product","3":"status-publish","4":"has-post-thumbnail","6":"product_cat-meble","7":"product_cat-stoly-stoliki","8":"product_shipping_class-wysylka-60zl","9":"desktop-align-left","10":"tablet-align-left","11":"mobile-align-left","12":"ast-product-gallery-layout-vertical-slider","13":"ast-product-tabs-layout-horizontal","14":"ast-qv-on-image","16":"first","17":"instock","18":"shipping-taxable","19":"purchasable","20":"product-type-simple"},"_links":{"self":[{"href":"https:\/\/antart.com.pl\/en\/wp-json\/wp\/v2\/product\/59513","targetHints":{"allow":["GET"]}}],"collection":[{"href":"https:\/\/antart.com.pl\/en\/wp-json\/wp\/v2\/product"}],"about":[{"href":"https:\/\/antart.com.pl\/en\/wp-json\/wp\/v2\/types\/product"}],"wp:featuredmedia":[{"embeddable":true,"href":"https:\/\/antart.com.pl\/en\/wp-json\/wp\/v2\/media\/59491"}],"wp:attachment":[{"href":"https:\/\/antart.com.pl\/en\/wp-json\/wp\/v2\/media?parent=59513"}],"wp:term":[{"taxonomy":"product_brand","embeddable":true,"href":"https:\/\/antart.com.pl\/en\/wp-json\/wp\/v2\/product_brand?post=59513"},{"taxonomy":"product_cat","embeddable":true,"href":"https:\/\/antart.com.pl\/en\/wp-json\/wp\/v2\/product_cat?post=59513"},{"taxonomy":"product_tag","embeddable":true,"href":"https:\/\/antart.com.pl\/en\/wp-json\/wp\/v2\/product_tag?post=59513"}],"curies":[{"name":"wp","href":"https:\/\/api.w.org\/{rel}","templated":true}]}}