{"id":59606,"date":"2026-01-11T12:34:32","date_gmt":"2026-01-11T11:34:32","guid":{"rendered":"https:\/\/antart.com.pl\/?post_type=product&#038;p=59606"},"modified":"2026-04-01T20:17:15","modified_gmt":"2026-04-01T18:17:15","slug":"krzeslo-dunskich-fresco-g-plan-r-b46-1-z-teku-z-lat-60-70-tych","status":"publish","type":"product","link":"https:\/\/antart.com.pl\/en\/produkt\/krzeslo-dunskich-fresco-g-plan-r-b46-1-z-teku-z-lat-60-70-tych\/","title":{"rendered":"Danish \u201eFresco \u201d G-plan chair r. B46-1 in teak from the 1960s\/70s"},"content":{"rendered":"<h4 style=\"text-align: center;\"><em><strong>Krzes\u0142o du\u0144skich &#8222;Fresco &#8221; G-plan nr. B46-1 z teku z lat 60\/70-tych<\/strong><\/em><\/h4>\n<h4 style=\"text-align: center;\"><em><strong>Stylowy fotel w stylu retro z lat 60.\/70. Wykonany z drewna tekowego, tapicerka w kolorze oliwkowym.<\/strong><\/em><\/h4>\n<h4 style=\"text-align: center;\"><em><strong>Du\u0144skie krzes\u0142o Fresco wysokiej klasy firmy G-plam nr.\u00a0B46-1.<\/strong><\/em><\/h4>\n<h4 style=\"text-align: center;\"><em><strong>Mebel w dobrym stanie, nadaje si\u0119 do u\u017cytku w salonie lub jadalni.<\/strong><\/em><\/h4>\n<h4><em><strong>Dimensions:<\/strong><\/em><\/h4>\n<ul>\n<li>\n<h4><em><strong>height: 77 cm<\/strong><\/em><\/h4>\n<\/li>\n<li>\n<h4><em><strong>width: 46 cm<\/strong><\/em><\/h4>\n<\/li>\n<li>\n<h4><em><strong>height to seat: 45 cm<\/strong><\/em><\/h4>\n<\/li>\n<\/ul>\n<h4><em><strong>I own six pieces.\u00a0<\/strong><\/em><\/h4>\n<h4><em><strong>Price is for 1 piece<\/strong><\/em><\/h4>\n<h4 style=\"text-align: center;\"><em><strong>The photos show the actual state of the object<\/strong><\/em><\/h4>\n<h4><em><strong>Art. nr. 10499<\/strong><\/em><\/h4>","protected":false},"excerpt":{"rendered":"<p>Krzes\u0142o du\u0144skich &#8222;Fresco &#8221; G-plan nr. B46-1 z teku z lat 60\/70-tych Stylowy fotel w stylu retro z lat 60.\/70. Wykonany z drewna tekowego, tapicerka w kolorze oliwkowym. Du\u0144skie krzes\u0142o Fresco wysokiej klasy firmy G-plam nr.\u00a0B46-1. Mebel w dobrym stanie, nadaje si\u0119 do u\u017cytku w salonie lub jadalni. Wymiary: wysoko\u015b\u0107: 77 cm szeroko\u015b\u0107: 46 cm [&hellip;]<\/p>\n","protected":false},"featured_media":59561,"template":"","meta":{"_seopress_robots_primary_cat":"","_seopress_titles_title":"","_seopress_titles_desc":"","_seopress_robots_index":"","site-sidebar-layout":"default","site-content-layout":"","ast-site-content-layout":"default","site-content-style":"default","site-sidebar-style":"default","ast-global-header-display":"","ast-banner-title-visibility":"","ast-main-header-display":"","ast-hfb-above-header-display":"","ast-hfb-below-header-display":"","ast-hfb-mobile-header-display":"","site-post-title":"","ast-breadcrumbs-content":"","ast-featured-img":"","footer-sml-layout":"","ast-disable-related-posts":"","theme-transparent-header-meta":"default","adv-header-id-meta":"","stick-header-meta":"default","header-above-stick-meta":"","header-main-stick-meta":"","header-below-stick-meta":"","astra-migrate-meta-layouts":"set","ast-page-background-enabled":"default","ast-page-background-meta":{"desktop":{"background-color":"var(--ast-global-color-4)","background-image":"","background-repeat":"repeat","background-position":"center center","background-size":"auto","background-attachment":"scroll","background-type":"","background-media":"","overlay-type":"","overlay-color":"","overlay-opacity":"","overlay-gradient":""},"tablet":{"background-color":"","background-image":"","background-repeat":"repeat","background-position":"center center","background-size":"auto","background-attachment":"scroll","background-type":"","background-media":"","overlay-type":"","overlay-color":"","overlay-opacity":"","overlay-gradient":""},"mobile":{"background-color":"","background-image":"","background-repeat":"repeat","background-position":"center center","background-size":"auto","background-attachment":"scroll","background-type":"","background-media":"","overlay-type":"","overlay-color":"","overlay-opacity":"","overlay-gradient":""}},"ast-content-background-meta":{"desktop":{"background-color":"var(--ast-global-color-5)","background-image":"","background-repeat":"repeat","background-position":"center center","background-size":"auto","background-attachment":"scroll","background-type":"","background-media":"","overlay-type":"","overlay-color":"","overlay-opacity":"","overlay-gradient":""},"tablet":{"background-color":"var(--ast-global-color-5)","background-image":"","background-repeat":"repeat","background-position":"center center","background-size":"auto","background-attachment":"scroll","background-type":"","background-media":"","overlay-type":"","overlay-color":"","overlay-opacity":"","overlay-gradient":""},"mobile":{"background-color":"var(--ast-global-color-5)","background-image":"","background-repeat":"repeat","background-position":"center center","background-size":"auto","background-attachment":"scroll","background-type":"","background-media":"","overlay-type":"","overlay-color":"","overlay-opacity":"","overlay-gradient":""}}},"product_brand":[],"product_cat":[36,32],"product_tag":[],"class_list":{"0":"post-59606","1":"product","2":"type-product","3":"status-publish","4":"has-post-thumbnail","6":"product_cat-krzesla-taborety","7":"product_cat-meble","8":"product_shipping_class-wysylka-80zl","9":"desktop-align-left","10":"tablet-align-left","11":"mobile-align-left","12":"ast-product-gallery-layout-vertical-slider","13":"ast-product-tabs-layout-horizontal","14":"ast-qv-on-image","16":"first","17":"instock","18":"sale","19":"shipping-taxable","20":"purchasable","21":"product-type-simple"},"_links":{"self":[{"href":"https:\/\/antart.com.pl\/en\/wp-json\/wp\/v2\/product\/59606","targetHints":{"allow":["GET"]}}],"collection":[{"href":"https:\/\/antart.com.pl\/en\/wp-json\/wp\/v2\/product"}],"about":[{"href":"https:\/\/antart.com.pl\/en\/wp-json\/wp\/v2\/types\/product"}],"wp:featuredmedia":[{"embeddable":true,"href":"https:\/\/antart.com.pl\/en\/wp-json\/wp\/v2\/media\/59561"}],"wp:attachment":[{"href":"https:\/\/antart.com.pl\/en\/wp-json\/wp\/v2\/media?parent=59606"}],"wp:term":[{"taxonomy":"product_brand","embeddable":true,"href":"https:\/\/antart.com.pl\/en\/wp-json\/wp\/v2\/product_brand?post=59606"},{"taxonomy":"product_cat","embeddable":true,"href":"https:\/\/antart.com.pl\/en\/wp-json\/wp\/v2\/product_cat?post=59606"},{"taxonomy":"product_tag","embeddable":true,"href":"https:\/\/antart.com.pl\/en\/wp-json\/wp\/v2\/product_tag?post=59606"}],"curies":[{"name":"wp","href":"https:\/\/api.w.org\/{rel}","templated":true}]}}