{"id":59608,"date":"2026-01-11T15:47:30","date_gmt":"2026-01-11T14:47:30","guid":{"rendered":"https:\/\/antart.com.pl\/?post_type=product&#038;p=59608"},"modified":"2026-01-11T15:47:32","modified_gmt":"2026-01-11T14:47:32","slug":"spodek-bialy-epoque-rosenthal","status":"publish","type":"product","link":"https:\/\/antart.com.pl\/en\/produkt\/spodek-bialy-epoque-rosenthal\/","title":{"rendered":"Rosenthal Epoque white saucer"},"content":{"rendered":"<h4 style=\"text-align: center;\"><strong><em>Rosenthal Epoque white saucer<\/em><\/strong><\/h4>\n<h4 style=\"text-align: center;\"><strong><em>Bia\u0142y talerzyk, spodek marki Rosenthal z kolekcji Epoque. Przedmiot jest u\u017cywany, ale w dobrym stanie. Mo\u017ce by\u0107 przydatny jako dodatek do zastawy sto\u0142owej lub jako dekoracja.<\/em><\/strong><\/h4>\n<h4 style=\"text-align: center;\"><strong><em>Made from high quality white porcelain.<\/em><\/strong><\/h4>\n<h4 style=\"text-align: center;\"><strong><em>The elegant and minimalist form is ideal for modern interiors.<\/em><\/strong><\/h4>\n<h4><strong><em>Dimensions<\/em><\/strong><\/h4>\n<ul>\n<li>\n<h4><strong><em>Diameter: 10.5cm.<\/em><\/strong><\/h4>\n<\/li>\n<\/ul>\n<h4 style=\"text-align: center;\"><strong><em>I own four pieces.<\/em><\/strong><\/h4>\n<h4 style=\"text-align: center;\"><strong><em>The price is for 1 piece.<\/em><\/strong><\/h4>\n<h4><strong><em>Nr.10501<\/em><\/strong><\/h4>","protected":false},"excerpt":{"rendered":"<p>Spodek bia\u0142y Epoque Rosenthal Bia\u0142y talerzyk, spodek marki Rosenthal z kolekcji Epoque. Przedmiot jest u\u017cywany, ale w dobrym stanie. Mo\u017ce by\u0107 przydatny jako dodatek do zastawy sto\u0142owej lub jako dekoracja. Wykonana z wysokiej jako\u015bci bia\u0142ej porcelany. Elegancka i minimalistyczna forma idealnie pasuje do nowoczesnych wn\u0119trz. Wymiary \u015arednica: 10,5cm. Posiadam 4 sztuki. Cena dotyczy 1 sztuki. [&hellip;]<\/p>\n","protected":false},"featured_media":59592,"template":"","meta":{"_seopress_robots_primary_cat":"","_seopress_titles_title":"","_seopress_titles_desc":"","_seopress_robots_index":"","site-sidebar-layout":"default","site-content-layout":"","ast-site-content-layout":"default","site-content-style":"default","site-sidebar-style":"default","ast-global-header-display":"","ast-banner-title-visibility":"","ast-main-header-display":"","ast-hfb-above-header-display":"","ast-hfb-below-header-display":"","ast-hfb-mobile-header-display":"","site-post-title":"","ast-breadcrumbs-content":"","ast-featured-img":"","footer-sml-layout":"","ast-disable-related-posts":"","theme-transparent-header-meta":"default","adv-header-id-meta":"","stick-header-meta":"default","header-above-stick-meta":"","header-main-stick-meta":"","header-below-stick-meta":"","astra-migrate-meta-layouts":"set","ast-page-background-enabled":"default","ast-page-background-meta":{"desktop":{"background-color":"var(--ast-global-color-4)","background-image":"","background-repeat":"repeat","background-position":"center center","background-size":"auto","background-attachment":"scroll","background-type":"","background-media":"","overlay-type":"","overlay-color":"","overlay-opacity":"","overlay-gradient":""},"tablet":{"background-color":"","background-image":"","background-repeat":"repeat","background-position":"center center","background-size":"auto","background-attachment":"scroll","background-type":"","background-media":"","overlay-type":"","overlay-color":"","overlay-opacity":"","overlay-gradient":""},"mobile":{"background-color":"","background-image":"","background-repeat":"repeat","background-position":"center center","background-size":"auto","background-attachment":"scroll","background-type":"","background-media":"","overlay-type":"","overlay-color":"","overlay-opacity":"","overlay-gradient":""}},"ast-content-background-meta":{"desktop":{"background-color":"var(--ast-global-color-5)","background-image":"","background-repeat":"repeat","background-position":"center center","background-size":"auto","background-attachment":"scroll","background-type":"","background-media":"","overlay-type":"","overlay-color":"","overlay-opacity":"","overlay-gradient":""},"tablet":{"background-color":"var(--ast-global-color-5)","background-image":"","background-repeat":"repeat","background-position":"center center","background-size":"auto","background-attachment":"scroll","background-type":"","background-media":"","overlay-type":"","overlay-color":"","overlay-opacity":"","overlay-gradient":""},"mobile":{"background-color":"var(--ast-global-color-5)","background-image":"","background-repeat":"repeat","background-position":"center center","background-size":"auto","background-attachment":"scroll","background-type":"","background-media":"","overlay-type":"","overlay-color":"","overlay-opacity":"","overlay-gradient":""}}},"product_brand":[],"product_cat":[25,24,60],"product_tag":[],"class_list":{"0":"post-59608","1":"product","2":"type-product","3":"status-publish","4":"has-post-thumbnail","6":"product_cat-czesci-serwisow","7":"product_cat-kuchnia","8":"product_cat-talerzyki","9":"product_shipping_class-wysylka-19zl","10":"desktop-align-left","11":"tablet-align-left","12":"mobile-align-left","13":"ast-product-gallery-layout-vertical-slider","14":"ast-product-tabs-layout-horizontal","15":"ast-qv-on-image","17":"first","18":"instock","19":"shipping-taxable","20":"purchasable","21":"product-type-simple"},"_links":{"self":[{"href":"https:\/\/antart.com.pl\/en\/wp-json\/wp\/v2\/product\/59608","targetHints":{"allow":["GET"]}}],"collection":[{"href":"https:\/\/antart.com.pl\/en\/wp-json\/wp\/v2\/product"}],"about":[{"href":"https:\/\/antart.com.pl\/en\/wp-json\/wp\/v2\/types\/product"}],"wp:featuredmedia":[{"embeddable":true,"href":"https:\/\/antart.com.pl\/en\/wp-json\/wp\/v2\/media\/59592"}],"wp:attachment":[{"href":"https:\/\/antart.com.pl\/en\/wp-json\/wp\/v2\/media?parent=59608"}],"wp:term":[{"taxonomy":"product_brand","embeddable":true,"href":"https:\/\/antart.com.pl\/en\/wp-json\/wp\/v2\/product_brand?post=59608"},{"taxonomy":"product_cat","embeddable":true,"href":"https:\/\/antart.com.pl\/en\/wp-json\/wp\/v2\/product_cat?post=59608"},{"taxonomy":"product_tag","embeddable":true,"href":"https:\/\/antart.com.pl\/en\/wp-json\/wp\/v2\/product_tag?post=59608"}],"curies":[{"name":"wp","href":"https:\/\/api.w.org\/{rel}","templated":true}]}}