{"id":59651,"date":"2026-01-13T10:22:25","date_gmt":"2026-01-13T09:22:25","guid":{"rendered":"https:\/\/antart.com.pl\/?post_type=product&#038;p=59651"},"modified":"2026-01-13T10:29:15","modified_gmt":"2026-01-13T09:29:15","slug":"collectors-figurines-of-dogs-playing-billiards-england","status":"publish","type":"product","link":"https:\/\/antart.com.pl\/en\/produkt\/figurki-kolekcjonerskie-psow-grajacych-w-bilard-anglia\/","title":{"rendered":"Collector's figurines of dogs playing pool England"},"content":{"rendered":"<h4 style=\"text-align: center;\"><em><strong>Collector's figurines of dogs playing pool England.<\/strong><\/em><\/h4>\n<p>&nbsp;<\/p>\n<h4 style=\"text-align: center;\"><em><strong>The figurines depict three anthropomorphic dogs at a miniature pool table.<\/strong><\/em><\/h4>\n<h4 style=\"text-align: center;\"><em><strong>Two dogs are standing and one is bent over, aiming a pool cue at a white cue ball.<\/strong><\/em><\/h4>\n<h4 style=\"text-align: center;\"><em><strong>The pool table is green with small coloured balls.<\/strong><\/em><\/h4>\n<h4 style=\"text-align: center;\"><em><strong>The dogs are dressed in waistcoats and bow ties, giving them a humorous, gentlemanly appearance.<\/strong><\/em><\/h4>\n<h4 style=\"text-align: center;\"><em><strong>The figures were made of resin or similar cast material, hand-painted.<\/strong><\/em><\/h4>\n<h4 style=\"text-align: center;\"><em><strong>The figurines have a humorous, detailed design, similar to Cassius Marcellus Coolidge's famous paintings, \u201eDogs Playing Billiards\u201d, which inspired many similar items.<\/strong><\/em><\/h4>\n<h4><em><strong>Dimensions<\/strong><\/em><\/h4>\n<ul>\n<li>\n<h4><em><strong>Height: 15.5cm<\/strong><\/em><\/h4>\n<\/li>\n<\/ul>\n<h4><em><strong>No.10507<\/strong><\/em><\/h4>","protected":false},"excerpt":{"rendered":"<p>Figurki kolekcjonerskie ps\u00f3w graj\u0105cych w bilard Anglia. &nbsp; Figurki przedstawiaj\u0105 trzy antropomorficzne psy przy miniaturowym stole bilardowym. Dwa psy stoj\u0105, a jeden jest pochylony, celuj\u0105c kijem bilardowym do bia\u0142ej bili. St\u00f3\u0142 bilardowy jest zielony z ma\u0142ymi, kolorowymi bilami. Psy ubrane s\u0105 w kamizelki i muszki, co nadaje im humorystyczny, d\u017centelme\u0144ski wygl\u0105d. Figurki zosta\u0142y wykonane z [&hellip;]<\/p>\n","protected":false},"featured_media":59627,"template":"","meta":{"_seopress_robots_primary_cat":"","_seopress_titles_title":"","_seopress_titles_desc":"","_seopress_robots_index":"","site-sidebar-layout":"default","site-content-layout":"","ast-site-content-layout":"default","site-content-style":"default","site-sidebar-style":"default","ast-global-header-display":"","ast-banner-title-visibility":"","ast-main-header-display":"","ast-hfb-above-header-display":"","ast-hfb-below-header-display":"","ast-hfb-mobile-header-display":"","site-post-title":"","ast-breadcrumbs-content":"","ast-featured-img":"","footer-sml-layout":"","ast-disable-related-posts":"","theme-transparent-header-meta":"default","adv-header-id-meta":"","stick-header-meta":"default","header-above-stick-meta":"","header-main-stick-meta":"","header-below-stick-meta":"","astra-migrate-meta-layouts":"set","ast-page-background-enabled":"default","ast-page-background-meta":{"desktop":{"background-color":"var(--ast-global-color-4)","background-image":"","background-repeat":"repeat","background-position":"center center","background-size":"auto","background-attachment":"scroll","background-type":"","background-media":"","overlay-type":"","overlay-color":"","overlay-opacity":"","overlay-gradient":""},"tablet":{"background-color":"","background-image":"","background-repeat":"repeat","background-position":"center center","background-size":"auto","background-attachment":"scroll","background-type":"","background-media":"","overlay-type":"","overlay-color":"","overlay-opacity":"","overlay-gradient":""},"mobile":{"background-color":"","background-image":"","background-repeat":"repeat","background-position":"center center","background-size":"auto","background-attachment":"scroll","background-type":"","background-media":"","overlay-type":"","overlay-color":"","overlay-opacity":"","overlay-gradient":""}},"ast-content-background-meta":{"desktop":{"background-color":"var(--ast-global-color-5)","background-image":"","background-repeat":"repeat","background-position":"center center","background-size":"auto","background-attachment":"scroll","background-type":"","background-media":"","overlay-type":"","overlay-color":"","overlay-opacity":"","overlay-gradient":""},"tablet":{"background-color":"var(--ast-global-color-5)","background-image":"","background-repeat":"repeat","background-position":"center center","background-size":"auto","background-attachment":"scroll","background-type":"","background-media":"","overlay-type":"","overlay-color":"","overlay-opacity":"","overlay-gradient":""},"mobile":{"background-color":"var(--ast-global-color-5)","background-image":"","background-repeat":"repeat","background-position":"center center","background-size":"auto","background-attachment":"scroll","background-type":"","background-media":"","overlay-type":"","overlay-color":"","overlay-opacity":"","overlay-gradient":""}}},"product_brand":[],"product_cat":[27,29],"product_tag":[],"class_list":{"0":"post-59651","1":"product","2":"type-product","3":"status-publish","4":"has-post-thumbnail","6":"product_cat-dekoracyjne","7":"product_cat-figurki","8":"product_shipping_class-wysylka-19zl","9":"desktop-align-left","10":"tablet-align-left","11":"mobile-align-left","12":"ast-product-gallery-layout-vertical-slider","13":"ast-product-tabs-layout-horizontal","14":"ast-qv-on-image","16":"first","17":"instock","18":"sold-individually","19":"shipping-taxable","20":"purchasable","21":"product-type-simple"},"_links":{"self":[{"href":"https:\/\/antart.com.pl\/en\/wp-json\/wp\/v2\/product\/59651","targetHints":{"allow":["GET"]}}],"collection":[{"href":"https:\/\/antart.com.pl\/en\/wp-json\/wp\/v2\/product"}],"about":[{"href":"https:\/\/antart.com.pl\/en\/wp-json\/wp\/v2\/types\/product"}],"wp:featuredmedia":[{"embeddable":true,"href":"https:\/\/antart.com.pl\/en\/wp-json\/wp\/v2\/media\/59627"}],"wp:attachment":[{"href":"https:\/\/antart.com.pl\/en\/wp-json\/wp\/v2\/media?parent=59651"}],"wp:term":[{"taxonomy":"product_brand","embeddable":true,"href":"https:\/\/antart.com.pl\/en\/wp-json\/wp\/v2\/product_brand?post=59651"},{"taxonomy":"product_cat","embeddable":true,"href":"https:\/\/antart.com.pl\/en\/wp-json\/wp\/v2\/product_cat?post=59651"},{"taxonomy":"product_tag","embeddable":true,"href":"https:\/\/antart.com.pl\/en\/wp-json\/wp\/v2\/product_tag?post=59651"}],"curies":[{"name":"wp","href":"https:\/\/api.w.org\/{rel}","templated":true}]}}