{"id":59653,"date":"2026-01-13T10:48:50","date_gmt":"2026-01-13T09:48:50","guid":{"rendered":"https:\/\/antart.com.pl\/?post_type=product&#038;p=59653"},"modified":"2026-01-27T09:34:02","modified_gmt":"2026-01-27T08:34:02","slug":"zestaw-duo-filizanka-ze-spodkiem-bialej-porcelany-epoque-rosenthal","status":"publish","type":"product","link":"https:\/\/antart.com.pl\/en\/produkt\/zestaw-duo-filizanka-ze-spodkiem-bialej-porcelany-epoque-rosenthal\/","title":{"rendered":"Duo set, cup with saucer white porcelain Epoque Rosenthal"},"content":{"rendered":"<h4 style=\"text-align: center;\"><em><strong>Zestaw duo, fili\u017canka ze spodkiem \u00a0bia\u0142ej porcelany Epoque Rosenthal<\/strong><\/em><\/h4>\n<h4 style=\"text-align: center;\"><em><strong>Zestaw duo marki Rosenthal z kolekcji Epoque.<\/strong><\/em><\/h4>\n<h4 style=\"text-align: center;\"><em><strong>Made from high quality white porcelain.<\/strong><\/em><\/h4>\n<h4 style=\"text-align: center;\"><em><strong>The elegant and minimalist form is ideal for modern interiors.<\/strong><\/em><\/h4>\n<h4><em><strong>Dimensions<\/strong><\/em><\/h4>\n<h4><em><strong>Fili\u017canka:<\/strong><\/em><\/h4>\n<ul>\n<li>\n<h4><em><strong>\u015brednica: 9,5cm,<\/strong><\/em><\/h4>\n<\/li>\n<li>\n<h4><em><strong>height: 5.5cm<\/strong><\/em><\/h4>\n<\/li>\n<\/ul>\n<h4><em><strong>Spodek<\/strong><\/em><\/h4>\n<ul>\n<li>\n<h4><em><strong>diameter: 14cm<\/strong><\/em><\/h4>\n<\/li>\n<\/ul>\n<h4 style=\"text-align: center;\"><\/h4>\n<h4 style=\"text-align: center;\"><em><strong>I own 3 pieces.<\/strong><\/em><\/h4>\n<h4 style=\"text-align: center;\"><em><strong>The price is for 1 piece.<\/strong><\/em><\/h4>\n<h4><\/h4>\n<h4><em><strong>Nr.10508<\/strong><\/em><\/h4>","protected":false},"excerpt":{"rendered":"<p>Zestaw duo, fili\u017canka ze spodkiem \u00a0bia\u0142ej porcelany Epoque Rosenthal Zestaw duo marki Rosenthal z kolekcji Epoque. Wykonana z wysokiej jako\u015bci bia\u0142ej porcelany. Elegancka i minimalistyczna forma idealnie pasuje do nowoczesnych wn\u0119trz. Wymiary Fili\u017canka: \u015brednica: 9,5cm, wysoko\u015b\u0107: 5,5cm Spodek \u015brednica: 14cm Posiadam 3 sztuki. Cena dotyczy 1 sztuki. Nr.10508<\/p>","protected":false},"featured_media":59634,"template":"","meta":{"_seopress_robots_primary_cat":"","_seopress_titles_title":"","_seopress_titles_desc":"","_seopress_robots_index":"","site-sidebar-layout":"default","site-content-layout":"","ast-site-content-layout":"default","site-content-style":"default","site-sidebar-style":"default","ast-global-header-display":"","ast-banner-title-visibility":"","ast-main-header-display":"","ast-hfb-above-header-display":"","ast-hfb-below-header-display":"","ast-hfb-mobile-header-display":"","site-post-title":"","ast-breadcrumbs-content":"","ast-featured-img":"","footer-sml-layout":"","ast-disable-related-posts":"","theme-transparent-header-meta":"default","adv-header-id-meta":"","stick-header-meta":"default","header-above-stick-meta":"","header-main-stick-meta":"","header-below-stick-meta":"","astra-migrate-meta-layouts":"set","ast-page-background-enabled":"default","ast-page-background-meta":{"desktop":{"background-color":"var(--ast-global-color-4)","background-image":"","background-repeat":"repeat","background-position":"center center","background-size":"auto","background-attachment":"scroll","background-type":"","background-media":"","overlay-type":"","overlay-color":"","overlay-opacity":"","overlay-gradient":""},"tablet":{"background-color":"","background-image":"","background-repeat":"repeat","background-position":"center center","background-size":"auto","background-attachment":"scroll","background-type":"","background-media":"","overlay-type":"","overlay-color":"","overlay-opacity":"","overlay-gradient":""},"mobile":{"background-color":"","background-image":"","background-repeat":"repeat","background-position":"center center","background-size":"auto","background-attachment":"scroll","background-type":"","background-media":"","overlay-type":"","overlay-color":"","overlay-opacity":"","overlay-gradient":""}},"ast-content-background-meta":{"desktop":{"background-color":"var(--ast-global-color-5)","background-image":"","background-repeat":"repeat","background-position":"center center","background-size":"auto","background-attachment":"scroll","background-type":"","background-media":"","overlay-type":"","overlay-color":"","overlay-opacity":"","overlay-gradient":""},"tablet":{"background-color":"var(--ast-global-color-5)","background-image":"","background-repeat":"repeat","background-position":"center center","background-size":"auto","background-attachment":"scroll","background-type":"","background-media":"","overlay-type":"","overlay-color":"","overlay-opacity":"","overlay-gradient":""},"mobile":{"background-color":"var(--ast-global-color-5)","background-image":"","background-repeat":"repeat","background-position":"center center","background-size":"auto","background-attachment":"scroll","background-type":"","background-media":"","overlay-type":"","overlay-color":"","overlay-opacity":"","overlay-gradient":""}}},"product_brand":[],"product_cat":[51,24],"product_tag":[],"class_list":{"0":"post-59653","1":"product","2":"type-product","3":"status-publish","4":"has-post-thumbnail","6":"product_cat-filizanki-zastawy-sniadaniowe","7":"product_cat-kuchnia","8":"product_shipping_class-wysylka-19zl","9":"desktop-align-left","10":"tablet-align-left","11":"mobile-align-left","12":"ast-product-gallery-layout-vertical-slider","13":"ast-product-tabs-layout-horizontal","14":"ast-qv-on-image","16":"first","17":"instock","18":"shipping-taxable","19":"purchasable","20":"product-type-simple"},"_links":{"self":[{"href":"https:\/\/antart.com.pl\/en\/wp-json\/wp\/v2\/product\/59653","targetHints":{"allow":["GET"]}}],"collection":[{"href":"https:\/\/antart.com.pl\/en\/wp-json\/wp\/v2\/product"}],"about":[{"href":"https:\/\/antart.com.pl\/en\/wp-json\/wp\/v2\/types\/product"}],"wp:featuredmedia":[{"embeddable":true,"href":"https:\/\/antart.com.pl\/en\/wp-json\/wp\/v2\/media\/59634"}],"wp:attachment":[{"href":"https:\/\/antart.com.pl\/en\/wp-json\/wp\/v2\/media?parent=59653"}],"wp:term":[{"taxonomy":"product_brand","embeddable":true,"href":"https:\/\/antart.com.pl\/en\/wp-json\/wp\/v2\/product_brand?post=59653"},{"taxonomy":"product_cat","embeddable":true,"href":"https:\/\/antart.com.pl\/en\/wp-json\/wp\/v2\/product_cat?post=59653"},{"taxonomy":"product_tag","embeddable":true,"href":"https:\/\/antart.com.pl\/en\/wp-json\/wp\/v2\/product_tag?post=59653"}],"curies":[{"name":"wp","href":"https:\/\/api.w.org\/{rel}","templated":true}]}}