{"id":59654,"date":"2026-01-13T11:02:04","date_gmt":"2026-01-13T10:02:04","guid":{"rendered":"https:\/\/antart.com.pl\/?post_type=product&#038;p=59654"},"modified":"2026-01-13T11:02:05","modified_gmt":"2026-01-13T10:02:05","slug":"spodek-porcelanowy-bialy-epoque-rosenthal","status":"publish","type":"product","link":"https:\/\/antart.com.pl\/en\/produkt\/spodek-porcelanowy-bialy-epoque-rosenthal\/","title":{"rendered":"Porcelain saucer white Epoque Rosenthal"},"content":{"rendered":"<h4 style=\"text-align: center;\"><em><b>Porcelain saucer white Epoque Rosenthal<\/b><\/em><\/h4>\n<h4 style=\"text-align: center;\"><em>Bia\u0142y talerzyk, spodek marki Rosenthal z kolekcji Epoque. Przedmiot jest u\u017cywany, ale w dobrym stanie. Mo\u017ce by\u0107 przydatny jako dodatek do zastawy sto\u0142owej lub jako dekoracja.<\/em><\/h4>\n<h4 style=\"text-align: center;\"><em>Made from high quality white porcelain.<\/em><\/h4>\n<h4 style=\"text-align: center;\"><em>The elegant and minimalist form is ideal for modern interiors.<\/em><\/h4>\n<h4><em><b>Dimensions<\/b><\/em><\/h4>\n<ul>\n<li>\n<h4><em>Diameter: 14cm<\/em><\/h4>\n<\/li>\n<\/ul>\n<h4 style=\"text-align: center;\"><\/h4>\n<h4 style=\"text-align: center;\"><em>I own five pieces.<\/em><\/h4>\n<h4 style=\"text-align: center;\"><em>The price is for 1 piece.<\/em><\/h4>\n<h4><em><b>Nr.10509<\/b><\/em><\/h4>","protected":false},"excerpt":{"rendered":"<p>Spodek porcelanowy bia\u0142y Epoque Rosenthal Bia\u0142y talerzyk, spodek marki Rosenthal z kolekcji Epoque. Przedmiot jest u\u017cywany, ale w dobrym stanie. Mo\u017ce by\u0107 przydatny jako dodatek do zastawy sto\u0142owej lub jako dekoracja. Wykonana z wysokiej jako\u015bci bia\u0142ej porcelany. Elegancka i minimalistyczna forma idealnie pasuje do nowoczesnych wn\u0119trz. Wymiary \u015arednica: 14cm Posiadam 5 sztuki. Cena dotyczy 1 [&hellip;]<\/p>\n","protected":false},"featured_media":59647,"template":"","meta":{"_seopress_robots_primary_cat":"","_seopress_titles_title":"","_seopress_titles_desc":"","_seopress_robots_index":"","site-sidebar-layout":"default","site-content-layout":"","ast-site-content-layout":"default","site-content-style":"default","site-sidebar-style":"default","ast-global-header-display":"","ast-banner-title-visibility":"","ast-main-header-display":"","ast-hfb-above-header-display":"","ast-hfb-below-header-display":"","ast-hfb-mobile-header-display":"","site-post-title":"","ast-breadcrumbs-content":"","ast-featured-img":"","footer-sml-layout":"","ast-disable-related-posts":"","theme-transparent-header-meta":"default","adv-header-id-meta":"","stick-header-meta":"default","header-above-stick-meta":"","header-main-stick-meta":"","header-below-stick-meta":"","astra-migrate-meta-layouts":"set","ast-page-background-enabled":"default","ast-page-background-meta":{"desktop":{"background-color":"var(--ast-global-color-4)","background-image":"","background-repeat":"repeat","background-position":"center center","background-size":"auto","background-attachment":"scroll","background-type":"","background-media":"","overlay-type":"","overlay-color":"","overlay-opacity":"","overlay-gradient":""},"tablet":{"background-color":"","background-image":"","background-repeat":"repeat","background-position":"center center","background-size":"auto","background-attachment":"scroll","background-type":"","background-media":"","overlay-type":"","overlay-color":"","overlay-opacity":"","overlay-gradient":""},"mobile":{"background-color":"","background-image":"","background-repeat":"repeat","background-position":"center center","background-size":"auto","background-attachment":"scroll","background-type":"","background-media":"","overlay-type":"","overlay-color":"","overlay-opacity":"","overlay-gradient":""}},"ast-content-background-meta":{"desktop":{"background-color":"var(--ast-global-color-5)","background-image":"","background-repeat":"repeat","background-position":"center center","background-size":"auto","background-attachment":"scroll","background-type":"","background-media":"","overlay-type":"","overlay-color":"","overlay-opacity":"","overlay-gradient":""},"tablet":{"background-color":"var(--ast-global-color-5)","background-image":"","background-repeat":"repeat","background-position":"center center","background-size":"auto","background-attachment":"scroll","background-type":"","background-media":"","overlay-type":"","overlay-color":"","overlay-opacity":"","overlay-gradient":""},"mobile":{"background-color":"var(--ast-global-color-5)","background-image":"","background-repeat":"repeat","background-position":"center center","background-size":"auto","background-attachment":"scroll","background-type":"","background-media":"","overlay-type":"","overlay-color":"","overlay-opacity":"","overlay-gradient":""}}},"product_brand":[],"product_cat":[25,24,60,87],"product_tag":[],"class_list":{"0":"post-59654","1":"product","2":"type-product","3":"status-publish","4":"has-post-thumbnail","6":"product_cat-czesci-serwisow","7":"product_cat-kuchnia","8":"product_cat-talerzyki","9":"product_cat-talerzyki-deserowe","10":"product_shipping_class-wysylka-19zl","11":"desktop-align-left","12":"tablet-align-left","13":"mobile-align-left","14":"ast-product-gallery-layout-vertical-slider","15":"ast-product-tabs-layout-horizontal","16":"ast-qv-on-image","18":"first","19":"instock","20":"shipping-taxable","21":"purchasable","22":"product-type-simple"},"_links":{"self":[{"href":"https:\/\/antart.com.pl\/en\/wp-json\/wp\/v2\/product\/59654","targetHints":{"allow":["GET"]}}],"collection":[{"href":"https:\/\/antart.com.pl\/en\/wp-json\/wp\/v2\/product"}],"about":[{"href":"https:\/\/antart.com.pl\/en\/wp-json\/wp\/v2\/types\/product"}],"wp:featuredmedia":[{"embeddable":true,"href":"https:\/\/antart.com.pl\/en\/wp-json\/wp\/v2\/media\/59647"}],"wp:attachment":[{"href":"https:\/\/antart.com.pl\/en\/wp-json\/wp\/v2\/media?parent=59654"}],"wp:term":[{"taxonomy":"product_brand","embeddable":true,"href":"https:\/\/antart.com.pl\/en\/wp-json\/wp\/v2\/product_brand?post=59654"},{"taxonomy":"product_cat","embeddable":true,"href":"https:\/\/antart.com.pl\/en\/wp-json\/wp\/v2\/product_cat?post=59654"},{"taxonomy":"product_tag","embeddable":true,"href":"https:\/\/antart.com.pl\/en\/wp-json\/wp\/v2\/product_tag?post=59654"}],"curies":[{"name":"wp","href":"https:\/\/api.w.org\/{rel}","templated":true}]}}