{"id":60099,"date":"2026-01-19T10:50:02","date_gmt":"2026-01-19T09:50:02","guid":{"rendered":"https:\/\/antart.com.pl\/?post_type=product&#038;p=60099"},"modified":"2026-01-16T11:31:18","modified_gmt":"2026-01-16T10:31:18","slug":"zelazne-krzeslo-barowe-hoker-z-oparciem-z-lat-60-tych","status":"publish","type":"product","link":"https:\/\/antart.com.pl\/en\/produkt\/zelazne-krzeslo-barowe-hoker-z-oparciem-z-lat-60-tych\/","title":{"rendered":"Iron bar chair, hocker with backrest from the 1960s"},"content":{"rendered":"<h4 style=\"text-align: center;\"><em><strong>Iron bar chair, hocker with backrest from the 1960s<\/strong><\/em><\/h4>\n<h4 style=\"text-align: center;\"><em><strong>Stylowy, metalowy hoker z oparciem z lat 60-tych. Solidna konstrukcja \u017celazna obita w czarnej eko sk\u00f3rze.<\/strong><\/em><\/h4>\n<h4 style=\"text-align: center;\"><em><strong>Idealny do uzupe\u0142nienia wystroju wn\u0119trza w stylu vintage lub industrialnym.<\/strong><\/em><\/h4>\n<h4><em><strong>Dimensions:<\/strong><\/em><\/h4>\n<ul>\n<li>\n<h4><em><strong>wysoko\u015b\u0107: 105 cm<\/strong><\/em><\/h4>\n<\/li>\n<li>\n<h4><em><strong>width: 40 cm<\/strong><\/em><\/h4>\n<\/li>\n<li>\n<h4><em><strong>depth: 45 cm<\/strong><\/em><\/h4>\n<\/li>\n<li>\n<h4><em><strong>wysoko\u015b\u0107 do siedziska: 81 cm<\/strong><\/em><\/h4>\n<\/li>\n<li>\n<h4><em><strong>wysoko\u015b\u0107 do podn\u00f3\u017cka: 30cm<\/strong><\/em><\/h4>\n<\/li>\n<li>\n<h4><em><strong>\u015brednica siedziska: 31 cm<\/strong><\/em><\/h4>\n<\/li>\n<\/ul>\n<h4 style=\"text-align: center;\"><em>I own 2 pieces.<\/em><\/h4>\n<h4 style=\"text-align: center;\"><em>The price is for 1 piece.<\/em><\/h4>\n<h4><em><strong>NO. ART 10623<\/strong><\/em><\/h4>","protected":false},"excerpt":{"rendered":"<p>\u017belazne krzes\u0142o barowe, hoker z oparciem z lat 60-tych Stylowy, metalowy hoker z oparciem z lat 60-tych. Solidna konstrukcja \u017celazna obita w czarnej eko sk\u00f3rze. Idealny do uzupe\u0142nienia wystroju wn\u0119trza w stylu vintage lub industrialnym. Wymiary: wysoko\u015b\u0107: 105 cm szeroko\u015b\u0107: 40 cm g\u0142\u0119boko\u015b\u0107: 45 cm wysoko\u015b\u0107 do siedziska: 81 cm wysoko\u015b\u0107 do podn\u00f3\u017cka: 30cm \u015brednica [&hellip;]<\/p>\n","protected":false},"featured_media":60100,"template":"","meta":{"_seopress_robots_primary_cat":"","_seopress_titles_title":"","_seopress_titles_desc":"","_seopress_robots_index":"","site-sidebar-layout":"default","site-content-layout":"","ast-site-content-layout":"default","site-content-style":"default","site-sidebar-style":"default","ast-global-header-display":"","ast-banner-title-visibility":"","ast-main-header-display":"","ast-hfb-above-header-display":"","ast-hfb-below-header-display":"","ast-hfb-mobile-header-display":"","site-post-title":"","ast-breadcrumbs-content":"","ast-featured-img":"","footer-sml-layout":"","ast-disable-related-posts":"","theme-transparent-header-meta":"default","adv-header-id-meta":"","stick-header-meta":"default","header-above-stick-meta":"","header-main-stick-meta":"","header-below-stick-meta":"","astra-migrate-meta-layouts":"set","ast-page-background-enabled":"default","ast-page-background-meta":{"desktop":{"background-color":"var(--ast-global-color-4)","background-image":"","background-repeat":"repeat","background-position":"center center","background-size":"auto","background-attachment":"scroll","background-type":"","background-media":"","overlay-type":"","overlay-color":"","overlay-opacity":"","overlay-gradient":""},"tablet":{"background-color":"","background-image":"","background-repeat":"repeat","background-position":"center center","background-size":"auto","background-attachment":"scroll","background-type":"","background-media":"","overlay-type":"","overlay-color":"","overlay-opacity":"","overlay-gradient":""},"mobile":{"background-color":"","background-image":"","background-repeat":"repeat","background-position":"center center","background-size":"auto","background-attachment":"scroll","background-type":"","background-media":"","overlay-type":"","overlay-color":"","overlay-opacity":"","overlay-gradient":""}},"ast-content-background-meta":{"desktop":{"background-color":"var(--ast-global-color-5)","background-image":"","background-repeat":"repeat","background-position":"center center","background-size":"auto","background-attachment":"scroll","background-type":"","background-media":"","overlay-type":"","overlay-color":"","overlay-opacity":"","overlay-gradient":""},"tablet":{"background-color":"var(--ast-global-color-5)","background-image":"","background-repeat":"repeat","background-position":"center center","background-size":"auto","background-attachment":"scroll","background-type":"","background-media":"","overlay-type":"","overlay-color":"","overlay-opacity":"","overlay-gradient":""},"mobile":{"background-color":"var(--ast-global-color-5)","background-image":"","background-repeat":"repeat","background-position":"center center","background-size":"auto","background-attachment":"scroll","background-type":"","background-media":"","overlay-type":"","overlay-color":"","overlay-opacity":"","overlay-gradient":""}}},"product_brand":[],"product_cat":[36,32],"product_tag":[],"class_list":{"0":"post-60099","1":"product","2":"type-product","3":"status-publish","4":"has-post-thumbnail","6":"product_cat-krzesla-taborety","7":"product_cat-meble","8":"product_shipping_class-wysylka-80zl","9":"desktop-align-left","10":"tablet-align-left","11":"mobile-align-left","12":"ast-product-gallery-layout-vertical-slider","13":"ast-product-tabs-layout-horizontal","14":"ast-qv-on-image","16":"first","17":"instock","18":"shipping-taxable","19":"purchasable","20":"product-type-simple"},"_links":{"self":[{"href":"https:\/\/antart.com.pl\/en\/wp-json\/wp\/v2\/product\/60099","targetHints":{"allow":["GET"]}}],"collection":[{"href":"https:\/\/antart.com.pl\/en\/wp-json\/wp\/v2\/product"}],"about":[{"href":"https:\/\/antart.com.pl\/en\/wp-json\/wp\/v2\/types\/product"}],"wp:featuredmedia":[{"embeddable":true,"href":"https:\/\/antart.com.pl\/en\/wp-json\/wp\/v2\/media\/60100"}],"wp:attachment":[{"href":"https:\/\/antart.com.pl\/en\/wp-json\/wp\/v2\/media?parent=60099"}],"wp:term":[{"taxonomy":"product_brand","embeddable":true,"href":"https:\/\/antart.com.pl\/en\/wp-json\/wp\/v2\/product_brand?post=60099"},{"taxonomy":"product_cat","embeddable":true,"href":"https:\/\/antart.com.pl\/en\/wp-json\/wp\/v2\/product_cat?post=60099"},{"taxonomy":"product_tag","embeddable":true,"href":"https:\/\/antart.com.pl\/en\/wp-json\/wp\/v2\/product_tag?post=60099"}],"curies":[{"name":"wp","href":"https:\/\/api.w.org\/{rel}","templated":true}]}}