{"id":60215,"date":"2026-01-20T11:56:40","date_gmt":"2026-01-20T10:56:40","guid":{"rendered":"https:\/\/antart.com.pl\/?post_type=product&#038;p=60215"},"modified":"2026-04-01T20:17:14","modified_gmt":"2026-04-01T18:17:14","slug":"fotel-antyczny-debowy-z-poczatku-xx-wieku","status":"publish","type":"product","link":"https:\/\/antart.com.pl\/en\/produkt\/fotel-antyczny-debowy-z-poczatku-xx-wieku\/","title":{"rendered":"Early 20th century antique oak armchair"},"content":{"rendered":"<h4 style=\"text-align: center;\"><strong><em>Early 20th century antique oak armchair<\/em><\/strong><\/h4>\n<h4 style=\"text-align: center;\"><strong><em>Stylowy, zabytkowy fotel z pocz\u0105tku XX wieku, wykonany z drewna d\u0119bowego. Mebel posiada charakterystyczne, rze\u017abione elementy oraz tapicerk\u0119 z naturalnego materia\u0142u. Fotel jest w dobrym stanie zachowania, idealnie pasuje do klasycznego, vintage&#8217;owego wn\u0119trza.<\/em><\/strong><\/h4>\n<p>&nbsp;<\/p>\n<h4><em><strong>Dimensions<\/strong><\/em><\/h4>\n<ul>\n<li>\n<h4><strong><em>height: 85cm<\/em><\/strong><\/h4>\n<\/li>\n<li>\n<h4><strong><em>szeroko\u015b\u0107:\u00a0 58cm<\/em><\/strong><\/h4>\n<\/li>\n<li>\n<h4><strong><em>depth: 51cm<\/em><\/strong><\/h4>\n<\/li>\n<li>\n<h4><strong><em>height to seat: 48cm<\/em><\/strong><\/h4>\n<\/li>\n<\/ul>\n<h4><\/h4>\n<h4 style=\"text-align: center;\"><strong><em>The photos show the actual condition of the item.<\/em><\/strong><\/h4>\n<h4><\/h4>\n<h4><strong><em>Art. nr. 10620<\/em><\/strong><\/h4>","protected":false},"excerpt":{"rendered":"<p>Fotel antyczny d\u0119bowy z pocz\u0105tku XX wieku Stylowy, zabytkowy fotel z pocz\u0105tku XX wieku, wykonany z drewna d\u0119bowego. Mebel posiada charakterystyczne, rze\u017abione elementy oraz tapicerk\u0119 z naturalnego materia\u0142u. Fotel jest w dobrym stanie zachowania, idealnie pasuje do klasycznego, vintage&#8217;owego wn\u0119trza. &nbsp; Wymiary wysoko\u015b\u0107: 85cm szeroko\u015b\u0107:\u00a0 58cm g\u0142\u0119boko\u015b\u0107: 51cm wysoko\u015b\u0107 do siedziska: 48cm Zdj\u0119cia przedstawiaj\u0105 stan [&hellip;]<\/p>\n","protected":false},"featured_media":60145,"template":"","meta":{"_seopress_robots_primary_cat":"","_seopress_titles_title":"","_seopress_titles_desc":"","_seopress_robots_index":"","site-sidebar-layout":"default","site-content-layout":"","ast-site-content-layout":"default","site-content-style":"default","site-sidebar-style":"default","ast-global-header-display":"","ast-banner-title-visibility":"","ast-main-header-display":"","ast-hfb-above-header-display":"","ast-hfb-below-header-display":"","ast-hfb-mobile-header-display":"","site-post-title":"","ast-breadcrumbs-content":"","ast-featured-img":"","footer-sml-layout":"","ast-disable-related-posts":"","theme-transparent-header-meta":"default","adv-header-id-meta":"","stick-header-meta":"default","header-above-stick-meta":"","header-main-stick-meta":"","header-below-stick-meta":"","astra-migrate-meta-layouts":"set","ast-page-background-enabled":"default","ast-page-background-meta":{"desktop":{"background-color":"var(--ast-global-color-4)","background-image":"","background-repeat":"repeat","background-position":"center center","background-size":"auto","background-attachment":"scroll","background-type":"","background-media":"","overlay-type":"","overlay-color":"","overlay-opacity":"","overlay-gradient":""},"tablet":{"background-color":"","background-image":"","background-repeat":"repeat","background-position":"center center","background-size":"auto","background-attachment":"scroll","background-type":"","background-media":"","overlay-type":"","overlay-color":"","overlay-opacity":"","overlay-gradient":""},"mobile":{"background-color":"","background-image":"","background-repeat":"repeat","background-position":"center center","background-size":"auto","background-attachment":"scroll","background-type":"","background-media":"","overlay-type":"","overlay-color":"","overlay-opacity":"","overlay-gradient":""}},"ast-content-background-meta":{"desktop":{"background-color":"var(--ast-global-color-5)","background-image":"","background-repeat":"repeat","background-position":"center center","background-size":"auto","background-attachment":"scroll","background-type":"","background-media":"","overlay-type":"","overlay-color":"","overlay-opacity":"","overlay-gradient":""},"tablet":{"background-color":"var(--ast-global-color-5)","background-image":"","background-repeat":"repeat","background-position":"center center","background-size":"auto","background-attachment":"scroll","background-type":"","background-media":"","overlay-type":"","overlay-color":"","overlay-opacity":"","overlay-gradient":""},"mobile":{"background-color":"var(--ast-global-color-5)","background-image":"","background-repeat":"repeat","background-position":"center center","background-size":"auto","background-attachment":"scroll","background-type":"","background-media":"","overlay-type":"","overlay-color":"","overlay-opacity":"","overlay-gradient":""}}},"product_brand":[],"product_cat":[39,32],"product_tag":[],"class_list":{"0":"post-60215","1":"product","2":"type-product","3":"status-publish","4":"has-post-thumbnail","6":"product_cat-fotele-puf","7":"product_cat-meble","8":"product_shipping_class-wysylka-80zl","9":"desktop-align-left","10":"tablet-align-left","11":"mobile-align-left","12":"ast-product-gallery-layout-vertical-slider","13":"ast-product-tabs-layout-horizontal","14":"ast-qv-on-image","16":"first","17":"instock","18":"sale","19":"sold-individually","20":"shipping-taxable","21":"purchasable","22":"product-type-simple"},"_links":{"self":[{"href":"https:\/\/antart.com.pl\/en\/wp-json\/wp\/v2\/product\/60215","targetHints":{"allow":["GET"]}}],"collection":[{"href":"https:\/\/antart.com.pl\/en\/wp-json\/wp\/v2\/product"}],"about":[{"href":"https:\/\/antart.com.pl\/en\/wp-json\/wp\/v2\/types\/product"}],"wp:featuredmedia":[{"embeddable":true,"href":"https:\/\/antart.com.pl\/en\/wp-json\/wp\/v2\/media\/60145"}],"wp:attachment":[{"href":"https:\/\/antart.com.pl\/en\/wp-json\/wp\/v2\/media?parent=60215"}],"wp:term":[{"taxonomy":"product_brand","embeddable":true,"href":"https:\/\/antart.com.pl\/en\/wp-json\/wp\/v2\/product_brand?post=60215"},{"taxonomy":"product_cat","embeddable":true,"href":"https:\/\/antart.com.pl\/en\/wp-json\/wp\/v2\/product_cat?post=60215"},{"taxonomy":"product_tag","embeddable":true,"href":"https:\/\/antart.com.pl\/en\/wp-json\/wp\/v2\/product_tag?post=60215"}],"curies":[{"name":"wp","href":"https:\/\/api.w.org\/{rel}","templated":true}]}}