{"id":60218,"date":"2026-01-22T13:00:54","date_gmt":"2026-01-22T12:00:54","guid":{"rendered":"https:\/\/antart.com.pl\/?post_type=product&#038;p=60218"},"modified":"2026-01-16T13:08:19","modified_gmt":"2026-01-16T12:08:19","slug":"old-chair-universal-aqe-design-joe-colombo-italy-1960s","status":"publish","type":"product","link":"https:\/\/antart.com.pl\/en\/produkt\/stare-krzeslo-universal-aqe-proj-joe-colombo-wlochy-lata-60-te\/","title":{"rendered":"Old Universal Aqe chair by Joe Colombo Italy 1960s"},"content":{"rendered":"<h4 style=\"text-align: center;\"><em><b>Old Universal Aqe chair by Joe Colombo Italy 1960s<\/b><\/em><\/h4>\n<h4 style=\"text-align: center;\"><em>An old chair designed by Joe Colombo in the 1960s for Kortell in Italy.<\/em><\/h4>\n<h4 style=\"text-align: center;\"><em>\u00a0Item in yellow, made of plastic. It has a distinctive shape and style typical of the design of the period.<\/em><\/h4>\n<h4><em><b>Dimensions:<\/b><\/em><\/h4>\n<ul>\n<li>\n<h4><em>height: 72 cm<\/em><\/h4>\n<\/li>\n<li>\n<h4><em>length: 43cm<\/em><\/h4>\n<\/li>\n<li>\n<h4><em>width: 43.5cm<\/em><\/h4>\n<\/li>\n<li>\n<h4><em>height to seat: 43 cm<\/em><\/h4>\n<\/li>\n<\/ul>\n<h4><\/h4>\n<h4 style=\"text-align: center;\"><em><b>The photos show the actual state of the object<\/b><\/em><\/h4>\n<h4><em><b>Order no. 10617<\/b><\/em><\/h4>","protected":false},"excerpt":{"rendered":"<p>Stare krzes\u0142o Universal Aqe proj. Joe Colombo W\u0142ochy lata 60-te Stare krzes\u0142o projektu Joe Colombo z lat 60. XX wieku dla Kortella we W\u0142oszech. \u00a0Przedmiot w kolorze \u017c\u00f3\u0142tym, wykonany z tworzywa sztucznego. Posiada charakterystyczny kszta\u0142t i styl typowy dla designu tamtego okresu. Wymiary: wysoko\u015b\u0107: 72 cm d\u0142ugo\u015b\u0107: 43cm szeroko\u015b\u0107: 43,5cm wysoko\u015b\u0107 do siedziska: 43 cm [&hellip;]<\/p>\n","protected":false},"featured_media":60200,"template":"","meta":{"_seopress_robots_primary_cat":"","_seopress_titles_title":"","_seopress_titles_desc":"","_seopress_robots_index":"","site-sidebar-layout":"default","site-content-layout":"","ast-site-content-layout":"default","site-content-style":"default","site-sidebar-style":"default","ast-global-header-display":"","ast-banner-title-visibility":"","ast-main-header-display":"","ast-hfb-above-header-display":"","ast-hfb-below-header-display":"","ast-hfb-mobile-header-display":"","site-post-title":"","ast-breadcrumbs-content":"","ast-featured-img":"","footer-sml-layout":"","ast-disable-related-posts":"","theme-transparent-header-meta":"default","adv-header-id-meta":"","stick-header-meta":"default","header-above-stick-meta":"","header-main-stick-meta":"","header-below-stick-meta":"","astra-migrate-meta-layouts":"set","ast-page-background-enabled":"default","ast-page-background-meta":{"desktop":{"background-color":"var(--ast-global-color-4)","background-image":"","background-repeat":"repeat","background-position":"center center","background-size":"auto","background-attachment":"scroll","background-type":"","background-media":"","overlay-type":"","overlay-color":"","overlay-opacity":"","overlay-gradient":""},"tablet":{"background-color":"","background-image":"","background-repeat":"repeat","background-position":"center center","background-size":"auto","background-attachment":"scroll","background-type":"","background-media":"","overlay-type":"","overlay-color":"","overlay-opacity":"","overlay-gradient":""},"mobile":{"background-color":"","background-image":"","background-repeat":"repeat","background-position":"center center","background-size":"auto","background-attachment":"scroll","background-type":"","background-media":"","overlay-type":"","overlay-color":"","overlay-opacity":"","overlay-gradient":""}},"ast-content-background-meta":{"desktop":{"background-color":"var(--ast-global-color-5)","background-image":"","background-repeat":"repeat","background-position":"center center","background-size":"auto","background-attachment":"scroll","background-type":"","background-media":"","overlay-type":"","overlay-color":"","overlay-opacity":"","overlay-gradient":""},"tablet":{"background-color":"var(--ast-global-color-5)","background-image":"","background-repeat":"repeat","background-position":"center center","background-size":"auto","background-attachment":"scroll","background-type":"","background-media":"","overlay-type":"","overlay-color":"","overlay-opacity":"","overlay-gradient":""},"mobile":{"background-color":"var(--ast-global-color-5)","background-image":"","background-repeat":"repeat","background-position":"center center","background-size":"auto","background-attachment":"scroll","background-type":"","background-media":"","overlay-type":"","overlay-color":"","overlay-opacity":"","overlay-gradient":""}}},"product_brand":[],"product_cat":[36,32,43],"product_tag":[],"class_list":{"0":"post-60218","1":"product","2":"type-product","3":"status-publish","4":"has-post-thumbnail","6":"product_cat-krzesla-taborety","7":"product_cat-meble","8":"product_cat-meble-designe","9":"product_shipping_class-wysylka-80zl","10":"desktop-align-left","11":"tablet-align-left","12":"mobile-align-left","13":"ast-product-gallery-layout-vertical-slider","14":"ast-product-tabs-layout-horizontal","15":"ast-qv-on-image","17":"first","18":"instock","19":"sold-individually","20":"shipping-taxable","21":"purchasable","22":"product-type-simple"},"_links":{"self":[{"href":"https:\/\/antart.com.pl\/en\/wp-json\/wp\/v2\/product\/60218","targetHints":{"allow":["GET"]}}],"collection":[{"href":"https:\/\/antart.com.pl\/en\/wp-json\/wp\/v2\/product"}],"about":[{"href":"https:\/\/antart.com.pl\/en\/wp-json\/wp\/v2\/types\/product"}],"wp:featuredmedia":[{"embeddable":true,"href":"https:\/\/antart.com.pl\/en\/wp-json\/wp\/v2\/media\/60200"}],"wp:attachment":[{"href":"https:\/\/antart.com.pl\/en\/wp-json\/wp\/v2\/media?parent=60218"}],"wp:term":[{"taxonomy":"product_brand","embeddable":true,"href":"https:\/\/antart.com.pl\/en\/wp-json\/wp\/v2\/product_brand?post=60218"},{"taxonomy":"product_cat","embeddable":true,"href":"https:\/\/antart.com.pl\/en\/wp-json\/wp\/v2\/product_cat?post=60218"},{"taxonomy":"product_tag","embeddable":true,"href":"https:\/\/antart.com.pl\/en\/wp-json\/wp\/v2\/product_tag?post=60218"}],"curies":[{"name":"wp","href":"https:\/\/api.w.org\/{rel}","templated":true}]}}