{"id":60704,"date":"2026-01-21T08:15:17","date_gmt":"2026-01-21T07:15:17","guid":{"rendered":"https:\/\/antart.com.pl\/?post_type=product&#038;p=60704"},"modified":"2026-04-01T20:17:14","modified_gmt":"2026-04-01T18:17:14","slug":"fotel-s-stylu-ludwika-xu-z-tapicerka-zakardowa","status":"publish","type":"product","link":"https:\/\/antart.com.pl\/en\/produkt\/fotel-s-stylu-ludwika-xu-z-tapicerka-zakardowa\/","title":{"rendered":"Louis XV style armchair with jacquard upholstery"},"content":{"rendered":"<h4 style=\"text-align: center;\"><em><strong>Louis XV style armchair with jacquard upholstery<\/strong><\/em><\/h4>\n<h4 style=\"text-align: center;\"><em><strong>Stylowy fotel w stylu Ludwika XV z tapicerk\u0105 \u017cakardow\u0105. Mebel jest u\u017cywany, ale w dobrym stanie. Posiada rze\u017abione, drewniane elementy, kt\u00f3re dodaj\u0105 mu elegancji. Idealny jako dodatkowy mebel do salonu lub sypialni.<\/strong><\/em><\/h4>\n<h4><em><strong>Dimensions:<\/strong><\/em><\/h4>\n<ul>\n<li>\n<h4><em><strong>height: 87cm<\/strong><\/em><\/h4>\n<\/li>\n<li>\n<h4><em><strong>szeroko\u015b\u0107:\u00a0 50cm<\/strong><\/em><\/h4>\n<\/li>\n<li>\n<h4><em><strong>depth: 50 cm<\/strong><\/em><\/h4>\n<\/li>\n<li>\n<h4><em><strong>wysoko\u015b\u0107 do siedziska: 36cm<\/strong><\/em><\/h4>\n<\/li>\n<li>\n<h4><em><strong>g\u0142\u0119boko\u015b\u0107 siedziska: 41cm<\/strong><\/em><\/h4>\n<\/li>\n<\/ul>\n<h4><em><strong>I own 2 pieces.<\/strong><\/em><\/h4>\n<h4><em><strong>The price is for 1 piece.<\/strong><\/em><\/h4>\n<h4><\/h4>\n<h4 style=\"text-align: center;\"><em><strong>The photos show the actual condition of the item.<\/strong><\/em><\/h4>\n<h4><em><strong>Art. nr. 10625<\/strong><\/em><\/h4>","protected":false},"excerpt":{"rendered":"<p>Fotel w stylu Ludwika XV z tapicerk\u0105 \u017cakardow\u0105 Stylowy fotel w stylu Ludwika XV z tapicerk\u0105 \u017cakardow\u0105. Mebel jest u\u017cywany, ale w dobrym stanie. Posiada rze\u017abione, drewniane elementy, kt\u00f3re dodaj\u0105 mu elegancji. Idealny jako dodatkowy mebel do salonu lub sypialni. Wymiary: wysoko\u015b\u0107: 87cm szeroko\u015b\u0107:\u00a0 50cm g\u0142\u0119boko\u015b\u0107: 50 cm wysoko\u015b\u0107 do siedziska: 36cm g\u0142\u0119boko\u015b\u0107 siedziska: 41cm [&hellip;]<\/p>\n","protected":false},"featured_media":60730,"template":"","meta":{"_seopress_robots_primary_cat":"","_seopress_titles_title":"","_seopress_titles_desc":"","_seopress_robots_index":"","site-sidebar-layout":"default","site-content-layout":"","ast-site-content-layout":"default","site-content-style":"default","site-sidebar-style":"default","ast-global-header-display":"","ast-banner-title-visibility":"","ast-main-header-display":"","ast-hfb-above-header-display":"","ast-hfb-below-header-display":"","ast-hfb-mobile-header-display":"","site-post-title":"","ast-breadcrumbs-content":"","ast-featured-img":"","footer-sml-layout":"","ast-disable-related-posts":"","theme-transparent-header-meta":"default","adv-header-id-meta":"","stick-header-meta":"default","header-above-stick-meta":"","header-main-stick-meta":"","header-below-stick-meta":"","astra-migrate-meta-layouts":"set","ast-page-background-enabled":"default","ast-page-background-meta":{"desktop":{"background-color":"var(--ast-global-color-4)","background-image":"","background-repeat":"repeat","background-position":"center center","background-size":"auto","background-attachment":"scroll","background-type":"","background-media":"","overlay-type":"","overlay-color":"","overlay-opacity":"","overlay-gradient":""},"tablet":{"background-color":"","background-image":"","background-repeat":"repeat","background-position":"center center","background-size":"auto","background-attachment":"scroll","background-type":"","background-media":"","overlay-type":"","overlay-color":"","overlay-opacity":"","overlay-gradient":""},"mobile":{"background-color":"","background-image":"","background-repeat":"repeat","background-position":"center center","background-size":"auto","background-attachment":"scroll","background-type":"","background-media":"","overlay-type":"","overlay-color":"","overlay-opacity":"","overlay-gradient":""}},"ast-content-background-meta":{"desktop":{"background-color":"var(--ast-global-color-5)","background-image":"","background-repeat":"repeat","background-position":"center center","background-size":"auto","background-attachment":"scroll","background-type":"","background-media":"","overlay-type":"","overlay-color":"","overlay-opacity":"","overlay-gradient":""},"tablet":{"background-color":"var(--ast-global-color-5)","background-image":"","background-repeat":"repeat","background-position":"center center","background-size":"auto","background-attachment":"scroll","background-type":"","background-media":"","overlay-type":"","overlay-color":"","overlay-opacity":"","overlay-gradient":""},"mobile":{"background-color":"var(--ast-global-color-5)","background-image":"","background-repeat":"repeat","background-position":"center center","background-size":"auto","background-attachment":"scroll","background-type":"","background-media":"","overlay-type":"","overlay-color":"","overlay-opacity":"","overlay-gradient":""}}},"product_brand":[],"product_cat":[39,32],"product_tag":[],"class_list":{"0":"post-60704","1":"product","2":"type-product","3":"status-publish","4":"has-post-thumbnail","6":"product_cat-fotele-puf","7":"product_cat-meble","8":"product_shipping_class-wysylka-80zl","9":"desktop-align-left","10":"tablet-align-left","11":"mobile-align-left","12":"ast-product-gallery-layout-vertical-slider","13":"ast-product-tabs-layout-horizontal","14":"ast-qv-on-image","16":"first","17":"instock","18":"sale","19":"shipping-taxable","20":"purchasable","21":"product-type-simple"},"_links":{"self":[{"href":"https:\/\/antart.com.pl\/en\/wp-json\/wp\/v2\/product\/60704","targetHints":{"allow":["GET"]}}],"collection":[{"href":"https:\/\/antart.com.pl\/en\/wp-json\/wp\/v2\/product"}],"about":[{"href":"https:\/\/antart.com.pl\/en\/wp-json\/wp\/v2\/types\/product"}],"wp:featuredmedia":[{"embeddable":true,"href":"https:\/\/antart.com.pl\/en\/wp-json\/wp\/v2\/media\/60730"}],"wp:attachment":[{"href":"https:\/\/antart.com.pl\/en\/wp-json\/wp\/v2\/media?parent=60704"}],"wp:term":[{"taxonomy":"product_brand","embeddable":true,"href":"https:\/\/antart.com.pl\/en\/wp-json\/wp\/v2\/product_brand?post=60704"},{"taxonomy":"product_cat","embeddable":true,"href":"https:\/\/antart.com.pl\/en\/wp-json\/wp\/v2\/product_cat?post=60704"},{"taxonomy":"product_tag","embeddable":true,"href":"https:\/\/antart.com.pl\/en\/wp-json\/wp\/v2\/product_tag?post=60704"}],"curies":[{"name":"wp","href":"https:\/\/api.w.org\/{rel}","templated":true}]}}