{"id":60920,"date":"2026-01-18T11:58:42","date_gmt":"2026-01-18T10:58:42","guid":{"rendered":"https:\/\/antart.com.pl\/?post_type=product&#038;p=60920"},"modified":"2026-01-18T11:58:43","modified_gmt":"2026-01-18T10:58:43","slug":"regal-kwietnik-stylowy-z-toczonymi-nogami-w-orzechu","status":"publish","type":"product","link":"https:\/\/antart.com.pl\/en\/produkt\/regal-kwietnik-stylowy-z-toczonymi-nogami-w-orzechu\/","title":{"rendered":"Bookcase, stylish flowerbed with turned legs in walnut"},"content":{"rendered":"<h4 style=\"text-align: center;\"><em><strong>Bookcase, stylish flowerbed with turned legs in walnut<\/strong><\/em><\/h4>\n<h4 style=\"text-align: center;\"><em><strong>Stylowy rega\u0142 na kwiaty z drewnianymi, toczonymi nogami w kolorze orzecha. Mebel posiada ozdobne, z\u0142ote zdobienia, nadaj\u0105ce mu elegancki wygl\u0105d. Idealny do stworzenia przytulnego k\u0105cika w domu lub na tarasie.<\/strong><\/em><\/h4>\n<h4><em><strong>Dimensions:<\/strong><\/em><\/h4>\n<ul>\n<li>\n<h4><em><strong>height: 102cm<\/strong><\/em><\/h4>\n<\/li>\n<li>\n<h4><em><strong>width: 49 cm<\/strong><\/em><\/h4>\n<\/li>\n<li>\n<h4><em><strong>depth: 34 cm<\/strong><\/em><\/h4>\n<\/li>\n<li>\n<h4><em><strong>wysoko\u015b\u0107 do g\u00f3rnej p\u00f3\u0142ki: 97cm<\/strong><\/em><\/h4>\n<\/li>\n<li>\n<h4><em><strong>wysoko\u015b\u0107 do \u015brodkowej p\u00f3\u0142ki: 68cm<\/strong><\/em><\/h4>\n<\/li>\n<li>\n<h4><em><strong>wysoko\u015b\u0107 do dolnej \u015brodkowej p\u00f3\u0142ki: 39 cm<\/strong><\/em><\/h4>\n<\/li>\n<li>\n<h4><em><strong>wysoko\u015b\u0107 do dolnej p\u00f3\u0142ki: 10cm<\/strong><\/em><\/h4>\n<\/li>\n<\/ul>\n<h4 style=\"text-align: center;\"><em><strong>The photos show the actual state of the object<\/strong><\/em><\/h4>\n<h4><em><strong>nr. art. 10610<\/strong><\/em><\/h4>","protected":false},"excerpt":{"rendered":"<p>Rega\u0142, kwietnik stylowy z toczonymi nogami w orzechu Stylowy rega\u0142 na kwiaty z drewnianymi, toczonymi nogami w kolorze orzecha. Mebel posiada ozdobne, z\u0142ote zdobienia, nadaj\u0105ce mu elegancki wygl\u0105d. Idealny do stworzenia przytulnego k\u0105cika w domu lub na tarasie. Wymiary: wysoko\u015b\u0107: 102cm szeroko\u015b\u0107: 49 cm g\u0142\u0119boko\u015b\u0107: 34 cm wysoko\u015b\u0107 do g\u00f3rnej p\u00f3\u0142ki: 97cm wysoko\u015b\u0107 do \u015brodkowej [&hellip;]<\/p>\n","protected":false},"featured_media":60853,"template":"","meta":{"_seopress_robots_primary_cat":"","_seopress_titles_title":"","_seopress_titles_desc":"","_seopress_robots_index":"","site-sidebar-layout":"default","site-content-layout":"","ast-site-content-layout":"default","site-content-style":"default","site-sidebar-style":"default","ast-global-header-display":"","ast-banner-title-visibility":"","ast-main-header-display":"","ast-hfb-above-header-display":"","ast-hfb-below-header-display":"","ast-hfb-mobile-header-display":"","site-post-title":"","ast-breadcrumbs-content":"","ast-featured-img":"","footer-sml-layout":"","ast-disable-related-posts":"","theme-transparent-header-meta":"default","adv-header-id-meta":"","stick-header-meta":"default","header-above-stick-meta":"","header-main-stick-meta":"","header-below-stick-meta":"","astra-migrate-meta-layouts":"set","ast-page-background-enabled":"default","ast-page-background-meta":{"desktop":{"background-color":"var(--ast-global-color-4)","background-image":"","background-repeat":"repeat","background-position":"center center","background-size":"auto","background-attachment":"scroll","background-type":"","background-media":"","overlay-type":"","overlay-color":"","overlay-opacity":"","overlay-gradient":""},"tablet":{"background-color":"","background-image":"","background-repeat":"repeat","background-position":"center center","background-size":"auto","background-attachment":"scroll","background-type":"","background-media":"","overlay-type":"","overlay-color":"","overlay-opacity":"","overlay-gradient":""},"mobile":{"background-color":"","background-image":"","background-repeat":"repeat","background-position":"center center","background-size":"auto","background-attachment":"scroll","background-type":"","background-media":"","overlay-type":"","overlay-color":"","overlay-opacity":"","overlay-gradient":""}},"ast-content-background-meta":{"desktop":{"background-color":"var(--ast-global-color-5)","background-image":"","background-repeat":"repeat","background-position":"center center","background-size":"auto","background-attachment":"scroll","background-type":"","background-media":"","overlay-type":"","overlay-color":"","overlay-opacity":"","overlay-gradient":""},"tablet":{"background-color":"var(--ast-global-color-5)","background-image":"","background-repeat":"repeat","background-position":"center center","background-size":"auto","background-attachment":"scroll","background-type":"","background-media":"","overlay-type":"","overlay-color":"","overlay-opacity":"","overlay-gradient":""},"mobile":{"background-color":"var(--ast-global-color-5)","background-image":"","background-repeat":"repeat","background-position":"center center","background-size":"auto","background-attachment":"scroll","background-type":"","background-media":"","overlay-type":"","overlay-color":"","overlay-opacity":"","overlay-gradient":""}}},"product_brand":[],"product_cat":[32,80,33],"product_tag":[],"class_list":{"0":"post-60920","1":"product","2":"type-product","3":"status-publish","4":"has-post-thumbnail","6":"product_cat-meble","7":"product_cat-postument-kwietnik","8":"product_cat-stoly-stoliki","9":"product_shipping_class-wysylka-30zl","10":"desktop-align-left","11":"tablet-align-left","12":"mobile-align-left","13":"ast-product-gallery-layout-vertical-slider","14":"ast-product-tabs-layout-horizontal","15":"ast-qv-on-image","17":"first","18":"instock","19":"sold-individually","20":"shipping-taxable","21":"purchasable","22":"product-type-simple"},"_links":{"self":[{"href":"https:\/\/antart.com.pl\/en\/wp-json\/wp\/v2\/product\/60920","targetHints":{"allow":["GET"]}}],"collection":[{"href":"https:\/\/antart.com.pl\/en\/wp-json\/wp\/v2\/product"}],"about":[{"href":"https:\/\/antart.com.pl\/en\/wp-json\/wp\/v2\/types\/product"}],"wp:featuredmedia":[{"embeddable":true,"href":"https:\/\/antart.com.pl\/en\/wp-json\/wp\/v2\/media\/60853"}],"wp:attachment":[{"href":"https:\/\/antart.com.pl\/en\/wp-json\/wp\/v2\/media?parent=60920"}],"wp:term":[{"taxonomy":"product_brand","embeddable":true,"href":"https:\/\/antart.com.pl\/en\/wp-json\/wp\/v2\/product_brand?post=60920"},{"taxonomy":"product_cat","embeddable":true,"href":"https:\/\/antart.com.pl\/en\/wp-json\/wp\/v2\/product_cat?post=60920"},{"taxonomy":"product_tag","embeddable":true,"href":"https:\/\/antart.com.pl\/en\/wp-json\/wp\/v2\/product_tag?post=60920"}],"curies":[{"name":"wp","href":"https:\/\/api.w.org\/{rel}","templated":true}]}}