{"id":61025,"date":"2026-01-25T11:28:03","date_gmt":"2026-01-25T10:28:03","guid":{"rendered":"https:\/\/antart.com.pl\/?post_type=product&#038;p=61025"},"modified":"2026-01-20T11:37:41","modified_gmt":"2026-01-20T10:37:41","slug":"lampka-stolowa-nocna-z-motywem-nowego-jorku","status":"publish","type":"product","link":"https:\/\/antart.com.pl\/en\/produkt\/lampka-stolowa-nocna-z-motywem-nowego-jorku\/","title":{"rendered":"Table lamp with New York City motif"},"content":{"rendered":"<h5 style=\"text-align: center;\"><em><strong>Table lamp with New York City motif<\/strong><\/em><\/h5>\n<h5 style=\"text-align: center;\"><em><strong>Bedside lamp with New York City motif. Silver-coloured base, lampshade decorated with graphics depicting the characteristic buildings and streets of New York. Ideal for illuminating a bedside table or other furniture in the bedroom or living room.<\/strong><\/em><\/h5>\n<h5><em><strong>Dimensions:<\/strong><\/em><\/h5>\n<ul>\n<li>\n<h5><em><strong>wysoko\u015b\u0107 ca\u0142kowita: 39cm<\/strong><\/em><\/h5>\n<\/li>\n<li>\n<h5><em><strong>\u015brednica klosza:16cm<\/strong><\/em><\/h5>\n<\/li>\n<li>\n<h5><em><strong>height of lampshade: 22cm<\/strong><\/em><\/h5>\n<\/li>\n<li>\n<h5><em><strong>diameter of lamp base : 12cm<\/strong><\/em><\/h5>\n<\/li>\n<\/ul>\n<h5 style=\"text-align: center;\"><em><strong>The photos show the actual condition of the item.<\/strong><\/em><\/h5>\n<h5><\/h5>\n<h5><em><strong>NR. ART 10596<\/strong><\/em><\/h5>","protected":false},"excerpt":{"rendered":"<p>Lampka sto\u0142owa nocna z motywem Nowego Jorku Lampka nocna z motywem Nowego Jorku. Podstawa w kolorze srebrnym, aba\u017cur ozdobiony grafik\u0105 przedstawiaj\u0105c\u0105 charakterystyczne budynki i ulice Nowego Jorku. Idealna do o\u015bwietlenia stolika nocnego lub innego mebla w sypialni lub salonie. Wymiary: wysoko\u015b\u0107 ca\u0142kowita: 39cm \u015brednica klosza:16cm wysoko\u015b\u0107 klosza: 22cm \u015brednica podstawy lampy : 12cm Zdj\u0119cia przedstawiaj\u0105 [&hellip;]<\/p>\n","protected":false},"featured_media":61029,"template":"","meta":{"_seopress_robots_primary_cat":"","_seopress_titles_title":"","_seopress_titles_desc":"","_seopress_robots_index":"","site-sidebar-layout":"default","site-content-layout":"","ast-site-content-layout":"default","site-content-style":"default","site-sidebar-style":"default","ast-global-header-display":"","ast-banner-title-visibility":"","ast-main-header-display":"","ast-hfb-above-header-display":"","ast-hfb-below-header-display":"","ast-hfb-mobile-header-display":"","site-post-title":"","ast-breadcrumbs-content":"","ast-featured-img":"","footer-sml-layout":"","ast-disable-related-posts":"","theme-transparent-header-meta":"default","adv-header-id-meta":"","stick-header-meta":"default","header-above-stick-meta":"","header-main-stick-meta":"","header-below-stick-meta":"","astra-migrate-meta-layouts":"set","ast-page-background-enabled":"default","ast-page-background-meta":{"desktop":{"background-color":"var(--ast-global-color-4)","background-image":"","background-repeat":"repeat","background-position":"center center","background-size":"auto","background-attachment":"scroll","background-type":"","background-media":"","overlay-type":"","overlay-color":"","overlay-opacity":"","overlay-gradient":""},"tablet":{"background-color":"","background-image":"","background-repeat":"repeat","background-position":"center center","background-size":"auto","background-attachment":"scroll","background-type":"","background-media":"","overlay-type":"","overlay-color":"","overlay-opacity":"","overlay-gradient":""},"mobile":{"background-color":"","background-image":"","background-repeat":"repeat","background-position":"center center","background-size":"auto","background-attachment":"scroll","background-type":"","background-media":"","overlay-type":"","overlay-color":"","overlay-opacity":"","overlay-gradient":""}},"ast-content-background-meta":{"desktop":{"background-color":"var(--ast-global-color-5)","background-image":"","background-repeat":"repeat","background-position":"center center","background-size":"auto","background-attachment":"scroll","background-type":"","background-media":"","overlay-type":"","overlay-color":"","overlay-opacity":"","overlay-gradient":""},"tablet":{"background-color":"var(--ast-global-color-5)","background-image":"","background-repeat":"repeat","background-position":"center center","background-size":"auto","background-attachment":"scroll","background-type":"","background-media":"","overlay-type":"","overlay-color":"","overlay-opacity":"","overlay-gradient":""},"mobile":{"background-color":"var(--ast-global-color-5)","background-image":"","background-repeat":"repeat","background-position":"center center","background-size":"auto","background-attachment":"scroll","background-type":"","background-media":"","overlay-type":"","overlay-color":"","overlay-opacity":"","overlay-gradient":""}}},"product_brand":[],"product_cat":[40,30],"product_tag":[],"class_list":{"0":"post-61025","1":"product","2":"type-product","3":"status-publish","4":"has-post-thumbnail","6":"product_cat-lampy-stolowe","7":"product_cat-oswietlenie","8":"product_shipping_class-wysylka-19zl","9":"desktop-align-left","10":"tablet-align-left","11":"mobile-align-left","12":"ast-product-gallery-layout-vertical-slider","13":"ast-product-tabs-layout-horizontal","14":"ast-qv-on-image","16":"first","17":"instock","18":"sold-individually","19":"shipping-taxable","20":"purchasable","21":"product-type-simple"},"_links":{"self":[{"href":"https:\/\/antart.com.pl\/en\/wp-json\/wp\/v2\/product\/61025","targetHints":{"allow":["GET"]}}],"collection":[{"href":"https:\/\/antart.com.pl\/en\/wp-json\/wp\/v2\/product"}],"about":[{"href":"https:\/\/antart.com.pl\/en\/wp-json\/wp\/v2\/types\/product"}],"wp:featuredmedia":[{"embeddable":true,"href":"https:\/\/antart.com.pl\/en\/wp-json\/wp\/v2\/media\/61029"}],"wp:attachment":[{"href":"https:\/\/antart.com.pl\/en\/wp-json\/wp\/v2\/media?parent=61025"}],"wp:term":[{"taxonomy":"product_brand","embeddable":true,"href":"https:\/\/antart.com.pl\/en\/wp-json\/wp\/v2\/product_brand?post=61025"},{"taxonomy":"product_cat","embeddable":true,"href":"https:\/\/antart.com.pl\/en\/wp-json\/wp\/v2\/product_cat?post=61025"},{"taxonomy":"product_tag","embeddable":true,"href":"https:\/\/antart.com.pl\/en\/wp-json\/wp\/v2\/product_tag?post=61025"}],"curies":[{"name":"wp","href":"https:\/\/api.w.org\/{rel}","templated":true}]}}