{"id":61076,"date":"2026-01-25T12:41:06","date_gmt":"2026-01-25T11:41:06","guid":{"rendered":"https:\/\/antart.com.pl\/?post_type=product&#038;p=61076"},"modified":"2026-01-20T12:46:05","modified_gmt":"2026-01-20T11:46:05","slug":"maritime-style-ceramic-table-lamp","status":"publish","type":"product","link":"https:\/\/antart.com.pl\/en\/produkt\/lampka-stolowa-ceramiczna-w-stylu-marynistycznym\/","title":{"rendered":"Ceramic table lamp in nautical style"},"content":{"rendered":"<h4 style=\"text-align: center;\"><em><strong>Ceramic table lamp in nautical style<\/strong><\/em><\/h4>\n<h4 style=\"text-align: center;\"><em><strong>A stylish ceramic table lamp in nautical style. The base in white is decorated with blue waves that give it an elegant, nautical look. The lampshade in a uniform dark shade blends perfectly with the decoration. The lamp will be a beautiful addition to any coastal or Scandinavian style interior.<\/strong><\/em><\/h4>\n<h4><em><strong>Dimensions:<\/strong><\/em><\/h4>\n<ul>\n<li>\n<h4><em><strong>total height: 32cm<\/strong><\/em><\/h4>\n<\/li>\n<li>\n<h4><em><strong>height of lampshade: 17cm<\/strong><\/em><\/h4>\n<\/li>\n<li>\n<h4><em><strong>upper diameter of lampshade: 8.5cm<\/strong><\/em><\/h4>\n<\/li>\n<li>\n<h4><em><strong>lower diameter of lampshade: 18cm<\/strong><\/em><\/h4>\n<\/li>\n<\/ul>\n<h4 style=\"text-align: center;\"><em><strong>The photos show the actual condition of the item.<\/strong><\/em><\/h4>\n<h4><em><strong>NO. ART 10593<\/strong><\/em><\/h4>","protected":false},"excerpt":{"rendered":"<p>Lampka sto\u0142owa ceramiczna w stylu marynistycznym Stylowa, ceramiczna lampa sto\u0142owa w morskim stylu. Podstawa w bia\u0142ym kolorze zdobiona niebieskimi falami, kt\u00f3re nadaj\u0105 jej elegancki, marynistyczny wygl\u0105d. Aba\u017cur w jednolitym, ciemnym odcieniu doskonale komponuje si\u0119 z dekoracj\u0105. Lampa b\u0119dzie pi\u0119knym dodatkiem do ka\u017cdego wn\u0119trza w stylu nadmorskim lub skandynawskim. Wymiary: wysoko\u015b\u0107 ca\u0142kowita: 32cm wysoko\u015b\u0107 klosza: 17cm [&hellip;]<\/p>\n","protected":false},"featured_media":61064,"template":"","meta":{"_seopress_robots_primary_cat":"","_seopress_titles_title":"","_seopress_titles_desc":"","_seopress_robots_index":"","site-sidebar-layout":"default","site-content-layout":"","ast-site-content-layout":"default","site-content-style":"default","site-sidebar-style":"default","ast-global-header-display":"","ast-banner-title-visibility":"","ast-main-header-display":"","ast-hfb-above-header-display":"","ast-hfb-below-header-display":"","ast-hfb-mobile-header-display":"","site-post-title":"","ast-breadcrumbs-content":"","ast-featured-img":"","footer-sml-layout":"","ast-disable-related-posts":"","theme-transparent-header-meta":"default","adv-header-id-meta":"","stick-header-meta":"default","header-above-stick-meta":"","header-main-stick-meta":"","header-below-stick-meta":"","astra-migrate-meta-layouts":"set","ast-page-background-enabled":"default","ast-page-background-meta":{"desktop":{"background-color":"var(--ast-global-color-4)","background-image":"","background-repeat":"repeat","background-position":"center center","background-size":"auto","background-attachment":"scroll","background-type":"","background-media":"","overlay-type":"","overlay-color":"","overlay-opacity":"","overlay-gradient":""},"tablet":{"background-color":"","background-image":"","background-repeat":"repeat","background-position":"center center","background-size":"auto","background-attachment":"scroll","background-type":"","background-media":"","overlay-type":"","overlay-color":"","overlay-opacity":"","overlay-gradient":""},"mobile":{"background-color":"","background-image":"","background-repeat":"repeat","background-position":"center center","background-size":"auto","background-attachment":"scroll","background-type":"","background-media":"","overlay-type":"","overlay-color":"","overlay-opacity":"","overlay-gradient":""}},"ast-content-background-meta":{"desktop":{"background-color":"var(--ast-global-color-5)","background-image":"","background-repeat":"repeat","background-position":"center center","background-size":"auto","background-attachment":"scroll","background-type":"","background-media":"","overlay-type":"","overlay-color":"","overlay-opacity":"","overlay-gradient":""},"tablet":{"background-color":"var(--ast-global-color-5)","background-image":"","background-repeat":"repeat","background-position":"center center","background-size":"auto","background-attachment":"scroll","background-type":"","background-media":"","overlay-type":"","overlay-color":"","overlay-opacity":"","overlay-gradient":""},"mobile":{"background-color":"var(--ast-global-color-5)","background-image":"","background-repeat":"repeat","background-position":"center center","background-size":"auto","background-attachment":"scroll","background-type":"","background-media":"","overlay-type":"","overlay-color":"","overlay-opacity":"","overlay-gradient":""}}},"product_brand":[],"product_cat":[40,30],"product_tag":[],"class_list":{"0":"post-61076","1":"product","2":"type-product","3":"status-publish","4":"has-post-thumbnail","6":"product_cat-lampy-stolowe","7":"product_cat-oswietlenie","8":"product_shipping_class-wysylka-19zl","9":"desktop-align-left","10":"tablet-align-left","11":"mobile-align-left","12":"ast-product-gallery-layout-vertical-slider","13":"ast-product-tabs-layout-horizontal","14":"ast-qv-on-image","16":"first","17":"instock","18":"shipping-taxable","19":"purchasable","20":"product-type-simple"},"_links":{"self":[{"href":"https:\/\/antart.com.pl\/en\/wp-json\/wp\/v2\/product\/61076","targetHints":{"allow":["GET"]}}],"collection":[{"href":"https:\/\/antart.com.pl\/en\/wp-json\/wp\/v2\/product"}],"about":[{"href":"https:\/\/antart.com.pl\/en\/wp-json\/wp\/v2\/types\/product"}],"wp:featuredmedia":[{"embeddable":true,"href":"https:\/\/antart.com.pl\/en\/wp-json\/wp\/v2\/media\/61064"}],"wp:attachment":[{"href":"https:\/\/antart.com.pl\/en\/wp-json\/wp\/v2\/media?parent=61076"}],"wp:term":[{"taxonomy":"product_brand","embeddable":true,"href":"https:\/\/antart.com.pl\/en\/wp-json\/wp\/v2\/product_brand?post=61076"},{"taxonomy":"product_cat","embeddable":true,"href":"https:\/\/antart.com.pl\/en\/wp-json\/wp\/v2\/product_cat?post=61076"},{"taxonomy":"product_tag","embeddable":true,"href":"https:\/\/antart.com.pl\/en\/wp-json\/wp\/v2\/product_tag?post=61076"}],"curies":[{"name":"wp","href":"https:\/\/api.w.org\/{rel}","templated":true}]}}