{"id":61123,"date":"2026-01-22T10:35:51","date_gmt":"2026-01-22T09:35:51","guid":{"rendered":"https:\/\/antart.com.pl\/?post_type=product&#038;p=61123"},"modified":"2026-01-22T10:35:51","modified_gmt":"2026-01-22T09:35:51","slug":"romer-crystal-wine-glass-4","status":"publish","type":"product","link":"https:\/\/antart.com.pl\/en\/produkt\/kieliszek-krysztalowy-do-wina-romer-4\/","title":{"rendered":"R\u00f6mer crystal wine glass"},"content":{"rendered":"<h4 style=\"text-align: center;\"><em><b>A R\u00f6mer type wine glass, probably made by the renowned Josephine Ironworks during the communist era, made of high quality crystal glass. The glass has a raspberry-coloured, double-layered bowl with a hand-cut, decorative pattern of stars and fans , a slender and faceted leg and a decorative base with a precise cut.<\/b><\/em><\/h4>\n<h4><\/h4>\n<h4><em><b>Dimensions<\/b><\/em><\/h4>\n<ul>\n<li>\n<h4><em><b>Height: 20cm.<\/b><\/em><\/h4>\n<\/li>\n<li>\n<h4><em><b>Top diameter: 6.5cm.<\/b><\/em><\/h4>\n<\/li>\n<li>\n<h4><em><b>Base diameter: 8cm.<\/b><\/em><\/h4>\n<\/li>\n<li>\n<h4><em><b>Volume: 180ml.<\/b><\/em><\/h4>\n<\/li>\n<\/ul>\n<h4 style=\"text-align: center;\"><em><b>The photos show the actual state of the object<\/b><\/em><\/h4>\n<h4 style=\"text-align: center;\"><em><b>Additional photos upon request<\/b><\/em><\/h4>\n<h4 style=\"text-align: center;\"><em><b>All our items on display are available in our warehouse.<\/b><\/em><\/h4>\n<h4 style=\"text-align: center;\"><em><b>Can be viewed by appointment.<\/b><\/em><\/h4>\n<h4><\/h4>\n<h4><em><b>No. 6653<\/b><\/em><\/h4>","protected":false},"excerpt":{"rendered":"<p>Kieliszek do wina typu R\u00f6mer, prawdopodobnie wykonany przez renomowan\u0105 Hut\u0119 J\u00f3zefina w czasach PRL-u, wykonany z wysokiej jako\u015bci szk\u0142a kryszta\u0142owego. Kieliszek posiada malinow\u0105, dwuwarstwow\u0105 czar\u0119 z r\u0119cznie szlifowanym, ozdobnym wzorem gwiazd i wachlarzy , smuk\u0142\u0105 i fasetowana n\u00f3\u017ck\u0119 oraz ozdobn\u0105 podstaw\u0119 z precyzyjnym szlifem. Wymiary Wysoko\u015b\u0107: 20cm. \u015arednica g\u00f3rna: 6,5cm. \u015arednica podstawy: 8cm. Poj: 180ml. [&hellip;]<\/p>\n","protected":false},"featured_media":61124,"template":"","meta":{"_seopress_robots_primary_cat":"","_seopress_titles_title":"","_seopress_titles_desc":"","_seopress_robots_index":"","site-sidebar-layout":"default","site-content-layout":"","ast-site-content-layout":"default","site-content-style":"default","site-sidebar-style":"default","ast-global-header-display":"","ast-banner-title-visibility":"","ast-main-header-display":"","ast-hfb-above-header-display":"","ast-hfb-below-header-display":"","ast-hfb-mobile-header-display":"","site-post-title":"","ast-breadcrumbs-content":"","ast-featured-img":"","footer-sml-layout":"","ast-disable-related-posts":"","theme-transparent-header-meta":"","adv-header-id-meta":"","stick-header-meta":"","header-above-stick-meta":"","header-main-stick-meta":"","header-below-stick-meta":"","astra-migrate-meta-layouts":"default","ast-page-background-enabled":"default","ast-page-background-meta":{"desktop":{"background-color":"var(--ast-global-color-4)","background-image":"","background-repeat":"repeat","background-position":"center center","background-size":"auto","background-attachment":"scroll","background-type":"","background-media":"","overlay-type":"","overlay-color":"","overlay-opacity":"","overlay-gradient":""},"tablet":{"background-color":"","background-image":"","background-repeat":"repeat","background-position":"center center","background-size":"auto","background-attachment":"scroll","background-type":"","background-media":"","overlay-type":"","overlay-color":"","overlay-opacity":"","overlay-gradient":""},"mobile":{"background-color":"","background-image":"","background-repeat":"repeat","background-position":"center center","background-size":"auto","background-attachment":"scroll","background-type":"","background-media":"","overlay-type":"","overlay-color":"","overlay-opacity":"","overlay-gradient":""}},"ast-content-background-meta":{"desktop":{"background-color":"var(--ast-global-color-5)","background-image":"","background-repeat":"repeat","background-position":"center center","background-size":"auto","background-attachment":"scroll","background-type":"","background-media":"","overlay-type":"","overlay-color":"","overlay-opacity":"","overlay-gradient":""},"tablet":{"background-color":"var(--ast-global-color-5)","background-image":"","background-repeat":"repeat","background-position":"center center","background-size":"auto","background-attachment":"scroll","background-type":"","background-media":"","overlay-type":"","overlay-color":"","overlay-opacity":"","overlay-gradient":""},"mobile":{"background-color":"var(--ast-global-color-5)","background-image":"","background-repeat":"repeat","background-position":"center center","background-size":"auto","background-attachment":"scroll","background-type":"","background-media":"","overlay-type":"","overlay-color":"","overlay-opacity":"","overlay-gradient":""}}},"product_brand":[],"product_cat":[53,24],"product_tag":[],"class_list":{"0":"post-61123","1":"product","2":"type-product","3":"status-publish","4":"has-post-thumbnail","6":"product_cat-kieliszki","7":"product_cat-kuchnia","8":"desktop-align-left","9":"tablet-align-left","10":"mobile-align-left","11":"ast-product-gallery-layout-vertical-slider","12":"ast-product-gallery-with-no-image","13":"ast-product-tabs-layout-horizontal","14":"ast-qv-on-image","16":"first","17":"instock","18":"shipping-taxable","19":"product-type-simple"},"_links":{"self":[{"href":"https:\/\/antart.com.pl\/en\/wp-json\/wp\/v2\/product\/61123","targetHints":{"allow":["GET"]}}],"collection":[{"href":"https:\/\/antart.com.pl\/en\/wp-json\/wp\/v2\/product"}],"about":[{"href":"https:\/\/antart.com.pl\/en\/wp-json\/wp\/v2\/types\/product"}],"wp:featuredmedia":[{"embeddable":true,"href":"https:\/\/antart.com.pl\/en\/wp-json\/wp\/v2\/media\/61124"}],"wp:attachment":[{"href":"https:\/\/antart.com.pl\/en\/wp-json\/wp\/v2\/media?parent=61123"}],"wp:term":[{"taxonomy":"product_brand","embeddable":true,"href":"https:\/\/antart.com.pl\/en\/wp-json\/wp\/v2\/product_brand?post=61123"},{"taxonomy":"product_cat","embeddable":true,"href":"https:\/\/antart.com.pl\/en\/wp-json\/wp\/v2\/product_cat?post=61123"},{"taxonomy":"product_tag","embeddable":true,"href":"https:\/\/antart.com.pl\/en\/wp-json\/wp\/v2\/product_tag?post=61123"}],"curies":[{"name":"wp","href":"https:\/\/api.w.org\/{rel}","templated":true}]}}