{"id":61405,"date":"2026-01-22T14:37:57","date_gmt":"2026-01-22T13:37:57","guid":{"rendered":"https:\/\/antart.com.pl\/?post_type=product&#038;p=61405"},"modified":"2026-01-22T14:37:59","modified_gmt":"2026-01-22T13:37:59","slug":"drewniany-uchwyt-scienny-na-rolke-papieru-vintage","status":"publish","type":"product","link":"https:\/\/antart.com.pl\/en\/produkt\/drewniany-uchwyt-scienny-na-rolke-papieru-vintage\/","title":{"rendered":"Vintage wooden wall mount for paper roll"},"content":{"rendered":"<h4 style=\"text-align: center;\"><em><b>Uchwyt \u015bcienny na rolk\u0119 papieru w stylu Vintage, pochodz\u0105cy z po\u0142owy XX wieku. Konstrukcja sk\u0142ada si\u0119 z drewnianego stela\u017ca, na kt\u00f3rym zamontowana jest rolka papieru oraz metalowa listwa u\u0142atwiaj\u0105ca odrywanie notatek. Uchwyt wykonany w formie dekoracyjnej figurki z do\u0142\u0105czonym o\u0142\u00f3wkiem na \u0142a\u0144cuszku.<\/b><\/em><\/h4>\n<h4><\/h4>\n<h4><em><b>Dimensions<\/b><\/em><\/h4>\n<ul>\n<li>\n<h4><em><b>Length: 23cm.<\/b><\/em><\/h4>\n<\/li>\n<li>\n<h4><em><b>Width: 8cm.<\/b><\/em><\/h4>\n<\/li>\n<li>\n<h4><em><b>D\u0142ugo\u015b\u0107 \u0142a\u0144cuszka: 26cm<\/b><\/em><\/h4>\n<\/li>\n<\/ul>\n<h4 style=\"text-align: center;\"><em><b>The photos show the actual state of the object<\/b><\/em><\/h4>\n<h4 style=\"text-align: center;\"><em><b>Additional photos upon request<\/b><\/em><\/h4>\n<h4 style=\"text-align: center;\"><em><b>All our items on display are available in our warehouse.<\/b><\/em><\/h4>\n<h4 style=\"text-align: center;\"><em><b>Can be viewed by appointment.<\/b><\/em><\/h4>\n<h4><\/h4>\n<h4><em><b>N<\/b><\/em><em><b>r. 6681<\/b><\/em><\/h4>","protected":false},"excerpt":{"rendered":"<p>Uchwyt \u015bcienny na rolk\u0119 papieru w stylu Vintage, pochodz\u0105cy z po\u0142owy XX wieku. Konstrukcja sk\u0142ada si\u0119 z drewnianego stela\u017ca, na kt\u00f3rym zamontowana jest rolka papieru oraz metalowa listwa u\u0142atwiaj\u0105ca odrywanie notatek. Uchwyt wykonany w formie dekoracyjnej figurki z do\u0142\u0105czonym o\u0142\u00f3wkiem na \u0142a\u0144cuszku. Wymiary D\u0142ugo\u015b\u0107: 23cm. Szeroko\u015b\u0107: 8cm. D\u0142ugo\u015b\u0107 \u0142a\u0144cuszka: 26cm Zdj\u0119cia przedstawiaj\u0105 stan faktyczny przedmiotu [&hellip;]<\/p>\n","protected":false},"featured_media":61407,"template":"","meta":{"_seopress_robots_primary_cat":"","_seopress_titles_title":"","_seopress_titles_desc":"","_seopress_robots_index":"","site-sidebar-layout":"default","site-content-layout":"","ast-site-content-layout":"default","site-content-style":"default","site-sidebar-style":"default","ast-global-header-display":"","ast-banner-title-visibility":"","ast-main-header-display":"","ast-hfb-above-header-display":"","ast-hfb-below-header-display":"","ast-hfb-mobile-header-display":"","site-post-title":"","ast-breadcrumbs-content":"","ast-featured-img":"","footer-sml-layout":"","ast-disable-related-posts":"","theme-transparent-header-meta":"default","adv-header-id-meta":"","stick-header-meta":"default","header-above-stick-meta":"","header-main-stick-meta":"","header-below-stick-meta":"","astra-migrate-meta-layouts":"set","ast-page-background-enabled":"default","ast-page-background-meta":{"desktop":{"background-color":"var(--ast-global-color-4)","background-image":"","background-repeat":"repeat","background-position":"center center","background-size":"auto","background-attachment":"scroll","background-type":"","background-media":"","overlay-type":"","overlay-color":"","overlay-opacity":"","overlay-gradient":""},"tablet":{"background-color":"","background-image":"","background-repeat":"repeat","background-position":"center center","background-size":"auto","background-attachment":"scroll","background-type":"","background-media":"","overlay-type":"","overlay-color":"","overlay-opacity":"","overlay-gradient":""},"mobile":{"background-color":"","background-image":"","background-repeat":"repeat","background-position":"center center","background-size":"auto","background-attachment":"scroll","background-type":"","background-media":"","overlay-type":"","overlay-color":"","overlay-opacity":"","overlay-gradient":""}},"ast-content-background-meta":{"desktop":{"background-color":"var(--ast-global-color-5)","background-image":"","background-repeat":"repeat","background-position":"center center","background-size":"auto","background-attachment":"scroll","background-type":"","background-media":"","overlay-type":"","overlay-color":"","overlay-opacity":"","overlay-gradient":""},"tablet":{"background-color":"var(--ast-global-color-5)","background-image":"","background-repeat":"repeat","background-position":"center center","background-size":"auto","background-attachment":"scroll","background-type":"","background-media":"","overlay-type":"","overlay-color":"","overlay-opacity":"","overlay-gradient":""},"mobile":{"background-color":"var(--ast-global-color-5)","background-image":"","background-repeat":"repeat","background-position":"center center","background-size":"auto","background-attachment":"scroll","background-type":"","background-media":"","overlay-type":"","overlay-color":"","overlay-opacity":"","overlay-gradient":""}}},"product_brand":[],"product_cat":[27,24,45,100],"product_tag":[],"class_list":{"0":"post-61405","1":"product","2":"type-product","3":"status-publish","4":"has-post-thumbnail","6":"product_cat-dekoracyjne","7":"product_cat-kuchnia","8":"product_cat-pozostale-dekoracyjne","9":"product_cat-pozostale-kuchnia","10":"product_shipping_class-wysylka-19zl","11":"desktop-align-left","12":"tablet-align-left","13":"mobile-align-left","14":"ast-product-gallery-layout-vertical-slider","15":"ast-product-tabs-layout-horizontal","16":"ast-qv-on-image","18":"first","19":"instock","20":"sold-individually","21":"shipping-taxable","22":"purchasable","23":"product-type-simple"},"_links":{"self":[{"href":"https:\/\/antart.com.pl\/en\/wp-json\/wp\/v2\/product\/61405","targetHints":{"allow":["GET"]}}],"collection":[{"href":"https:\/\/antart.com.pl\/en\/wp-json\/wp\/v2\/product"}],"about":[{"href":"https:\/\/antart.com.pl\/en\/wp-json\/wp\/v2\/types\/product"}],"wp:featuredmedia":[{"embeddable":true,"href":"https:\/\/antart.com.pl\/en\/wp-json\/wp\/v2\/media\/61407"}],"wp:attachment":[{"href":"https:\/\/antart.com.pl\/en\/wp-json\/wp\/v2\/media?parent=61405"}],"wp:term":[{"taxonomy":"product_brand","embeddable":true,"href":"https:\/\/antart.com.pl\/en\/wp-json\/wp\/v2\/product_brand?post=61405"},{"taxonomy":"product_cat","embeddable":true,"href":"https:\/\/antart.com.pl\/en\/wp-json\/wp\/v2\/product_cat?post=61405"},{"taxonomy":"product_tag","embeddable":true,"href":"https:\/\/antart.com.pl\/en\/wp-json\/wp\/v2\/product_tag?post=61405"}],"curies":[{"name":"wp","href":"https:\/\/api.w.org\/{rel}","templated":true}]}}