{"id":61538,"date":"2026-01-26T10:36:17","date_gmt":"2026-01-26T09:36:17","guid":{"rendered":"https:\/\/antart.com.pl\/?post_type=product&#038;p=61538"},"modified":"2026-01-23T14:04:10","modified_gmt":"2026-01-23T13:04:10","slug":"antique-marble-bedside-cabinet-by-ludwig-philip","status":"publish","type":"product","link":"https:\/\/antart.com.pl\/en\/produkt\/antyczna-szafka-nocna-z-marmurem-ludwika-filipa\/","title":{"rendered":"Antique Louis Philippe marble bedside cabinet"},"content":{"rendered":"<h4 style=\"text-align: center;\"><em><b>Antique Louis Philippe marble bedside cabinet.<\/b><\/em><\/h4>\n<h4 style=\"text-align: center;\"><em>A stylish marble bedside table in the Louis Philippe style. Made from high quality materials, it has a solid construction and an elegant design. It is ideal as an addition to a bedroom or living room, adding a unique touch to the interior<\/em><\/h4>\n<h4 style=\"text-align: center;\"><em>The cabinet has a marble cabinet upholstered in wood.<\/em><\/h4>\n<h4><em>I have 2 cabinets.<\/em><\/h4>\n<h4><em>The price is for 1 piece.<\/em><\/h4>\n<h4><em>One cabinet has a marble top underlaid.\u00a0<\/em><\/h4>\n<h4><\/h4>\n<h4><em><b>Dimensions:<\/b><\/em><\/h4>\n<ul>\n<li>\n<h4><em>length: 38.5cm<\/em><\/h4>\n<\/li>\n<li>\n<h4><em>depth: 38.5cm<\/em><\/h4>\n<\/li>\n<li>\n<h4><em>height: 82cm<\/em><\/h4>\n<\/li>\n<\/ul>\n<h4><\/h4>\n<h4 style=\"text-align: center;\"><em><b>The photos show the actual condition of the item.<\/b><\/em><\/h4>\n<h4><\/h4>\n<h4><em><b>NO. ART 10679<\/b><\/em><\/h4>","protected":false},"excerpt":{"rendered":"<p>Antyczna szafka nocna z marmurem Ludwika Filipa. Stylowy, marmurowy stolik nocny w stylu Louis Philippe. Wykonany z wysokiej jako\u015bci materia\u0142\u00f3w, posiada solidn\u0105 konstrukcj\u0119 i elegancki wygl\u0105d. Idealnie sprawdzi si\u0119 jako dodatek do sypialni lub salonu, nadaj\u0105c wn\u0119trzu wyj\u0105tkowy charakter Szafka posiada szafk\u0119 marmurow\u0105 obit\u0105 drewnem. Poosiadam 2 szafki. Cena dotyczy 1 sztuki. Jedna szafka posiada [&hellip;]<\/p>\n","protected":false},"featured_media":61514,"template":"","meta":{"_seopress_robots_primary_cat":"none","_seopress_titles_title":"","_seopress_titles_desc":"","_seopress_robots_index":"","site-sidebar-layout":"default","site-content-layout":"","ast-site-content-layout":"default","site-content-style":"default","site-sidebar-style":"default","ast-global-header-display":"","ast-banner-title-visibility":"","ast-main-header-display":"","ast-hfb-above-header-display":"","ast-hfb-below-header-display":"","ast-hfb-mobile-header-display":"","site-post-title":"","ast-breadcrumbs-content":"","ast-featured-img":"","footer-sml-layout":"","ast-disable-related-posts":"","theme-transparent-header-meta":"default","adv-header-id-meta":"","stick-header-meta":"default","header-above-stick-meta":"","header-main-stick-meta":"","header-below-stick-meta":"","astra-migrate-meta-layouts":"set","ast-page-background-enabled":"default","ast-page-background-meta":{"desktop":{"background-color":"var(--ast-global-color-4)","background-image":"","background-repeat":"repeat","background-position":"center center","background-size":"auto","background-attachment":"scroll","background-type":"","background-media":"","overlay-type":"","overlay-color":"","overlay-opacity":"","overlay-gradient":""},"tablet":{"background-color":"","background-image":"","background-repeat":"repeat","background-position":"center center","background-size":"auto","background-attachment":"scroll","background-type":"","background-media":"","overlay-type":"","overlay-color":"","overlay-opacity":"","overlay-gradient":""},"mobile":{"background-color":"","background-image":"","background-repeat":"repeat","background-position":"center center","background-size":"auto","background-attachment":"scroll","background-type":"","background-media":"","overlay-type":"","overlay-color":"","overlay-opacity":"","overlay-gradient":""}},"ast-content-background-meta":{"desktop":{"background-color":"var(--ast-global-color-5)","background-image":"","background-repeat":"repeat","background-position":"center center","background-size":"auto","background-attachment":"scroll","background-type":"","background-media":"","overlay-type":"","overlay-color":"","overlay-opacity":"","overlay-gradient":""},"tablet":{"background-color":"var(--ast-global-color-5)","background-image":"","background-repeat":"repeat","background-position":"center center","background-size":"auto","background-attachment":"scroll","background-type":"","background-media":"","overlay-type":"","overlay-color":"","overlay-opacity":"","overlay-gradient":""},"mobile":{"background-color":"var(--ast-global-color-5)","background-image":"","background-repeat":"repeat","background-position":"center center","background-size":"auto","background-attachment":"scroll","background-type":"","background-media":"","overlay-type":"","overlay-color":"","overlay-opacity":"","overlay-gradient":""}}},"product_brand":[],"product_cat":[32,38],"product_tag":[],"class_list":{"0":"post-61538","1":"product","2":"type-product","3":"status-publish","4":"has-post-thumbnail","6":"product_cat-meble","7":"product_cat-szafy-szafki","8":"product_shipping_class-wysylka-80zl","9":"desktop-align-left","10":"tablet-align-left","11":"mobile-align-left","12":"ast-product-gallery-layout-vertical-slider","13":"ast-product-tabs-layout-horizontal","14":"ast-qv-on-image","16":"first","17":"instock","18":"shipping-taxable","19":"purchasable","20":"product-type-simple"},"_links":{"self":[{"href":"https:\/\/antart.com.pl\/en\/wp-json\/wp\/v2\/product\/61538","targetHints":{"allow":["GET"]}}],"collection":[{"href":"https:\/\/antart.com.pl\/en\/wp-json\/wp\/v2\/product"}],"about":[{"href":"https:\/\/antart.com.pl\/en\/wp-json\/wp\/v2\/types\/product"}],"wp:featuredmedia":[{"embeddable":true,"href":"https:\/\/antart.com.pl\/en\/wp-json\/wp\/v2\/media\/61514"}],"wp:attachment":[{"href":"https:\/\/antart.com.pl\/en\/wp-json\/wp\/v2\/media?parent=61538"}],"wp:term":[{"taxonomy":"product_brand","embeddable":true,"href":"https:\/\/antart.com.pl\/en\/wp-json\/wp\/v2\/product_brand?post=61538"},{"taxonomy":"product_cat","embeddable":true,"href":"https:\/\/antart.com.pl\/en\/wp-json\/wp\/v2\/product_cat?post=61538"},{"taxonomy":"product_tag","embeddable":true,"href":"https:\/\/antart.com.pl\/en\/wp-json\/wp\/v2\/product_tag?post=61538"}],"curies":[{"name":"wp","href":"https:\/\/api.w.org\/{rel}","templated":true}]}}