{"id":61541,"date":"2026-01-26T10:57:15","date_gmt":"2026-01-26T09:57:15","guid":{"rendered":"https:\/\/antart.com.pl\/?post_type=product&#038;p=61541"},"modified":"2026-01-23T11:18:50","modified_gmt":"2026-01-23T10:18:50","slug":"biblioteczka-regal-na-ksiazki-antyczny-w-mahoniu","status":"publish","type":"product","link":"https:\/\/antart.com.pl\/en\/produkt\/biblioteczka-regal-na-ksiazki-antyczny-w-mahoniu\/","title":{"rendered":"Bookcase, antique bookcase in mahogany"},"content":{"rendered":"<h4 style=\"text-align: center;\"><em><strong>Bookcase, antique bookcase in mahogany<\/strong><\/em><\/h4>\n<h4 style=\"text-align: center;\"><em><strong>Stylowy, zabytkowy rega\u0142 wykonany z drewna mahoniowego. Mebel posiada solidn\u0105 konstrukcj\u0119 i charakterystyczny, rustykalny wygl\u0105d, kt\u00f3ry doskonale wpisuje si\u0119 w aran\u017cacj\u0119 wn\u0119trz w stylu vintage lub rustykalnym. Rega\u0142 mo\u017ce s\u0142u\u017cy\u0107 jako praktyczna szafka na ksi\u0105\u017cki lub dekoracyjny element wyposa\u017cenia.<\/strong><\/em><\/h4>\n<h4 style=\"text-align: center;\"><em><strong>Brakuje p\u00f3\u0142ek oraz tylna cz\u0119\u015b\u0107 \u015bciany do wymiany.<\/strong><\/em><\/h4>\n<h4><em><strong>Dimensions:<\/strong><\/em><\/h4>\n<ul>\n<li>\n<h4><em><strong>height: 63 cm<\/strong><\/em><\/h4>\n<\/li>\n<li>\n<h4><em><strong>width: 63 cm<\/strong><\/em><\/h4>\n<\/li>\n<li>\n<h4><em><strong>depth: 33.5 cm<\/strong><\/em><\/h4>\n<\/li>\n<\/ul>\n<h4 style=\"text-align: center;\"><em><strong>The photos show the actual condition of the item.<\/strong><\/em><\/h4>\n<h4><em><strong>nr. art. 10678<\/strong><\/em><\/h4>","protected":false},"excerpt":{"rendered":"<p>Biblioteczka, rega\u0142 na ksi\u0105\u017cki antyczny w mahoniu Stylowy, zabytkowy rega\u0142 wykonany z drewna mahoniowego. Mebel posiada solidn\u0105 konstrukcj\u0119 i charakterystyczny, rustykalny wygl\u0105d, kt\u00f3ry doskonale wpisuje si\u0119 w aran\u017cacj\u0119 wn\u0119trz w stylu vintage lub rustykalnym. Rega\u0142 mo\u017ce s\u0142u\u017cy\u0107 jako praktyczna szafka na ksi\u0105\u017cki lub dekoracyjny element wyposa\u017cenia. Brakuje p\u00f3\u0142ek oraz tylna cz\u0119\u015b\u0107 \u015bciany do wymiany. Wymiary: [&hellip;]<\/p>\n","protected":false},"featured_media":61545,"template":"","meta":{"_seopress_robots_primary_cat":"","_seopress_titles_title":"","_seopress_titles_desc":"","_seopress_robots_index":"","site-sidebar-layout":"default","site-content-layout":"","ast-site-content-layout":"default","site-content-style":"default","site-sidebar-style":"default","ast-global-header-display":"","ast-banner-title-visibility":"","ast-main-header-display":"","ast-hfb-above-header-display":"","ast-hfb-below-header-display":"","ast-hfb-mobile-header-display":"","site-post-title":"","ast-breadcrumbs-content":"","ast-featured-img":"","footer-sml-layout":"","ast-disable-related-posts":"","theme-transparent-header-meta":"default","adv-header-id-meta":"","stick-header-meta":"default","header-above-stick-meta":"","header-main-stick-meta":"","header-below-stick-meta":"","astra-migrate-meta-layouts":"set","ast-page-background-enabled":"default","ast-page-background-meta":{"desktop":{"background-color":"var(--ast-global-color-4)","background-image":"","background-repeat":"repeat","background-position":"center center","background-size":"auto","background-attachment":"scroll","background-type":"","background-media":"","overlay-type":"","overlay-color":"","overlay-opacity":"","overlay-gradient":""},"tablet":{"background-color":"","background-image":"","background-repeat":"repeat","background-position":"center center","background-size":"auto","background-attachment":"scroll","background-type":"","background-media":"","overlay-type":"","overlay-color":"","overlay-opacity":"","overlay-gradient":""},"mobile":{"background-color":"","background-image":"","background-repeat":"repeat","background-position":"center center","background-size":"auto","background-attachment":"scroll","background-type":"","background-media":"","overlay-type":"","overlay-color":"","overlay-opacity":"","overlay-gradient":""}},"ast-content-background-meta":{"desktop":{"background-color":"var(--ast-global-color-5)","background-image":"","background-repeat":"repeat","background-position":"center center","background-size":"auto","background-attachment":"scroll","background-type":"","background-media":"","overlay-type":"","overlay-color":"","overlay-opacity":"","overlay-gradient":""},"tablet":{"background-color":"var(--ast-global-color-5)","background-image":"","background-repeat":"repeat","background-position":"center center","background-size":"auto","background-attachment":"scroll","background-type":"","background-media":"","overlay-type":"","overlay-color":"","overlay-opacity":"","overlay-gradient":""},"mobile":{"background-color":"var(--ast-global-color-5)","background-image":"","background-repeat":"repeat","background-position":"center center","background-size":"auto","background-attachment":"scroll","background-type":"","background-media":"","overlay-type":"","overlay-color":"","overlay-opacity":"","overlay-gradient":""}}},"product_brand":[],"product_cat":[92,32,102],"product_tag":[],"class_list":{"0":"post-61541","1":"product","2":"type-product","3":"status-publish","4":"has-post-thumbnail","6":"product_cat-biblioteka","7":"product_cat-meble","8":"product_cat-regaly","9":"product_shipping_class-wysylka-80zl","10":"desktop-align-left","11":"tablet-align-left","12":"mobile-align-left","13":"ast-product-gallery-layout-vertical-slider","14":"ast-product-tabs-layout-horizontal","15":"ast-qv-on-image","17":"first","18":"instock","19":"sold-individually","20":"shipping-taxable","21":"purchasable","22":"product-type-simple"},"_links":{"self":[{"href":"https:\/\/antart.com.pl\/en\/wp-json\/wp\/v2\/product\/61541","targetHints":{"allow":["GET"]}}],"collection":[{"href":"https:\/\/antart.com.pl\/en\/wp-json\/wp\/v2\/product"}],"about":[{"href":"https:\/\/antart.com.pl\/en\/wp-json\/wp\/v2\/types\/product"}],"wp:featuredmedia":[{"embeddable":true,"href":"https:\/\/antart.com.pl\/en\/wp-json\/wp\/v2\/media\/61545"}],"wp:attachment":[{"href":"https:\/\/antart.com.pl\/en\/wp-json\/wp\/v2\/media?parent=61541"}],"wp:term":[{"taxonomy":"product_brand","embeddable":true,"href":"https:\/\/antart.com.pl\/en\/wp-json\/wp\/v2\/product_brand?post=61541"},{"taxonomy":"product_cat","embeddable":true,"href":"https:\/\/antart.com.pl\/en\/wp-json\/wp\/v2\/product_cat?post=61541"},{"taxonomy":"product_tag","embeddable":true,"href":"https:\/\/antart.com.pl\/en\/wp-json\/wp\/v2\/product_tag?post=61541"}],"curies":[{"name":"wp","href":"https:\/\/api.w.org\/{rel}","templated":true}]}}