{"id":61765,"date":"2026-01-27T12:54:25","date_gmt":"2026-01-27T11:54:25","guid":{"rendered":"https:\/\/antart.com.pl\/?post_type=product&#038;p=61765"},"modified":"2026-01-23T13:08:03","modified_gmt":"2026-01-23T12:08:03","slug":"chinese-low-coffee-table-inlaid-with-mother-of-pearl-oriental","status":"publish","type":"product","link":"https:\/\/antart.com.pl\/en\/produkt\/chinski-stolik-kawowy-niski-inkrustowany-masa-perlowa-orientalny\/","title":{"rendered":"Chinese low coffee table inlaid with mother-of-pearl Oriental"},"content":{"rendered":"<h4 style=\"text-align: center;\"><strong><em>Chinese low coffee table inlaid with mother-of-pearl Oriental<\/em><\/strong><\/h4>\n<h4 style=\"text-align: center;\"><strong><em>A stylish low coffee table in an oriental style, inlaid with shell. It has distinctive carved legs. Despite visible signs of use, it has retained its original charm and elegance. A perfect decorative piece for the living room or bedroom.<\/em><\/strong><\/h4>\n<h4 style=\"text-align: center;\"><strong><em>The tables have chipping and small losses of pearl strip.\u00a0<\/em><\/strong><\/h4>\n<h4><strong><em>Dimensions:<\/em><\/strong><\/h4>\n<ul>\n<li>\n<h4><strong><em>height: 20 cm<\/em><\/strong><\/h4>\n<\/li>\n<li>\n<h4><strong><em>width: 40 cm<\/em><\/strong><\/h4>\n<\/li>\n<li>\n<h4><strong><em>length: 59 cm<\/em><\/strong><\/h4>\n<\/li>\n<\/ul>\n<h4><strong><em>I own 2 pieces.<\/em><\/strong><\/h4>\n<h4><strong><em>The price is for 1 piece.<\/em><\/strong><\/h4>\n<h4><\/h4>\n<h4 style=\"text-align: center;\"><strong><em>The photos show the actual condition of the item.<\/em><\/strong><\/h4>\n<h4><strong><em>No.10674<\/em><\/strong><\/h4>","protected":false},"excerpt":{"rendered":"<p>Chi\u0144ski stolik kawowy niski inkrustowany mas\u0105 per\u0142ow\u0105 orientalny Stylowy, niski stolik kawowy w orientalnym stylu, inkrustowany muszl\u0105. Posiada charakterystyczne, rze\u017abione nogi. Mimo widocznych \u015blad\u00f3w u\u017cytkowania, zachowa\u0142 sw\u00f3j oryginalny urok i elegancj\u0119. Doskona\u0142y element dekoracyjny do salonu lub sypialni. Stoliki posiadaj\u0105 odpryski oraz niewielkie ubytki pasy per\u0142owej.\u00a0 Wymiary: wysoko\u015b\u0107: 20 cm szeroko\u015b\u0107: 40 cm d\u0142ugo\u015b\u0107: 59 [&hellip;]<\/p>\n","protected":false},"featured_media":61652,"template":"","meta":{"_seopress_robots_primary_cat":"none","_seopress_titles_title":"","_seopress_titles_desc":"","_seopress_robots_index":"","site-sidebar-layout":"default","site-content-layout":"","ast-site-content-layout":"default","site-content-style":"default","site-sidebar-style":"default","ast-global-header-display":"","ast-banner-title-visibility":"","ast-main-header-display":"","ast-hfb-above-header-display":"","ast-hfb-below-header-display":"","ast-hfb-mobile-header-display":"","site-post-title":"","ast-breadcrumbs-content":"","ast-featured-img":"","footer-sml-layout":"","ast-disable-related-posts":"","theme-transparent-header-meta":"default","adv-header-id-meta":"","stick-header-meta":"default","header-above-stick-meta":"","header-main-stick-meta":"","header-below-stick-meta":"","astra-migrate-meta-layouts":"set","ast-page-background-enabled":"default","ast-page-background-meta":{"desktop":{"background-color":"var(--ast-global-color-4)","background-image":"","background-repeat":"repeat","background-position":"center center","background-size":"auto","background-attachment":"scroll","background-type":"","background-media":"","overlay-type":"","overlay-color":"","overlay-opacity":"","overlay-gradient":""},"tablet":{"background-color":"","background-image":"","background-repeat":"repeat","background-position":"center center","background-size":"auto","background-attachment":"scroll","background-type":"","background-media":"","overlay-type":"","overlay-color":"","overlay-opacity":"","overlay-gradient":""},"mobile":{"background-color":"","background-image":"","background-repeat":"repeat","background-position":"center center","background-size":"auto","background-attachment":"scroll","background-type":"","background-media":"","overlay-type":"","overlay-color":"","overlay-opacity":"","overlay-gradient":""}},"ast-content-background-meta":{"desktop":{"background-color":"var(--ast-global-color-5)","background-image":"","background-repeat":"repeat","background-position":"center center","background-size":"auto","background-attachment":"scroll","background-type":"","background-media":"","overlay-type":"","overlay-color":"","overlay-opacity":"","overlay-gradient":""},"tablet":{"background-color":"var(--ast-global-color-5)","background-image":"","background-repeat":"repeat","background-position":"center center","background-size":"auto","background-attachment":"scroll","background-type":"","background-media":"","overlay-type":"","overlay-color":"","overlay-opacity":"","overlay-gradient":""},"mobile":{"background-color":"var(--ast-global-color-5)","background-image":"","background-repeat":"repeat","background-position":"center center","background-size":"auto","background-attachment":"scroll","background-type":"","background-media":"","overlay-type":"","overlay-color":"","overlay-opacity":"","overlay-gradient":""}}},"product_brand":[],"product_cat":[32,33],"product_tag":[],"class_list":{"0":"post-61765","1":"product","2":"type-product","3":"status-publish","4":"has-post-thumbnail","6":"product_cat-meble","7":"product_cat-stoly-stoliki","8":"product_shipping_class-wysylka-40zl","9":"desktop-align-left","10":"tablet-align-left","11":"mobile-align-left","12":"ast-product-gallery-layout-vertical-slider","13":"ast-product-tabs-layout-horizontal","14":"ast-qv-on-image","16":"first","17":"instock","18":"shipping-taxable","19":"purchasable","20":"product-type-simple"},"_links":{"self":[{"href":"https:\/\/antart.com.pl\/en\/wp-json\/wp\/v2\/product\/61765","targetHints":{"allow":["GET"]}}],"collection":[{"href":"https:\/\/antart.com.pl\/en\/wp-json\/wp\/v2\/product"}],"about":[{"href":"https:\/\/antart.com.pl\/en\/wp-json\/wp\/v2\/types\/product"}],"wp:featuredmedia":[{"embeddable":true,"href":"https:\/\/antart.com.pl\/en\/wp-json\/wp\/v2\/media\/61652"}],"wp:attachment":[{"href":"https:\/\/antart.com.pl\/en\/wp-json\/wp\/v2\/media?parent=61765"}],"wp:term":[{"taxonomy":"product_brand","embeddable":true,"href":"https:\/\/antart.com.pl\/en\/wp-json\/wp\/v2\/product_brand?post=61765"},{"taxonomy":"product_cat","embeddable":true,"href":"https:\/\/antart.com.pl\/en\/wp-json\/wp\/v2\/product_cat?post=61765"},{"taxonomy":"product_tag","embeddable":true,"href":"https:\/\/antart.com.pl\/en\/wp-json\/wp\/v2\/product_tag?post=61765"}],"curies":[{"name":"wp","href":"https:\/\/api.w.org\/{rel}","templated":true}]}}