{"id":61774,"date":"2026-01-28T13:24:50","date_gmt":"2026-01-28T12:24:50","guid":{"rendered":"https:\/\/antart.com.pl\/?post_type=product&#038;p=61774"},"modified":"2026-01-23T13:41:41","modified_gmt":"2026-01-23T12:41:41","slug":"stylish-solid-teak-cabinet-mid-century-dungeon-design","status":"publish","type":"product","link":"https:\/\/antart.com.pl\/en\/produkt\/stylowa-szafka-z-litego-drewna-tekowego-mid-century-dunskiego-designe\/","title":{"rendered":"Stylish solid teak cabinet mid-century Danish design"},"content":{"rendered":"<h4 style=\"text-align: center;\"><em><strong>Stylish solid teak cabinet mid-century Danish design<\/strong><\/em><\/h4>\n<h4 style=\"text-align: center;\"><em><strong>A stylish Scandinavian wooden cabinet in teak. A 1960s piece of furniture, in good condition. It has two lockable cabinets for extra storage space. Ideal for a modern or retro interior.<\/strong><\/em><\/h4>\n<h4 style=\"text-align: center;\"><em><strong>The cabinet on the side at the back has a splinter.<\/strong><\/em><\/h4>\n<h4><em><strong>Dimensions:<\/strong><\/em><\/h4>\n<ul>\n<li>\n<h4><em><strong>length: 106cm<\/strong><\/em><\/h4>\n<\/li>\n<li>\n<h4><em><strong>depth: 46cm<\/strong><\/em><\/h4>\n<\/li>\n<li>\n<h4><em><strong>height: 50cm<\/strong><\/em><\/h4>\n<\/li>\n<\/ul>\n<h4 style=\"text-align: center;\"><em><strong>The photos show the actual state of the object<\/strong><\/em><\/h4>\n<h4><em><strong>NO. ART 10671<\/strong><\/em><\/h4>","protected":false},"excerpt":{"rendered":"<p>Stylowa szafka z litego drewna tekowego mid-century du\u0144skiego designe Stylowy, skandynawski, drewniana szafka z teku. Mebel z lat 60. XX wieku, w dobrym stanie. Posiada dwie zamykane szafki, kt\u00f3re zapewniaj\u0105 dodatkow\u0105 przestrze\u0144 do przechowywania. Idealny do nowoczesnego lub retro wn\u0119trza. Szafka z boku na tyle posiada odprysk. Wymiary: d\u0142ugo\u015b\u0107: 106cm g\u0142\u0119boko\u015b\u0107: 46cm wysoko\u015b\u0107: 50cm Zdj\u0119cia [&hellip;]<\/p>\n","protected":false},"featured_media":61694,"template":"","meta":{"_seopress_robots_primary_cat":"","_seopress_titles_title":"","_seopress_titles_desc":"","_seopress_robots_index":"","site-sidebar-layout":"default","site-content-layout":"","ast-site-content-layout":"default","site-content-style":"default","site-sidebar-style":"default","ast-global-header-display":"","ast-banner-title-visibility":"","ast-main-header-display":"","ast-hfb-above-header-display":"","ast-hfb-below-header-display":"","ast-hfb-mobile-header-display":"","site-post-title":"","ast-breadcrumbs-content":"","ast-featured-img":"","footer-sml-layout":"","ast-disable-related-posts":"","theme-transparent-header-meta":"default","adv-header-id-meta":"","stick-header-meta":"default","header-above-stick-meta":"","header-main-stick-meta":"","header-below-stick-meta":"","astra-migrate-meta-layouts":"set","ast-page-background-enabled":"default","ast-page-background-meta":{"desktop":{"background-color":"var(--ast-global-color-4)","background-image":"","background-repeat":"repeat","background-position":"center center","background-size":"auto","background-attachment":"scroll","background-type":"","background-media":"","overlay-type":"","overlay-color":"","overlay-opacity":"","overlay-gradient":""},"tablet":{"background-color":"","background-image":"","background-repeat":"repeat","background-position":"center center","background-size":"auto","background-attachment":"scroll","background-type":"","background-media":"","overlay-type":"","overlay-color":"","overlay-opacity":"","overlay-gradient":""},"mobile":{"background-color":"","background-image":"","background-repeat":"repeat","background-position":"center center","background-size":"auto","background-attachment":"scroll","background-type":"","background-media":"","overlay-type":"","overlay-color":"","overlay-opacity":"","overlay-gradient":""}},"ast-content-background-meta":{"desktop":{"background-color":"var(--ast-global-color-5)","background-image":"","background-repeat":"repeat","background-position":"center center","background-size":"auto","background-attachment":"scroll","background-type":"","background-media":"","overlay-type":"","overlay-color":"","overlay-opacity":"","overlay-gradient":""},"tablet":{"background-color":"var(--ast-global-color-5)","background-image":"","background-repeat":"repeat","background-position":"center center","background-size":"auto","background-attachment":"scroll","background-type":"","background-media":"","overlay-type":"","overlay-color":"","overlay-opacity":"","overlay-gradient":""},"mobile":{"background-color":"var(--ast-global-color-5)","background-image":"","background-repeat":"repeat","background-position":"center center","background-size":"auto","background-attachment":"scroll","background-type":"","background-media":"","overlay-type":"","overlay-color":"","overlay-opacity":"","overlay-gradient":""}}},"product_brand":[],"product_cat":[32,38],"product_tag":[],"class_list":{"0":"post-61774","1":"product","2":"type-product","3":"status-publish","4":"has-post-thumbnail","6":"product_cat-meble","7":"product_cat-szafy-szafki","8":"product_shipping_class-wysylka-120zl","9":"desktop-align-left","10":"tablet-align-left","11":"mobile-align-left","12":"ast-product-gallery-layout-vertical-slider","13":"ast-product-tabs-layout-horizontal","14":"ast-qv-on-image","16":"first","17":"instock","18":"sold-individually","19":"shipping-taxable","20":"purchasable","21":"product-type-simple"},"_links":{"self":[{"href":"https:\/\/antart.com.pl\/en\/wp-json\/wp\/v2\/product\/61774","targetHints":{"allow":["GET"]}}],"collection":[{"href":"https:\/\/antart.com.pl\/en\/wp-json\/wp\/v2\/product"}],"about":[{"href":"https:\/\/antart.com.pl\/en\/wp-json\/wp\/v2\/types\/product"}],"wp:featuredmedia":[{"embeddable":true,"href":"https:\/\/antart.com.pl\/en\/wp-json\/wp\/v2\/media\/61694"}],"wp:attachment":[{"href":"https:\/\/antart.com.pl\/en\/wp-json\/wp\/v2\/media?parent=61774"}],"wp:term":[{"taxonomy":"product_brand","embeddable":true,"href":"https:\/\/antart.com.pl\/en\/wp-json\/wp\/v2\/product_brand?post=61774"},{"taxonomy":"product_cat","embeddable":true,"href":"https:\/\/antart.com.pl\/en\/wp-json\/wp\/v2\/product_cat?post=61774"},{"taxonomy":"product_tag","embeddable":true,"href":"https:\/\/antart.com.pl\/en\/wp-json\/wp\/v2\/product_tag?post=61774"}],"curies":[{"name":"wp","href":"https:\/\/api.w.org\/{rel}","templated":true}]}}