{"id":61786,"date":"2026-01-29T14:11:54","date_gmt":"2026-01-29T13:11:54","guid":{"rendered":"https:\/\/antart.com.pl\/?post_type=product&#038;p=61786"},"modified":"2026-01-23T14:18:47","modified_gmt":"2026-01-23T13:18:47","slug":"szafka-waska-z-litego-drewna-debowego-rzezbiona","status":"publish","type":"product","link":"https:\/\/antart.com.pl\/en\/produkt\/szafka-waska-z-litego-drewna-debowego-rzezbiona\/","title":{"rendered":"Carved solid oak narrow cabinet"},"content":{"rendered":"<h5 style=\"text-align: center;\"><strong><em>Carved solid oak narrow cabinet<\/em><\/strong><\/h5>\n<h5 style=\"text-align: center;\"><strong><em>Solidna, r\u0119cznie rze\u017abiona, drewniana szafka z litego d\u0119bu. Posiada trzy otwarte p\u00f3\u0142ki, kt\u00f3re mog\u0105 s\u0142u\u017cy\u0107 do przechowywania r\u00f3\u017cnych przedmiot\u00f3w. Szafka ma elegancki, zabytkowy wygl\u0105d, kt\u00f3ry pasuje do wielu styl\u00f3w wn\u0119trz.<\/em><\/strong><\/h5>\n<h5><strong><em>Dimensions:<\/em><\/strong><\/h5>\n<ul>\n<li>\n<h5><strong><em>height: 92 cm<\/em><\/strong><\/h5>\n<\/li>\n<li>\n<h5><strong><em>szeroko\u015b\u0107: 35,5cm<\/em><\/strong><\/h5>\n<\/li>\n<li>\n<h5><strong><em>depth: 33 cm<\/em><\/strong><\/h5>\n<\/li>\n<\/ul>\n<h5 style=\"text-align: center;\"><strong><em>The photos show the actual state of the object<\/em><\/strong><\/h5>\n<h5><strong><em>NR. ART 10667<\/em><\/strong><\/h5>","protected":false},"excerpt":{"rendered":"<p>Szafka w\u0105ska z litego drewna d\u0119bowego rze\u017abiona Solidna, r\u0119cznie rze\u017abiona, drewniana szafka z litego d\u0119bu. Posiada trzy otwarte p\u00f3\u0142ki, kt\u00f3re mog\u0105 s\u0142u\u017cy\u0107 do przechowywania r\u00f3\u017cnych przedmiot\u00f3w. Szafka ma elegancki, zabytkowy wygl\u0105d, kt\u00f3ry pasuje do wielu styl\u00f3w wn\u0119trz. Wymiary: wysoko\u015b\u0107: 92 cm szeroko\u015b\u0107: 35,5cm g\u0142\u0119boko\u015b\u0107: 33 cm Zdj\u0119cia przedstawiaj\u0105 stan faktyczny przedmiotu NR. ART 10667<\/p>","protected":false},"featured_media":61752,"template":"","meta":{"_seopress_robots_primary_cat":"none","_seopress_titles_title":"","_seopress_titles_desc":"","_seopress_robots_index":"","site-sidebar-layout":"default","site-content-layout":"","ast-site-content-layout":"default","site-content-style":"default","site-sidebar-style":"default","ast-global-header-display":"","ast-banner-title-visibility":"","ast-main-header-display":"","ast-hfb-above-header-display":"","ast-hfb-below-header-display":"","ast-hfb-mobile-header-display":"","site-post-title":"","ast-breadcrumbs-content":"","ast-featured-img":"","footer-sml-layout":"","ast-disable-related-posts":"","theme-transparent-header-meta":"default","adv-header-id-meta":"","stick-header-meta":"default","header-above-stick-meta":"","header-main-stick-meta":"","header-below-stick-meta":"","astra-migrate-meta-layouts":"set","ast-page-background-enabled":"default","ast-page-background-meta":{"desktop":{"background-color":"var(--ast-global-color-4)","background-image":"","background-repeat":"repeat","background-position":"center center","background-size":"auto","background-attachment":"scroll","background-type":"","background-media":"","overlay-type":"","overlay-color":"","overlay-opacity":"","overlay-gradient":""},"tablet":{"background-color":"","background-image":"","background-repeat":"repeat","background-position":"center center","background-size":"auto","background-attachment":"scroll","background-type":"","background-media":"","overlay-type":"","overlay-color":"","overlay-opacity":"","overlay-gradient":""},"mobile":{"background-color":"","background-image":"","background-repeat":"repeat","background-position":"center center","background-size":"auto","background-attachment":"scroll","background-type":"","background-media":"","overlay-type":"","overlay-color":"","overlay-opacity":"","overlay-gradient":""}},"ast-content-background-meta":{"desktop":{"background-color":"var(--ast-global-color-5)","background-image":"","background-repeat":"repeat","background-position":"center center","background-size":"auto","background-attachment":"scroll","background-type":"","background-media":"","overlay-type":"","overlay-color":"","overlay-opacity":"","overlay-gradient":""},"tablet":{"background-color":"var(--ast-global-color-5)","background-image":"","background-repeat":"repeat","background-position":"center center","background-size":"auto","background-attachment":"scroll","background-type":"","background-media":"","overlay-type":"","overlay-color":"","overlay-opacity":"","overlay-gradient":""},"mobile":{"background-color":"var(--ast-global-color-5)","background-image":"","background-repeat":"repeat","background-position":"center center","background-size":"auto","background-attachment":"scroll","background-type":"","background-media":"","overlay-type":"","overlay-color":"","overlay-opacity":"","overlay-gradient":""}}},"product_brand":[],"product_cat":[32,38],"product_tag":[],"class_list":{"0":"post-61786","1":"product","2":"type-product","3":"status-publish","4":"has-post-thumbnail","6":"product_cat-meble","7":"product_cat-szafy-szafki","8":"product_shipping_class-wysylka-40zl","9":"desktop-align-left","10":"tablet-align-left","11":"mobile-align-left","12":"ast-product-gallery-layout-vertical-slider","13":"ast-product-tabs-layout-horizontal","14":"ast-qv-on-image","16":"first","17":"instock","18":"sold-individually","19":"shipping-taxable","20":"purchasable","21":"product-type-simple"},"_links":{"self":[{"href":"https:\/\/antart.com.pl\/en\/wp-json\/wp\/v2\/product\/61786","targetHints":{"allow":["GET"]}}],"collection":[{"href":"https:\/\/antart.com.pl\/en\/wp-json\/wp\/v2\/product"}],"about":[{"href":"https:\/\/antart.com.pl\/en\/wp-json\/wp\/v2\/types\/product"}],"wp:featuredmedia":[{"embeddable":true,"href":"https:\/\/antart.com.pl\/en\/wp-json\/wp\/v2\/media\/61752"}],"wp:attachment":[{"href":"https:\/\/antart.com.pl\/en\/wp-json\/wp\/v2\/media?parent=61786"}],"wp:term":[{"taxonomy":"product_brand","embeddable":true,"href":"https:\/\/antart.com.pl\/en\/wp-json\/wp\/v2\/product_brand?post=61786"},{"taxonomy":"product_cat","embeddable":true,"href":"https:\/\/antart.com.pl\/en\/wp-json\/wp\/v2\/product_cat?post=61786"},{"taxonomy":"product_tag","embeddable":true,"href":"https:\/\/antart.com.pl\/en\/wp-json\/wp\/v2\/product_tag?post=61786"}],"curies":[{"name":"wp","href":"https:\/\/api.w.org\/{rel}","templated":true}]}}